{"id":4683,"date":"2026-04-05T07:10:33","date_gmt":"2026-04-05T07:10:33","guid":{"rendered":"https:\/\/lyfilter.com\/"},"modified":"2026-04-05T07:10:33","modified_gmt":"2026-04-05T07:10:33","slug":"30-40-inch-pp-spun-water-filter-cartridge-with-core-for-stainless-steel-filter-housing-2","status":"publish","type":"product","link":"https:\/\/lyfilter.com\/fr\/30-40-inch-pp-spun-water-filter-cartridge-with-core-for-stainless-steel-filter-housing-2\/","title":{"rendered":"30 40\u201d Inch PP Spun Water Filter Cartridge With Core For Stainless Steel Filter Housing"},"content":{"rendered":"<p>Con\u00e7ue pour les installations de filtration, cette cartouche fil\u00e9e en PP de 30 \u00e0 40 pouces avec noyau s'adapte solidement aux bo\u00eetiers en acier inoxydable. InversaFilterPurification aide \u00e0 assurer un d\u00e9bit r\u00e9gulier, une eau plus propre et des performances fiables pour la filtration de l'eau.<\/p>","protected":false},"excerpt":{"rendered":"<table>\n<thead>\n<tr>\n<th>Lieu d'origine<\/th>\n<th>Guangdong, Chine<\/th>\n<th>Nom de la marque<\/th>\n<th>Lvyuan \/ OEM<\/th>\n<th>Mat\u00e9riau<\/th>\n<th>polypropyl\u00e8ne<\/th>\n<\/tr>\n<\/thead>\n<tbody>\n<tr>\n<td>Poids<\/td>\n<td>d\u00e9pend<\/td>\n<td>Taille<\/td>\n<td>standard ou personnalisation<\/td>\n<td>Puissance<\/td>\n<td>0<\/td>\n<\/tr>\n<tr>\n<td>Garantie<\/td>\n<td>Indisponible<\/td>\n<td>Nom du produit<\/td>\n<td>Cartouche filtrante en pp de 40 pouces<\/td>\n<td>Taux de micron<\/td>\n<td>Cartouche de filtres 1\/3\/5\/10\/25\/50\/75\/100 microns<\/td>\n<\/tr>\n<tr>\n<td>Certification<\/td>\n<td>CE SGS<\/td>\n<td>application<\/td>\n<td>pi\u00e8ces pour filtres \u00e0 eau, osmose inverse<\/td>\n<td>Longueur<\/td>\n<td>5\u2033, 10\u2033, 20\u2033, 30\u2033, 40\u2033, 50\u201d pouces<\/td>\n<\/tr>\n<tr>\n<td>M\u00e9dia filtrant<\/td>\n<td>Polypropyl\u00e8ne PP fil\u00e9<\/td>\n<td>Capuchon d'extr\u00e9mit\u00e9<\/td>\n<td>DOE\/222Fin\/226Fin\/222Flat\/226Flat<\/td>\n<td>Mat\u00e9riau du joint\/de l'anneau<\/td>\n<td>Silicium\/EPDM\/Viton<\/td>\n<\/tr>\n<tr>\n<td>Utilisation<\/td>\n<td>Filtre \u00e0 cartouche pour liquides<\/td>\n<td>Noyau interne<\/td>\n<td>PP, acier inoxydable, aucun<\/td>\n<td>Service apr\u00e8s-vente<\/td>\n<td>Soutien en ligne<\/td>\n<\/tr>\n<tr>\n<td>Capacit\u00e9 d'approvisionnement<\/td>\n<td>5000 Pi\u00e8ces\/Pi\u00e8ces par jour cartouche filtrante fil\u00e9e<\/td>\n<td><\/td>\n<td><\/td>\n<td><\/td>\n<td><\/td>\n<\/tr>\n<\/tbody>\n<\/table>","protected":false},"featured_media":4691,"comment_status":"open","ping_status":"closed","template":"","meta":{"_gspb_post_css":""},"product_brand":[],"product_cat":[23],"product_tag":[1765,1534,1764,34,1766,1136],"class_list":{"0":"post-4683","1":"product","2":"type-product","3":"status-publish","4":"has-post-thumbnail","6":"product_cat-pp-filter-cartridge","7":"product_tag-30-40-inch-filter-cartridge","8":"product_tag-inversafilterpurification","9":"product_tag-pp-spun-water-filter-cartridge","10":"product_tag-stainless-steel-filter-housing","11":"product_tag-water-filter-cartridge-with-core","12":"product_tag-water-filter-locks","14":"first","15":"instock","16":"shipping-taxable","17":"product-type-simple"},"_links":{"self":[{"href":"https:\/\/lyfilter.com\/fr\/wp-json\/wp\/v2\/product\/4683","targetHints":{"allow":["GET"]}}],"collection":[{"href":"https:\/\/lyfilter.com\/fr\/wp-json\/wp\/v2\/product"}],"about":[{"href":"https:\/\/lyfilter.com\/fr\/wp-json\/wp\/v2\/types\/product"}],"replies":[{"embeddable":true,"href":"https:\/\/lyfilter.com\/fr\/wp-json\/wp\/v2\/comments?post=4683"}],"wp:featuredmedia":[{"embeddable":true,"href":"https:\/\/lyfilter.com\/fr\/wp-json\/wp\/v2\/media\/4691"}],"wp:attachment":[{"href":"https:\/\/lyfilter.com\/fr\/wp-json\/wp\/v2\/media?parent=4683"}],"wp:term":[{"taxonomy":"product_brand","embeddable":true,"href":"https:\/\/lyfilter.com\/fr\/wp-json\/wp\/v2\/product_brand?post=4683"},{"taxonomy":"product_cat","embeddable":true,"href":"https:\/\/lyfilter.com\/fr\/wp-json\/wp\/v2\/product_cat?post=4683"},{"taxonomy":"product_tag","embeddable":true,"href":"https:\/\/lyfilter.com\/fr\/wp-json\/wp\/v2\/product_tag?post=4683"}],"curies":[{"name":"wp","href":"https:\/\/api.w.org\/{rel}","templated":true}]}}