{"id":4679,"date":"2026-04-05T07:06:05","date_gmt":"2026-04-05T07:06:05","guid":{"rendered":"https:\/\/lyfilter.com\/"},"modified":"2026-04-05T07:06:05","modified_gmt":"2026-04-05T07:06:05","slug":"lvyuan-carbon-block-filter-cartridge-factory-for-industry","status":"publish","type":"product","link":"https:\/\/lyfilter.com\/fr\/lvyuan-carbon-block-filter-cartridge-factory-for-industry\/","title":{"rendered":"Lvyuan Carbon Block Filter Cartridge Factory pour l'industrie"},"content":{"rendered":"<p>Con\u00e7ue pour les besoins de la filtration industrielle, la cartouche de filtre \u00e0 bloc de carbone de Lvyuan permet d'obtenir une eau plus propre, un d\u00e9bit r\u00e9gulier et un ajustement s\u00fbr. InversaFilterPurification aide les acheteurs \u00e0 choisir des pi\u00e8ces durables qui fonctionnent sans probl\u00e8me dans les syst\u00e8mes quotidiens.<\/p>","protected":false},"excerpt":{"rendered":"<table>\n<thead>\n<tr>\n<th>Industries concern\u00e9es<\/th>\n<th>Usine de fabrication, usine de produits alimentaires et de boissons, traitement de l'eau<\/th>\n<th>Service apr\u00e8s-vente<\/th>\n<th>Soutien en ligne<\/th>\n<th>Lieu de service local<\/th>\n<th>aucun<\/th>\n<\/tr>\n<\/thead>\n<tbody>\n<tr>\n<td>Emplacement de la salle d'exposition<\/td>\n<td>aucun<\/td>\n<td>Lieu d'origine<\/td>\n<td>Guangdong, Chine<\/td>\n<td>Nom de la marque<\/td>\n<td>Lvyuan ou OEM\/ ODM<\/td>\n<\/tr>\n<tr>\n<td>Mat\u00e9riau<\/td>\n<td>carbone de noix de coco, carbone de noix de coco, carbone de charbon<\/td>\n<td>Poids<\/td>\n<td>personnalis\u00e9<\/td>\n<td>Taille<\/td>\n<td>personnalis\u00e9, personnalis\u00e9<\/td>\n<\/tr>\n<tr>\n<td>Puissance<\/td>\n<td>0<\/td>\n<td>Garantie<\/td>\n<td>Indisponible<\/td>\n<td>Mots cl\u00e9s<\/td>\n<td>filtres charbon actif<\/td>\n<\/tr>\n<tr>\n<td>Service apr\u00e8s-vente<\/td>\n<td>Soutien en ligne<\/td>\n<td>Fonctionnalit\u00e9<\/td>\n<td>\u00e9liminer les odeurs, les s\u00e9diments, les odeurs, etc.<\/td>\n<td>Application<\/td>\n<td>Pr\u00e9filtration<\/td>\n<\/tr>\n<tr>\n<td>Couleur<\/td>\n<td>Noir\/gris<\/td>\n<td>Type<\/td>\n<td>Pi\u00e8ces d\u00e9tach\u00e9es pour filtres \u00e0 eau<\/td>\n<td>Diam\u00e8tre<\/td>\n<td>personnalis\u00e9<\/td>\n<\/tr>\n<tr>\n<td>taux de micron<\/td>\n<td>5\/10\/25 micron<\/td>\n<td>Capacit\u00e9 d'approvisionnement<\/td>\n<td>500 pi\u00e8ces par semaine<\/td>\n<td><\/td>\n<td><\/td>\n<\/tr>\n<\/tbody>\n<\/table>","protected":false},"featured_media":4680,"comment_status":"open","ping_status":"closed","template":"","meta":{"_gspb_post_css":""},"product_brand":[],"product_cat":[1339],"product_tag":[1259,1763,1534,1258,1136,1753],"class_list":{"0":"post-4679","1":"product","2":"type-product","3":"status-publish","4":"has-post-thumbnail","6":"product_cat-carbon-filter","7":"product_tag-carbon-block-water-filter","8":"product_tag-industrial-filter-cartridge-factory","9":"product_tag-inversafilterpurification","10":"product_tag-lvyuan-carbon-block-filter-cartridge","11":"product_tag-water-filter-locks","12":"product_tag-water-filtration-supplier","14":"first","15":"instock","16":"shipping-taxable","17":"product-type-simple"},"_links":{"self":[{"href":"https:\/\/lyfilter.com\/fr\/wp-json\/wp\/v2\/product\/4679","targetHints":{"allow":["GET"]}}],"collection":[{"href":"https:\/\/lyfilter.com\/fr\/wp-json\/wp\/v2\/product"}],"about":[{"href":"https:\/\/lyfilter.com\/fr\/wp-json\/wp\/v2\/types\/product"}],"replies":[{"embeddable":true,"href":"https:\/\/lyfilter.com\/fr\/wp-json\/wp\/v2\/comments?post=4679"}],"wp:featuredmedia":[{"embeddable":true,"href":"https:\/\/lyfilter.com\/fr\/wp-json\/wp\/v2\/media\/4680"}],"wp:attachment":[{"href":"https:\/\/lyfilter.com\/fr\/wp-json\/wp\/v2\/media?parent=4679"}],"wp:term":[{"taxonomy":"product_brand","embeddable":true,"href":"https:\/\/lyfilter.com\/fr\/wp-json\/wp\/v2\/product_brand?post=4679"},{"taxonomy":"product_cat","embeddable":true,"href":"https:\/\/lyfilter.com\/fr\/wp-json\/wp\/v2\/product_cat?post=4679"},{"taxonomy":"product_tag","embeddable":true,"href":"https:\/\/lyfilter.com\/fr\/wp-json\/wp\/v2\/product_tag?post=4679"}],"curies":[{"name":"wp","href":"https:\/\/api.w.org\/{rel}","templated":true}]}}