{"id":4662,"date":"2026-04-05T06:49:02","date_gmt":"2026-04-05T06:49:02","guid":{"rendered":"https:\/\/lyfilter.com\/"},"modified":"2026-04-05T06:49:02","modified_gmt":"2026-04-05T06:49:02","slug":"lvyuan-water-filter-wholesaler-for-industrysafe-carbon-block-filter-cartridge-exporter-for-water-purifier","status":"publish","type":"product","link":"https:\/\/lyfilter.com\/fr\/lvyuan-water-filter-wholesaler-for-industrysafe-carbon-block-filter-cartridge-exporter-for-water-purifier\/","title":{"rendered":"Lvyuan Water Filter Wholesaler For Industrysafe Carbon Block Filter Cartridge Exporter For Water Purifier (Filtre \u00e0 eau pour purificateur d'eau)"},"content":{"rendered":"<p><b>Avantages pour l'entreprise<\/b><br \/>\n<b>1.<\/b>\u00a0La cartouche de filtre \u00e0 charbon actif de Lvyuan est fabriqu\u00e9e \u00e0 partir de mat\u00e9riaux de premi\u00e8re qualit\u00e9 et par des travailleurs professionnels. Des configurations de capuchons d'extr\u00e9mit\u00e9 personnalis\u00e9es sont disponibles pour r\u00e9pondre \u00e0 des exigences sp\u00e9cifiques.<br \/>\n<b>2.<\/b>\u00a0L'attention port\u00e9e \u00e0 la qualit\u00e9 est \u00e9galement un facteur qui contribue \u00e0 la haute qualit\u00e9 de la cartouche filtrante \u00e0 bloc de carbone. Elle pr\u00e9sente une grande surface de filtration efficace<br \/>\n<b>3.<\/b>\u00a0La cartouche filtrante \u00e0 charbon actif optimise les fonctions de la cartouche filtrante \u00e0 charbon et en am\u00e9liore l'efficacit\u00e9. Elle est con\u00e7ue avec des pores gradu\u00e9s pour aider \u00e0 pi\u00e9ger les contaminants sur l'ensemble de la section transversale pour une meilleure efficacit\u00e9.<br \/>\n<b>4.<\/b>\u00a0Lvyuan adopte une exp\u00e9rience de d\u00e9veloppement avanc\u00e9e pour faciliter l'entretien de la cartouche filtrante \u00e0 bloc de carbone. Son milieu filtrant est personnalisable en fonction des diff\u00e9rentes qualit\u00e9s d'eau dans l'application.<\/p>","protected":false},"excerpt":{"rendered":"<table>\n<thead>\n<tr>\n<th>Industries concern\u00e9es<\/th>\n<th>Usine de fabrication, usine de produits alimentaires et de boissons, traitement de l'eau<\/th>\n<th>Service apr\u00e8s-vente<\/th>\n<th>Soutien en ligne<\/th>\n<th>Lieu de service local<\/th>\n<th>aucun<\/th>\n<\/tr>\n<\/thead>\n<tbody>\n<tr>\n<td>Emplacement de la salle d'exposition<\/td>\n<td>aucun<\/td>\n<td>Lieu d'origine<\/td>\n<td>Guangdong, Chine<\/td>\n<td>Nom de la marque<\/td>\n<td>Lvyuan ou OEM\/ ODM<\/td>\n<\/tr>\n<tr>\n<td>Mat\u00e9riau<\/td>\n<td>carbone de noix de coco, carbone de noix de coco, carbone de charbon<\/td>\n<td>Poids<\/td>\n<td>personnalis\u00e9<\/td>\n<td>Taille<\/td>\n<td>personnalis\u00e9, personnalis\u00e9<\/td>\n<\/tr>\n<tr>\n<td>Puissance<\/td>\n<td>0<\/td>\n<td>Garantie<\/td>\n<td>Indisponible<\/td>\n<td>Mots cl\u00e9s<\/td>\n<td>charbon actif filtre en coquille de noix de coco<\/td>\n<\/tr>\n<tr>\n<td>Service apr\u00e8s-vente<\/td>\n<td>Soutien en ligne<\/td>\n<td>Fonctionnalit\u00e9<\/td>\n<td>\u00e9liminer les odeurs, les s\u00e9diments, les odeurs, etc.<\/td>\n<td>Application<\/td>\n<td>Pr\u00e9filtration<\/td>\n<\/tr>\n<tr>\n<td>Couleur<\/td>\n<td>Noir\/gris<\/td>\n<td>Type<\/td>\n<td>Pi\u00e8ces d\u00e9tach\u00e9es pour filtres \u00e0 eau<\/td>\n<td>Diam\u00e8tre<\/td>\n<td>personnalis\u00e9<\/td>\n<\/tr>\n<tr>\n<td>taux de micron<\/td>\n<td>5\/10\/25 micron<\/td>\n<td>Capacit\u00e9 d'approvisionnement<\/td>\n<td>500 pi\u00e8ces par semaine<\/td>\n<td><\/td>\n<td><\/td>\n<\/tr>\n<\/tbody>\n<\/table>","protected":false},"featured_media":4665,"comment_status":"open","ping_status":"closed","template":"","meta":{"_gspb_post_css":""},"product_brand":[],"product_cat":[1339],"product_tag":[1755,38,1534,1176,1136,1756],"class_list":{"0":"post-4662","1":"product","2":"type-product","3":"status-publish","4":"has-post-thumbnail","6":"product_cat-carbon-filter","7":"product_tag-carbon-block-filter-cartridge","8":"product_tag-industrial-water-filtration","9":"product_tag-inversafilterpurification","10":"product_tag-lvyuan-water-filter","11":"product_tag-water-filter-locks","12":"product_tag-water-purifier-filter-exporter","14":"first","15":"instock","16":"shipping-taxable","17":"product-type-simple"},"_links":{"self":[{"href":"https:\/\/lyfilter.com\/fr\/wp-json\/wp\/v2\/product\/4662","targetHints":{"allow":["GET"]}}],"collection":[{"href":"https:\/\/lyfilter.com\/fr\/wp-json\/wp\/v2\/product"}],"about":[{"href":"https:\/\/lyfilter.com\/fr\/wp-json\/wp\/v2\/types\/product"}],"replies":[{"embeddable":true,"href":"https:\/\/lyfilter.com\/fr\/wp-json\/wp\/v2\/comments?post=4662"}],"wp:featuredmedia":[{"embeddable":true,"href":"https:\/\/lyfilter.com\/fr\/wp-json\/wp\/v2\/media\/4665"}],"wp:attachment":[{"href":"https:\/\/lyfilter.com\/fr\/wp-json\/wp\/v2\/media?parent=4662"}],"wp:term":[{"taxonomy":"product_brand","embeddable":true,"href":"https:\/\/lyfilter.com\/fr\/wp-json\/wp\/v2\/product_brand?post=4662"},{"taxonomy":"product_cat","embeddable":true,"href":"https:\/\/lyfilter.com\/fr\/wp-json\/wp\/v2\/product_cat?post=4662"},{"taxonomy":"product_tag","embeddable":true,"href":"https:\/\/lyfilter.com\/fr\/wp-json\/wp\/v2\/product_tag?post=4662"}],"curies":[{"name":"wp","href":"https:\/\/api.w.org\/{rel}","templated":true}]}}