{"id":4653,"date":"2026-04-05T06:43:27","date_gmt":"2026-04-05T06:43:27","guid":{"rendered":"https:\/\/lyfilter.com\/"},"modified":"2026-04-05T06:43:27","modified_gmt":"2026-04-05T06:43:27","slug":"industrial-large-flux-cartridges-pleated-cartridge-filter-high-flow-filter-cartridge-for-r-o-water-purification-system","status":"publish","type":"product","link":"https:\/\/lyfilter.com\/fr\/industrial-large-flux-cartridges-pleated-cartridge-filter-high-flow-filter-cartridge-for-r-o-water-purification-system\/","title":{"rendered":"Cartouches industrielles \u00e0 grand flux Cartouche filtrante pliss\u00e9e Cartouche filtrante \u00e0 grand d\u00e9bit pour syst\u00e8me de purification d'eau R.O."},"content":{"rendered":"<p>Con\u00e7ue pour r\u00e9pondre aux besoins de filtration les plus exigeants, cette cartouche pliss\u00e9e \u00e0 haut d\u00e9bit permet de purifier l'eau R.O. gr\u00e2ce \u00e0 des performances r\u00e9guli\u00e8res, une grande capacit\u00e9 de flux et un ajustement s\u00fbr qui aide \u00e0 maintenir les syst\u00e8mes d'eau industriels plus propres pendant de longues p\u00e9riodes.<\/p>","protected":false},"excerpt":{"rendered":"<table>\n<thead>\n<tr>\n<th>Champ d'application<\/th>\n<th>Valeur<\/th>\n<\/tr>\n<\/thead>\n<tbody>\n<tr>\n<td>Service apr\u00e8s-vente<\/td>\n<td>Soutien en ligne<\/td>\n<\/tr>\n<tr>\n<td>Lieu de service local<\/td>\n<td>aucun<\/td>\n<\/tr>\n<tr>\n<td>Emplacement de la salle d'exposition<\/td>\n<td>aucun<\/td>\n<\/tr>\n<tr>\n<td>Vid\u00e9o de l'inspection de sortie<\/td>\n<td>Fourni<\/td>\n<\/tr>\n<tr>\n<td>Rapport d'essai des machines<\/td>\n<td>Non disponible<\/td>\n<\/tr>\n<tr>\n<td>Type de marketing<\/td>\n<td>Produit ordinaire<\/td>\n<\/tr>\n<tr>\n<td>Garantie des composants de base<\/td>\n<td>Non disponible<\/td>\n<\/tr>\n<tr>\n<td>Lieu d'origine<\/td>\n<td>Guangdong, Chine<\/td>\n<\/tr>\n<tr>\n<td>Nom de la marque<\/td>\n<td>Lvyuan \/ OEM<\/td>\n<\/tr>\n<tr>\n<td>Mat\u00e9riau<\/td>\n<td>carton<\/td>\n<\/tr>\n<tr>\n<td>Poids<\/td>\n<td>d\u00e9pend<\/td>\n<\/tr>\n<tr>\n<td>Taille<\/td>\n<td>d\u00e9pend<\/td>\n<\/tr>\n<tr>\n<td>Puissance<\/td>\n<td>0<\/td>\n<\/tr>\n<tr>\n<td>Garantie<\/td>\n<td>Indisponible<\/td>\n<\/tr>\n<tr>\n<td>Nom du produit<\/td>\n<td>cartouche filtrante \u00e0 haut d\u00e9bit<\/td>\n<\/tr>\n<tr>\n<td>Taux de micron<\/td>\n<td>1, 5, 10 \u00e0 100 microns<\/td>\n<\/tr>\n<tr>\n<td>Longueur<\/td>\n<td>20\u2033, 40\u2033, 60\u201d pouces<\/td>\n<\/tr>\n<tr>\n<td>Filtre moyen<\/td>\n<td>PP, PP souffl\u00e9 par fusion, cellulose<\/td>\n<\/tr>\n<tr>\n<td>Code \/ Embout<\/td>\n<td>polypropyl\u00e8ne renforc\u00e9 de fibres de verre<\/td>\n<\/tr>\n<tr>\n<td>Utilisation<\/td>\n<td>\u00e9l\u00e9ments de filtre \u00e0 liquide, pi\u00e8ces de filtre \u00e0 eau<\/td>\n<\/tr>\n<tr>\n<td>Noyau interne<\/td>\n<td>PP ou fibre de verre<\/td>\n<\/tr>\n<tr>\n<td>Certification<\/td>\n<td>CE ISO<\/td>\n<\/tr>\n<tr>\n<td>Diam\u00e8tre<\/td>\n<td>6\u201d, 152mm \/ 6.5\u201d, 165mm<\/td>\n<\/tr>\n<tr>\n<td>Remplacement<\/td>\n<td>P\/ALL PARK\/ER 3\/M<\/td>\n<\/tr>\n<tr>\n<td>Composants essentiels<\/td>\n<td>filtres \u00e0 cartouche pour liquides<\/td>\n<\/tr>\n<tr>\n<td>Capacit\u00e9 d'approvisionnement<\/td>\n<td>5000 Piece\/Pieces par semaine filtre \u00e0 haut d\u00e9bit<\/td>\n<\/tr>\n<\/tbody>\n<\/table>","protected":false},"featured_media":4654,"comment_status":"open","ping_status":"closed","template":"","meta":{"_gspb_post_css":""},"product_brand":[],"product_cat":[20,21],"product_tag":[1226,334,1751,1428,1750,1136],"class_list":{"0":"post-4653","1":"product","2":"type-product","3":"status-publish","4":"has-post-thumbnail","6":"product_cat-high-flow-filter-cartridge","7":"product_cat-pleated-filter-cartridge","8":"product_tag-high-flow-filter-cartridge","9":"product_tag-industrial-water-filter","10":"product_tag-large-flux-cartridge","11":"product_tag-pleated-cartridge-filter","12":"product_tag-r-o-water-purification-system","13":"product_tag-water-filter-locks","15":"first","16":"instock","17":"shipping-taxable","18":"product-type-simple"},"_links":{"self":[{"href":"https:\/\/lyfilter.com\/fr\/wp-json\/wp\/v2\/product\/4653","targetHints":{"allow":["GET"]}}],"collection":[{"href":"https:\/\/lyfilter.com\/fr\/wp-json\/wp\/v2\/product"}],"about":[{"href":"https:\/\/lyfilter.com\/fr\/wp-json\/wp\/v2\/types\/product"}],"replies":[{"embeddable":true,"href":"https:\/\/lyfilter.com\/fr\/wp-json\/wp\/v2\/comments?post=4653"}],"wp:featuredmedia":[{"embeddable":true,"href":"https:\/\/lyfilter.com\/fr\/wp-json\/wp\/v2\/media\/4654"}],"wp:attachment":[{"href":"https:\/\/lyfilter.com\/fr\/wp-json\/wp\/v2\/media?parent=4653"}],"wp:term":[{"taxonomy":"product_brand","embeddable":true,"href":"https:\/\/lyfilter.com\/fr\/wp-json\/wp\/v2\/product_brand?post=4653"},{"taxonomy":"product_cat","embeddable":true,"href":"https:\/\/lyfilter.com\/fr\/wp-json\/wp\/v2\/product_cat?post=4653"},{"taxonomy":"product_tag","embeddable":true,"href":"https:\/\/lyfilter.com\/fr\/wp-json\/wp\/v2\/product_tag?post=4653"}],"curies":[{"name":"wp","href":"https:\/\/api.w.org\/{rel}","templated":true}]}}