{"id":4651,"date":"2026-04-05T06:39:37","date_gmt":"2026-04-05T06:39:37","guid":{"rendered":"https:\/\/lyfilter.com\/"},"modified":"2026-04-05T06:39:37","modified_gmt":"2026-04-05T06:39:37","slug":"reliable-pleated-water-filters-series-for-water","status":"publish","type":"product","link":"https:\/\/lyfilter.com\/fr\/reliable-pleated-water-filters-series-for-water\/","title":{"rendered":"S\u00e9rie de filtres \u00e0 eau pliss\u00e9s fiables pour l'eau"},"content":{"rendered":"<p>Con\u00e7ue pour une filtration fiable de l'eau, cette s\u00e9rie de filtres \u00e0 eau pliss\u00e9s aide \u00e0 capturer les particules tout en maintenant un d\u00e9bit r\u00e9gulier et des performances constantes. Elle permet un traitement plus propre, une r\u00e9duction des besoins de maintenance et un fonctionnement quotidien plus fluide du syst\u00e8me.<\/p>","protected":false},"excerpt":{"rendered":"<table>\n<thead>\n<tr>\n<th>Champ d'application<\/th>\n<th>Valeur<\/th>\n<\/tr>\n<\/thead>\n<tbody>\n<tr>\n<td>Service apr\u00e8s-vente<\/td>\n<td>Soutien en ligne<\/td>\n<\/tr>\n<tr>\n<td>Lieu de service local<\/td>\n<td>aucun<\/td>\n<\/tr>\n<tr>\n<td>Emplacement de la salle d'exposition<\/td>\n<td>aucun<\/td>\n<\/tr>\n<tr>\n<td>Lieu d'origine<\/td>\n<td>Guangdong, Chine<\/td>\n<\/tr>\n<tr>\n<td>Nom de la marque<\/td>\n<td>Lvyuan \/ OEM<\/td>\n<\/tr>\n<tr>\n<td>Mat\u00e9riau<\/td>\n<td>carton<\/td>\n<\/tr>\n<tr>\n<td>Poids<\/td>\n<td>d\u00e9pend<\/td>\n<\/tr>\n<tr>\n<td>Taille<\/td>\n<td>d\u00e9pend<\/td>\n<\/tr>\n<tr>\n<td>Puissance<\/td>\n<td>0<\/td>\n<\/tr>\n<tr>\n<td>Garantie<\/td>\n<td>Indisponible<\/td>\n<\/tr>\n<tr>\n<td>Nom du produit<\/td>\n<td>Cartouche filtrante 10 microns 20 pouces<\/td>\n<\/tr>\n<tr>\n<td>Taux de micron<\/td>\n<td>Cartouche filtrante pliss\u00e9e de 0,1 \u00e0 60 microns<\/td>\n<\/tr>\n<tr>\n<td>Filtre pliss\u00e9 Mat\u00e9riau<\/td>\n<td>PP \/ PTFE \/ PES \/ Nylon 6 \/ PVDF<\/td>\n<\/tr>\n<tr>\n<td>Longueur<\/td>\n<td>5\u2033, 10\u2033, 20\u2033, 30\u2033, 40\u2033 pouces<\/td>\n<\/tr>\n<tr>\n<td>Certification<\/td>\n<td>SGS<\/td>\n<\/tr>\n<tr>\n<td>M\u00e9dia filtrant<\/td>\n<td>Membrane en polypropyl\u00e8ne<\/td>\n<\/tr>\n<tr>\n<td>Capuchon d'extr\u00e9mit\u00e9<\/td>\n<td>DOE,222+Fin,222+Flat,226+Fin,226+Flat<\/td>\n<\/tr>\n<tr>\n<td>Mat\u00e9riau du joint\/de l'anneau<\/td>\n<td>Silicium\/EPDM\/NBR\/Viton\/Tflon<\/td>\n<\/tr>\n<tr>\n<td>Utilisation<\/td>\n<td>gaz, filtre \u00e0 eau Cartouche<\/td>\n<\/tr>\n<tr>\n<td>Noyau interne<\/td>\n<td>PP \/ acier inoxydable<\/td>\n<\/tr>\n<tr>\n<td>Capacit\u00e9 d'approvisionnement<\/td>\n<td>5000 Pi\u00e8ces\/Pi\u00e8ces par jour Cartouche filtrante de 0,1 micron<\/td>\n<\/tr>\n<\/tbody>\n<\/table>","protected":false},"featured_media":4652,"comment_status":"open","ping_status":"closed","template":"","meta":{"_gspb_post_css":""},"product_brand":[],"product_cat":[21],"product_tag":[334,1534,1698,814,1748,1749],"class_list":{"0":"post-4651","1":"product","2":"type-product","3":"status-publish","4":"has-post-thumbnail","6":"product_cat-pleated-filter-cartridge","7":"product_tag-industrial-water-filter","8":"product_tag-inversafilterpurification","9":"product_tag-pleated-purification-filter","10":"product_tag-pleated-water-filter-cartridge","11":"product_tag-reliable-pleated-water-filters","12":"product_tag-water-filtration-filter-series","14":"first","15":"instock","16":"shipping-taxable","17":"product-type-simple"},"_links":{"self":[{"href":"https:\/\/lyfilter.com\/fr\/wp-json\/wp\/v2\/product\/4651","targetHints":{"allow":["GET"]}}],"collection":[{"href":"https:\/\/lyfilter.com\/fr\/wp-json\/wp\/v2\/product"}],"about":[{"href":"https:\/\/lyfilter.com\/fr\/wp-json\/wp\/v2\/types\/product"}],"replies":[{"embeddable":true,"href":"https:\/\/lyfilter.com\/fr\/wp-json\/wp\/v2\/comments?post=4651"}],"wp:featuredmedia":[{"embeddable":true,"href":"https:\/\/lyfilter.com\/fr\/wp-json\/wp\/v2\/media\/4652"}],"wp:attachment":[{"href":"https:\/\/lyfilter.com\/fr\/wp-json\/wp\/v2\/media?parent=4651"}],"wp:term":[{"taxonomy":"product_brand","embeddable":true,"href":"https:\/\/lyfilter.com\/fr\/wp-json\/wp\/v2\/product_brand?post=4651"},{"taxonomy":"product_cat","embeddable":true,"href":"https:\/\/lyfilter.com\/fr\/wp-json\/wp\/v2\/product_cat?post=4651"},{"taxonomy":"product_tag","embeddable":true,"href":"https:\/\/lyfilter.com\/fr\/wp-json\/wp\/v2\/product_tag?post=4651"}],"curies":[{"name":"wp","href":"https:\/\/api.w.org\/{rel}","templated":true}]}}