{"id":4642,"date":"2026-04-05T06:36:36","date_gmt":"2026-04-05T06:36:36","guid":{"rendered":"https:\/\/lyfilter.com\/"},"modified":"2026-04-05T06:36:36","modified_gmt":"2026-04-05T06:36:36","slug":"oem-odm-stainless-steel-powder-sintered-filter-cartridge-water-filter-system","status":"publish","type":"product","link":"https:\/\/lyfilter.com\/fr\/oem-odm-stainless-steel-powder-sintered-filter-cartridge-water-filter-system\/","title":{"rendered":"Cartouche de filtre fritt\u00e9 en poudre d'acier inoxydable OEM\/ODM Syst\u00e8me de filtre \u00e0 eau"},"content":{"rendered":"<p>Con\u00e7u pour une filtration fiable, ce syst\u00e8me de cartouche filtrante fritt\u00e9e en poudre d'acier inoxydable offre un d\u00e9bit r\u00e9gulier, un contr\u00f4le rigoureux des particules et une longue dur\u00e9e de vie. Sa flexibilit\u00e9 OEM et ODM permet de purifier l'eau en toute confiance.<\/p>","protected":false},"excerpt":{"rendered":"<table>\n<thead>\n<tr>\n<th>Champ d'application<\/th>\n<th>Valeur<\/th>\n<\/tr>\n<\/thead>\n<tbody>\n<tr>\n<td>Service apr\u00e8s-vente<\/td>\n<td>Soutien en ligne<\/td>\n<\/tr>\n<tr>\n<td>Lieu de service local<\/td>\n<td>aucun<\/td>\n<\/tr>\n<tr>\n<td>Emplacement de la salle d'exposition<\/td>\n<td>aucun<\/td>\n<\/tr>\n<tr>\n<td>Vid\u00e9o de l'inspection de sortie<\/td>\n<td>Fourni<\/td>\n<\/tr>\n<tr>\n<td>Rapport d'essai des machines<\/td>\n<td>Fourni<\/td>\n<\/tr>\n<tr>\n<td>Type de marketing<\/td>\n<td>Produit ordinaire<\/td>\n<\/tr>\n<tr>\n<td>Garantie des composants de base<\/td>\n<td>1 an<\/td>\n<\/tr>\n<tr>\n<td>Composants essentiels<\/td>\n<td>R\u00e9servoir sous pression<\/td>\n<\/tr>\n<tr>\n<td>Lieu d'origine<\/td>\n<td>Guangdong, Chine<\/td>\n<\/tr>\n<tr>\n<td>Nom de la marque<\/td>\n<td>Lvyuan\/OEM<\/td>\n<\/tr>\n<tr>\n<td>Garantie<\/td>\n<td>1 an<\/td>\n<\/tr>\n<tr>\n<td>Service apr\u00e8s-vente<\/td>\n<td>Soutien en ligne<\/td>\n<\/tr>\n<tr>\n<td>Mots cl\u00e9s<\/td>\n<td>cartouche filtrante fritt\u00e9e en poudre d'acier inoxydable<\/td>\n<\/tr>\n<tr>\n<td>Diam\u00e8tre<\/td>\n<td>Demande du client<\/td>\n<\/tr>\n<tr>\n<td>Mat\u00e9riau<\/td>\n<td>acier inoxydable<\/td>\n<\/tr>\n<tr>\n<td>Forme<\/td>\n<td>cylindre<\/td>\n<\/tr>\n<tr>\n<td>Utilisation<\/td>\n<td>traitement de l'eau<\/td>\n<\/tr>\n<tr>\n<td>Application<\/td>\n<td>l'industrie<\/td>\n<\/tr>\n<tr>\n<td>Couleur<\/td>\n<td>argent liquide<\/td>\n<\/tr>\n<tr>\n<td>Emballage<\/td>\n<td>bo\u00eete en papier<\/td>\n<\/tr>\n<tr>\n<td>longueur<\/td>\n<td>10\/20\/30\/40 pouces<\/td>\n<\/tr>\n<tr>\n<td>Avantage<\/td>\n<td>r\u00e9utilisation<\/td>\n<\/tr>\n<tr>\n<td>Capacit\u00e9 d'approvisionnement<\/td>\n<td>10000 pi\u00e8ces par mois<\/td>\n<\/tr>\n<\/tbody>\n<\/table>","protected":false},"featured_media":4650,"comment_status":"open","ping_status":"closed","template":"","meta":{"_gspb_post_css":""},"product_brand":[],"product_cat":[18],"product_tag":[1517,1534,1747,1746,1211,1745],"class_list":{"0":"post-4642","1":"product","2":"type-product","3":"status-publish","4":"has-post-thumbnail","6":"product_cat-sintered-metal-filters","7":"product_tag-industrial-water-purification-filter","8":"product_tag-inversafilterpurification","9":"product_tag-oem-odm-water-filter-system","10":"product_tag-powder-sintered-filter-cartridge","11":"product_tag-stainless-steel-filter-system","12":"product_tag-stainless-steel-sintered-filter-cartridge","14":"first","15":"instock","16":"shipping-taxable","17":"product-type-simple"},"_links":{"self":[{"href":"https:\/\/lyfilter.com\/fr\/wp-json\/wp\/v2\/product\/4642","targetHints":{"allow":["GET"]}}],"collection":[{"href":"https:\/\/lyfilter.com\/fr\/wp-json\/wp\/v2\/product"}],"about":[{"href":"https:\/\/lyfilter.com\/fr\/wp-json\/wp\/v2\/types\/product"}],"replies":[{"embeddable":true,"href":"https:\/\/lyfilter.com\/fr\/wp-json\/wp\/v2\/comments?post=4642"}],"wp:featuredmedia":[{"embeddable":true,"href":"https:\/\/lyfilter.com\/fr\/wp-json\/wp\/v2\/media\/4650"}],"wp:attachment":[{"href":"https:\/\/lyfilter.com\/fr\/wp-json\/wp\/v2\/media?parent=4642"}],"wp:term":[{"taxonomy":"product_brand","embeddable":true,"href":"https:\/\/lyfilter.com\/fr\/wp-json\/wp\/v2\/product_brand?post=4642"},{"taxonomy":"product_cat","embeddable":true,"href":"https:\/\/lyfilter.com\/fr\/wp-json\/wp\/v2\/product_cat?post=4642"},{"taxonomy":"product_tag","embeddable":true,"href":"https:\/\/lyfilter.com\/fr\/wp-json\/wp\/v2\/product_tag?post=4642"}],"curies":[{"name":"wp","href":"https:\/\/api.w.org\/{rel}","templated":true}]}}