{"id":4619,"date":"2026-04-05T06:15:24","date_gmt":"2026-04-05T06:15:24","guid":{"rendered":"https:\/\/lyfilter.com\/"},"modified":"2026-04-05T06:15:24","modified_gmt":"2026-04-05T06:15:24","slug":"150-200-micron-180810mm-ss316l-single-bag-filter-housings","status":"publish","type":"product","link":"https:\/\/lyfilter.com\/fr\/150-200-micron-180810mm-ss316l-single-bag-filter-housings\/","title":{"rendered":"150 200 Micron 180*810mm SS316L Bo\u00eetiers de filtre \u00e0 poche unique"},"content":{"rendered":"<div id=\"ali-anchor-AliMagic-irt6i0\" class=\"magic-0\" data-section=\"AliMagic-irt6i0\" data-section-title=\"Product Description\"><strong>Bo\u00eetier de filtre \u00e0 poche en acier inoxydable \u00e0 entr\u00e9e par le haut avec 1 5 10 25 50 75 100 150 200 microns<\/strong><\/div>\n<div class=\"magic-0\" data-section=\"AliMagic-irt6i0\" data-section-title=\"Product Description\"><\/div>\n<div class=\"icbu-pc-images magic-1\">\n<div class=\"flex-layout-v\">\n<div class=\"flex-layout-h magic-1\">\n<div class=\"magic-2\">Le bo\u00eetier de filtre \u00e0 manches est un type d'\u00e9quipement de filtration polyvalent dot\u00e9 d'une structure originale, d'une petite taille, d'un fonctionnement simple et flexible, d'une \u00e9conomie d'\u00e9nergie, d'une grande efficacit\u00e9, d'un travail \u00e9tanche \u00e0 l'air et d'une forte capacit\u00e9 d'application. Le bo\u00eetier de filtre \u00e0 manche est un nouveau type de syst\u00e8me de filtration. \u00c0 l'int\u00e9rieur du bo\u00eetier du filtre \u00e0 poches, la poche filtrante est soutenue par un panier en maille m\u00e9tallique. Le liquide entre par l'entr\u00e9e et sort par la sortie apr\u00e8s avoir \u00e9t\u00e9 filtr\u00e9 par le sac filtrant. Les impuret\u00e9s sont intercept\u00e9es dans le sac filtrant et peuvent \u00eatre utilis\u00e9es en continu apr\u00e8s le remplacement du sac filtrant.<\/div>\n<div class=\"magic-2\"><\/div>\n<div class=\"magic-2\"><strong>Fonctionnalit\u00e9 :<\/strong><\/div>\n<div class=\"magic-2\"><\/div>\n<div class=\"magic-2\">\n<ul>\n<li>Le bo\u00eetier du filtre \u00e0 manches a une structure compacte et une taille raisonnable. L'installation et le fonctionnement sont simples, pratiques et occupent un espace r\u00e9duit.<\/li>\n<li>Le bo\u00eetier du filtre \u00e0 poches a une grande pr\u00e9cision de filtration, convient \u00e0 toutes les particules fines ou mati\u00e8res en suspension, et la plage de filtration peut aller de 0,5 \u00e0 100 microns.<\/li>\n<li>Le d\u00e9bit de traitement par unit\u00e9 de surface de filtration est important, la r\u00e9sistance de filtration est faible et l'efficacit\u00e9 de filtration est \u00e9lev\u00e9e. La fonction de filtration d'un sac filtrant pour liquides est \u00e9quivalente \u00e0 5 \u00e0 10 fois celle d'un sac filtrant pour liquides.\u00a0<a href=\"https:\/\/lyfilter.com\/fr\/products.html\/\">\u00e9l\u00e9ment filtrant<\/a>, Le flux de conception peut r\u00e9pondre aux exigences de 1~500m3\/h, et le co\u00fbt est faible.<\/li>\n<li>Le bo\u00eetier du filtre \u00e0 manches a une large gamme d'utilisations, qui peuvent \u00eatre utilis\u00e9es pour la filtration grossi\u00e8re, la filtration interm\u00e9diaire ou la filtration fine ; lorsque le m\u00eame effet de filtration est atteint, compar\u00e9 au filtre fin \u00e0 plaques et \u00e0 cadres, \u00e0 l'\u00e9l\u00e9ment filtrant et \u00e0 d'autres \u00e9quipements, le co\u00fbt d'investissement est plus faible et la dur\u00e9e de vie est Les avantages d'une longue dur\u00e9e et d'un faible co\u00fbt de filtration.<\/li>\n<\/ul>\n<\/div>\n<\/div>\n<\/div>\n<\/div>","protected":false},"excerpt":{"rendered":"<table>\n<thead>\n<tr>\n<th>Champ d'application<\/th>\n<th>Valeur<\/th>\n<\/tr>\n<\/thead>\n<tbody>\n<tr>\n<td>Port de d\u00e9part<\/td>\n<td>Guangzhou<\/td>\n<\/tr>\n<tr>\n<td>Capacit\u00e9 de production<\/td>\n<td>10000 unit\u00e9s\/mois<\/td>\n<\/tr>\n<tr>\n<td>Lieu d'origine<\/td>\n<td>Guangdong, Chine<\/td>\n<\/tr>\n<tr>\n<td>Paiement<\/td>\n<td>T\/T<\/td>\n<\/tr>\n<tr>\n<td>MOQ<\/td>\n<td>1 pi\u00e8ce<\/td>\n<\/tr>\n<tr>\n<td>Mod\u00e8le<\/td>\n<td>LY-HFPL-7<\/td>\n<\/tr>\n<tr>\n<td>D\u00e9lai de livraison<\/td>\n<td>Dans les 7 jours ouvrables<\/td>\n<\/tr>\n<tr>\n<td>Certification<\/td>\n<td>ISO 9001<\/td>\n<\/tr>\n<tr>\n<td>Marque<\/td>\n<td>OEM\/Lvyuan<\/td>\n<\/tr>\n<\/tbody>\n<\/table>","protected":false},"featured_media":4621,"comment_status":"open","ping_status":"closed","template":"","meta":{"_gspb_post_css":""},"product_brand":[],"product_cat":[15],"product_tag":[1733,1734,1510,1534,1732,1320],"class_list":{"0":"post-4619","1":"product","2":"type-product","3":"status-publish","4":"has-post-thumbnail","6":"product_cat-stainless-steel-filter-housing","7":"product_tag-150-micron-bag-filter-housing","8":"product_tag-200-micron-bag-filter-housing","9":"product_tag-industrial-water-filtration-housing","10":"product_tag-inversafilterpurification","11":"product_tag-ss316l-single-bag-filter-housing","12":"product_tag-stainless-steel-bag-filter","14":"first","15":"instock","16":"shipping-taxable","17":"product-type-simple"},"_links":{"self":[{"href":"https:\/\/lyfilter.com\/fr\/wp-json\/wp\/v2\/product\/4619","targetHints":{"allow":["GET"]}}],"collection":[{"href":"https:\/\/lyfilter.com\/fr\/wp-json\/wp\/v2\/product"}],"about":[{"href":"https:\/\/lyfilter.com\/fr\/wp-json\/wp\/v2\/types\/product"}],"replies":[{"embeddable":true,"href":"https:\/\/lyfilter.com\/fr\/wp-json\/wp\/v2\/comments?post=4619"}],"wp:featuredmedia":[{"embeddable":true,"href":"https:\/\/lyfilter.com\/fr\/wp-json\/wp\/v2\/media\/4621"}],"wp:attachment":[{"href":"https:\/\/lyfilter.com\/fr\/wp-json\/wp\/v2\/media?parent=4619"}],"wp:term":[{"taxonomy":"product_brand","embeddable":true,"href":"https:\/\/lyfilter.com\/fr\/wp-json\/wp\/v2\/product_brand?post=4619"},{"taxonomy":"product_cat","embeddable":true,"href":"https:\/\/lyfilter.com\/fr\/wp-json\/wp\/v2\/product_cat?post=4619"},{"taxonomy":"product_tag","embeddable":true,"href":"https:\/\/lyfilter.com\/fr\/wp-json\/wp\/v2\/product_tag?post=4619"}],"curies":[{"name":"wp","href":"https:\/\/api.w.org\/{rel}","templated":true}]}}