{"id":4608,"date":"2026-04-05T06:07:21","date_gmt":"2026-04-05T06:07:21","guid":{"rendered":"https:\/\/lyfilter.com\/"},"modified":"2026-04-05T06:07:21","modified_gmt":"2026-04-05T06:07:21","slug":"50-micron-filter-bag-oem-by-lvyuan-filter","status":"publish","type":"product","link":"https:\/\/lyfilter.com\/fr\/50-micron-filter-bag-oem-by-lvyuan-filter\/","title":{"rendered":"Sac filtrant de 50 microns OEM de Lvyuan Filter"},"content":{"rendered":"<p><b>D\u00e9tails du sachet-filtre de 50 microns<\/b><\/p>\n<p>&nbsp;<\/p>\n<p><b>Sp\u00e9cification du produit<\/b><\/p>\n<p>Disponibilit\u00e9 : OEM<\/p>\n<p>&nbsp;<\/p>\n<p><b>Description du produit<\/b><\/p>\n<p>Ce sachet-filtre de 50 microns est con\u00e7u \u00e0 partir de mat\u00e9riaux de premi\u00e8re qualit\u00e9, conform\u00e9ment aux normes de qualit\u00e9 internationales. Le produit a des performances stables et peut \u00eatre stock\u00e9 dans de bonnes conditions. L'attention port\u00e9e aux besoins des clients est la pierre angulaire de la croissance continue des performances de Guangzhou Lvyuan Water Purification Equipment Co.<\/p>\n<p><strong>Sac filtrant en acier inoxydable SS 304 316<\/strong><\/p>\n<p>MAT\u00c9RIAU PR\u00c9F\u00c9R\u00c9 POUR LES FILTRES EN ACIER INOXYDABLE 304<\/p>\n<p>Le sac \u00e0 moustiquaire en acier inoxydable est fabriqu\u00e9 en acier inoxydable ind\u00e9formable fil\u00e9 en SUS304 ou SUS316 et tiss\u00e9 en une maille selon les sp\u00e9cifications sp\u00e9cifi\u00e9es, apr\u00e8s thermofixation, il devient une maille monofilament. Le tissage constitue une surface lisse, facile \u00e0 nettoyer et pouvant \u00eatre utilis\u00e9e \u00e0 plusieurs reprises. En m\u00eame temps, il convient \u00e0 la filtration de certains liquides \u00e0 forte teneur en impuret\u00e9s, ce qui r\u00e9duit le co\u00fbt de la filtration.<\/p>\n<p>EXCIPIENTS DE PREMI\u00c8RE QUALIT\u00c9<\/p>\n<p>Des accessoires de bonne qualit\u00e9 sont une condition indispensable \u00e0 la production de sachets-filtres de qualit\u00e9. Ce n'est que gr\u00e2ce \u00e0 notre contr\u00f4le strict des fournisseurs que des accessoires de bonne qualit\u00e9 peuvent \u00eatre s\u00e9lectionn\u00e9s, et ce n'est qu'apr\u00e8s avoir pass\u00e9 les tests de fluorescence et de plastification qu'ils peuvent \u00eatre utilis\u00e9s pour produire des sachets-filtres.<\/p>","protected":false},"excerpt":{"rendered":"<table>\n<thead>\n<tr>\n<th>Champ d'application<\/th>\n<th>Valeur<\/th>\n<\/tr>\n<\/thead>\n<tbody>\n<tr>\n<td>Paiement<\/td>\n<td>T\/T, Alibaba Trade Assurance, paypal<\/td>\n<\/tr>\n<tr>\n<td>Mod\u00e8le<\/td>\n<td>LY-HFPL<\/td>\n<\/tr>\n<tr>\n<td>D\u00e9lai de livraison<\/td>\n<td>Dans les 7 jours ouvrables<\/td>\n<\/tr>\n<tr>\n<td>Certification<\/td>\n<td>ISO 9001<\/td>\n<\/tr>\n<\/tbody>\n<\/table>","protected":false},"featured_media":4609,"comment_status":"open","ping_status":"closed","template":"","meta":{"_gspb_post_css":""},"product_brand":[],"product_cat":[1054],"product_tag":[1726,1728,1534,1242,1727,1729],"class_list":{"0":"post-4608","1":"product","2":"type-product","3":"status-publish","4":"has-post-thumbnail","6":"product_cat-filter-bag","7":"product_tag-50-micron-filter-bag","8":"product_tag-industrial-filter-bag","9":"product_tag-inversafilterpurification","10":"product_tag-lvyuan-filter","11":"product_tag-oem-filter-bag","12":"product_tag-water-filtration-bag","14":"first","15":"instock","16":"shipping-taxable","17":"product-type-simple"},"_links":{"self":[{"href":"https:\/\/lyfilter.com\/fr\/wp-json\/wp\/v2\/product\/4608","targetHints":{"allow":["GET"]}}],"collection":[{"href":"https:\/\/lyfilter.com\/fr\/wp-json\/wp\/v2\/product"}],"about":[{"href":"https:\/\/lyfilter.com\/fr\/wp-json\/wp\/v2\/types\/product"}],"replies":[{"embeddable":true,"href":"https:\/\/lyfilter.com\/fr\/wp-json\/wp\/v2\/comments?post=4608"}],"wp:featuredmedia":[{"embeddable":true,"href":"https:\/\/lyfilter.com\/fr\/wp-json\/wp\/v2\/media\/4609"}],"wp:attachment":[{"href":"https:\/\/lyfilter.com\/fr\/wp-json\/wp\/v2\/media?parent=4608"}],"wp:term":[{"taxonomy":"product_brand","embeddable":true,"href":"https:\/\/lyfilter.com\/fr\/wp-json\/wp\/v2\/product_brand?post=4608"},{"taxonomy":"product_cat","embeddable":true,"href":"https:\/\/lyfilter.com\/fr\/wp-json\/wp\/v2\/product_cat?post=4608"},{"taxonomy":"product_tag","embeddable":true,"href":"https:\/\/lyfilter.com\/fr\/wp-json\/wp\/v2\/product_tag?post=4608"}],"curies":[{"name":"wp","href":"https:\/\/api.w.org\/{rel}","templated":true}]}}