{"id":4599,"date":"2026-04-05T04:08:31","date_gmt":"2026-04-05T04:08:31","guid":{"rendered":"https:\/\/lyfilter.com\/"},"modified":"2026-04-05T04:08:31","modified_gmt":"2026-04-05T04:08:31","slug":"efficient-sintered-filter-elements-highly-rated-for-purify","status":"publish","type":"product","link":"https:\/\/lyfilter.com\/fr\/efficient-sintered-filter-elements-highly-rated-for-purify\/","title":{"rendered":"\u00c9l\u00e9ments filtrants fritt\u00e9s efficaces tr\u00e8s appr\u00e9ci\u00e9s pour la purification"},"content":{"rendered":"<p><b>Avantages pour l'entreprise<\/b><br \/>\n<b>1.<\/b>\u00a0<a href=\"https:\/\/lyfilter.com\/fr\/\">Filtre Lvyuan<\/a>\u00a0Les \u00e9l\u00e9ments filtrants fritt\u00e9s sont fabriqu\u00e9s \u00e0 l'aide d'\u00e9quipements sophistiqu\u00e9s et d'ouvriers qualifi\u00e9s. La couche de support interne est \u00e9troitement li\u00e9e au mat\u00e9riau filtrant, ce qui lui conf\u00e8re une forte r\u00e9sistance aux chocs.<br \/>\n<b>2.<\/b>\u00a0La certification atteste \u00e9galement de la bonne qualit\u00e9 des \u00e9l\u00e9ments filtrants fritt\u00e9s. Avec un grand nombre de trous de fixation coniques \u00e0 l'int\u00e9rieur, il a une grande capacit\u00e9 de r\u00e9tention des impuret\u00e9s.<br \/>\n<b>3.<\/b>\u00a0\u00c9l\u00e9ments filtrants fritt\u00e9s Non seulement le mat\u00e9riau est soigneusement s\u00e9lectionn\u00e9, la fabrication est soign\u00e9e, mais il a \u00e9galement un effet de traction \u00e9lev\u00e9, une grande r\u00e9sistance, d'excellentes performances, une qualit\u00e9 stable et une qualit\u00e9 fiable.<br \/>\n<b>4.<\/b>\u00a0\u00c9l\u00e9ments filtrants fritt\u00e9s Non seulement leur conception est raisonnable, leur structure est simple, ils sont faciles \u00e0 installer et \u00e0 utiliser, mais ils pr\u00e9sentent \u00e9galement une bonne r\u00e9sistance \u00e0 la corrosion, \u00e0 l'usure et aux chocs, ils sont durables et ont une longue dur\u00e9e de vie.<br \/>\n<b>5.<\/b>\u00a0Les \u00e9l\u00e9ments filtrants fritt\u00e9s sont fabriqu\u00e9s en stricte conformit\u00e9 avec les exigences de la r\u00e9glementation relative \u00e0 la gestion de la qualit\u00e9 de la production des flacons de produits cosm\u00e9tiques et ont subi avec succ\u00e8s l'inspection stricte de la qualit\u00e9 par les autorit\u00e9s nationales. Ce sont des produits s\u00fbrs, respectueux de l'environnement et fiables.<\/p>","protected":false},"excerpt":{"rendered":"<table>\n<thead>\n<tr>\n<th>Champ d'application<\/th>\n<th>Valeur<\/th>\n<\/tr>\n<\/thead>\n<tbody>\n<tr>\n<td>Service apr\u00e8s-vente<\/td>\n<td>Soutien en ligne<\/td>\n<\/tr>\n<tr>\n<td>Lieu de service local<\/td>\n<td>aucun<\/td>\n<\/tr>\n<tr>\n<td>Emplacement de la salle d'exposition<\/td>\n<td>aucun<\/td>\n<\/tr>\n<tr>\n<td>Vid\u00e9o de l'inspection de sortie<\/td>\n<td>Fourni<\/td>\n<\/tr>\n<tr>\n<td>Rapport d'essai des machines<\/td>\n<td>Fourni<\/td>\n<\/tr>\n<tr>\n<td>Type de marketing<\/td>\n<td>Produit ordinaire<\/td>\n<\/tr>\n<tr>\n<td>Garantie des composants de base<\/td>\n<td>1 an<\/td>\n<\/tr>\n<tr>\n<td>Composants essentiels<\/td>\n<td>R\u00e9servoir sous pression<\/td>\n<\/tr>\n<tr>\n<td>Lieu d'origine<\/td>\n<td>Guangdong, Chine<\/td>\n<\/tr>\n<tr>\n<td>Nom de la marque<\/td>\n<td>Lvyuan\/OEM<\/td>\n<\/tr>\n<tr>\n<td>Garantie<\/td>\n<td>1 an<\/td>\n<\/tr>\n<tr>\n<td>Service apr\u00e8s-vente<\/td>\n<td>Soutien en ligne<\/td>\n<\/tr>\n<tr>\n<td>Fonctionnalit\u00e9<\/td>\n<td>bonne perm\u00e9abilit\u00e9<\/td>\n<\/tr>\n<tr>\n<td>Longueur<\/td>\n<td>10\/20\/30\/40 pouces ou sur mesure<\/td>\n<\/tr>\n<tr>\n<td>Mat\u00e9riau<\/td>\n<td>maille en acier inoxydable<\/td>\n<\/tr>\n<tr>\n<td>Forme<\/td>\n<td>cylindre<\/td>\n<\/tr>\n<tr>\n<td>Utilisation<\/td>\n<td>traitement de l'eau<\/td>\n<\/tr>\n<tr>\n<td>Application<\/td>\n<td>l'industrie<\/td>\n<\/tr>\n<tr>\n<td>Couleur<\/td>\n<td>argent liquide<\/td>\n<\/tr>\n<tr>\n<td>Emballage<\/td>\n<td>bo\u00eete en papier<\/td>\n<\/tr>\n<tr>\n<td>taux d'\u00e9limination<\/td>\n<td>2 \u00e0 200\u03bcm<\/td>\n<\/tr>\n<tr>\n<td>Avantage<\/td>\n<td>r\u00e9utilisation<\/td>\n<\/tr>\n<tr>\n<td>Capacit\u00e9 d'approvisionnement<\/td>\n<td>500 pi\u00e8ces par jour<\/td>\n<\/tr>\n<\/tbody>\n<\/table>","protected":false},"featured_media":4600,"comment_status":"open","ping_status":"closed","template":"","meta":{"_gspb_post_css":""},"product_brand":[],"product_cat":[20],"product_tag":[1722,1714,1534,1723,1721,1182],"class_list":{"0":"post-4599","1":"product","2":"type-product","3":"status-publish","4":"has-post-thumbnail","6":"product_cat-high-flow-filter-cartridge","7":"product_tag-high-efficiency-filter-element","8":"product_tag-industrial-purification-filter","9":"product_tag-inversafilterpurification","10":"product_tag-porous-metal-filter","11":"product_tag-sintered-filter-elements","12":"product_tag-water-purification-filter","14":"first","15":"instock","16":"shipping-taxable","17":"product-type-simple"},"_links":{"self":[{"href":"https:\/\/lyfilter.com\/fr\/wp-json\/wp\/v2\/product\/4599","targetHints":{"allow":["GET"]}}],"collection":[{"href":"https:\/\/lyfilter.com\/fr\/wp-json\/wp\/v2\/product"}],"about":[{"href":"https:\/\/lyfilter.com\/fr\/wp-json\/wp\/v2\/types\/product"}],"replies":[{"embeddable":true,"href":"https:\/\/lyfilter.com\/fr\/wp-json\/wp\/v2\/comments?post=4599"}],"wp:featuredmedia":[{"embeddable":true,"href":"https:\/\/lyfilter.com\/fr\/wp-json\/wp\/v2\/media\/4600"}],"wp:attachment":[{"href":"https:\/\/lyfilter.com\/fr\/wp-json\/wp\/v2\/media?parent=4599"}],"wp:term":[{"taxonomy":"product_brand","embeddable":true,"href":"https:\/\/lyfilter.com\/fr\/wp-json\/wp\/v2\/product_brand?post=4599"},{"taxonomy":"product_cat","embeddable":true,"href":"https:\/\/lyfilter.com\/fr\/wp-json\/wp\/v2\/product_cat?post=4599"},{"taxonomy":"product_tag","embeddable":true,"href":"https:\/\/lyfilter.com\/fr\/wp-json\/wp\/v2\/product_tag?post=4599"}],"curies":[{"name":"wp","href":"https:\/\/api.w.org\/{rel}","templated":true}]}}