{"id":4591,"date":"2026-04-05T04:01:32","date_gmt":"2026-04-05T04:01:32","guid":{"rendered":"https:\/\/lyfilter.com\/"},"modified":"2026-05-08T01:21:00","modified_gmt":"2026-05-08T01:21:00","slug":"high-end-stainless-steel-multi-cartridge-filter-housing-for-biopharmaceutical","status":"publish","type":"product","link":"https:\/\/lyfilter.com\/fr\/high-end-stainless-steel-multi-cartridge-filter-housing-for-biopharmaceutical\/","title":{"rendered":"Bo\u00eetier de filtre \u00e0 cartouches multiples en acier inoxydable haut de gamme pour l'industrie biopharmaceutique"},"content":{"rendered":"<p>Introduction<\/p>\n<p>Unit\u00e9 de purification de l'huile hydraulique \/ machine de purification de l'huile de cuisson avec filtre \u00e0 1\/2\/3\/4\/5\/6 \u00e9tages tr\u00e8s efficace. Le filtre mobile est compos\u00e9 d'un pr\u00e9filtre, d'une pompe \u00e0 huile et d'une unit\u00e9 de filtration. Le pr\u00e9filtre est constitu\u00e9 d'un filet m\u00e9tallique,<\/p>\n<p>Pour \u00e9viter que de gros solides ne p\u00e9n\u00e8trent dans la pompe, la pompe \u00e0 huile est g\u00e9n\u00e9ralement une pompe \u00e0 engrenages, pour transporter le liquide non purifi\u00e9.<\/p>\n<p>Le dispositif de filtrage est un petit filtre-presse \u00e0 compression manuelle \u00e0 plaques et \u00e0 cadres,<\/p>\n<p>en utilisant un papier filtre sp\u00e9cial comme support de filtration. Sous l'effet de la pression de la pompe \u00e0 huile, l'huile non purifi\u00e9e p\u00e9n\u00e8tre dans le filtre.<\/p>\n<p>Dans le cas d'un filtre-presse \u00e0 plateaux et \u00e0 cadres, l'huile filtr\u00e9e sera pure apr\u00e8s avoir travers\u00e9 le papier-filtre. Les impuret\u00e9s solides pi\u00e9g\u00e9es<\/p>\n<p>dans la surface du papier filtre, une petite quantit\u00e9 d'eau est absorb\u00e9e par le stoma de laine du papier filtre.<\/p>\n<p>La pression est normalement inf\u00e9rieure \u00e0 0,3 MPa, lorsqu'il y a trop de d\u00e9p\u00f4ts d'impuret\u00e9s sur la surface du papier filtre,<\/p>\n<p>la pression du filtre est port\u00e9e \u00e0 0,35 MPa, ou lorsque l'humidit\u00e9 d'absorption du papier filtre est proche de la saturation<\/p>\n<p>l'humidit\u00e9 r\u00e9siduelle dans le filtre \u00e0 huile ne tombe plus, il faut remplacer le papier filtre. Lorsque l'huile a une<\/p>\n<p>Si la viscosit\u00e9 de l'huile est \u00e9lev\u00e9e, il est possible de la pr\u00e9chauffer \u00e0 nouveau afin de r\u00e9duire la viscosit\u00e9 et de la r\u00e9utiliser.<\/p>\n<p>peut \u00e9liminer les impuret\u00e9s solides et une petite quantit\u00e9 d'eau, il convient \u00e0 l'huile \u00e9lectrique g\u00e9n\u00e9rale et \u00e0 la vapeur d'eau.<\/p>\n<p>le raffinage des huiles lubrifiantes.<\/p>","protected":false},"excerpt":{"rendered":"<table>\n<thead>\n<tr>\n<th>Champ d'application<\/th>\n<th>Valeur<\/th>\n<\/tr>\n<\/thead>\n<tbody>\n<tr>\n<td>Industries concern\u00e9es<\/td>\n<td>Ateliers de r\u00e9paration de machines, Usine de produits alimentaires et de boissons, Restaurant, Magasin d'alimentation, \u00c9nergie et mines, Magasins de produits alimentaires et de boissons<\/td>\n<\/tr>\n<tr>\n<td>Lieu d'origine<\/td>\n<td>Guangdong, Chine<\/td>\n<\/tr>\n<tr>\n<td>Nom de la marque<\/td>\n<td>Lvyuan\/OEM<\/td>\n<\/tr>\n<tr>\n<td>Mat\u00e9riau<\/td>\n<td>Sur mesure<\/td>\n<\/tr>\n<tr>\n<td>Poids<\/td>\n<td>Sur mesure<\/td>\n<\/tr>\n<tr>\n<td>Taille<\/td>\n<td>Sur mesure<\/td>\n<\/tr>\n<tr>\n<td>Puissance<\/td>\n<td>Sur mesure<\/td>\n<\/tr>\n<tr>\n<td>Garantie<\/td>\n<td>1 an<\/td>\n<\/tr>\n<tr>\n<td>Service apr\u00e8s-vente<\/td>\n<td>Soutien en ligne<\/td>\n<\/tr>\n<tr>\n<td>Nom du mod\u00e8le<\/td>\n<td>Unit\u00e9 de purification de l'huile hydraulique\/machine de purification de l'huile de cuisson<\/td>\n<\/tr>\n<tr>\n<td>Longueur<\/td>\n<td>10 pouces 20 pouces 30 pouces 40 pouces<\/td>\n<\/tr>\n<tr>\n<td>Utilisation<\/td>\n<td>Filtration huile-eau<\/td>\n<\/tr>\n<tr>\n<td>Mat\u00e9riau du corps principal<\/td>\n<td>Acier inoxydable 304 \/ 316<\/td>\n<\/tr>\n<tr>\n<td>Type de bo\u00eetier de filtre<\/td>\n<td>Tubulaire<\/td>\n<\/tr>\n<tr>\n<td>Principe<\/td>\n<td>Filtration sous pression<\/td>\n<\/tr>\n<tr>\n<td>Les \u00e9tapes<\/td>\n<td>1 - 6 \u00e9tapes<\/td>\n<\/tr>\n<tr>\n<td>Emballage<\/td>\n<td>Emballage net, ou caisse en bois<\/td>\n<\/tr>\n<tr>\n<td>Capacit\u00e9 d'approvisionnement<\/td>\n<td>100 Unit\u00e9\/Unit\u00e9s par jour<\/td>\n<\/tr>\n<\/tbody>\n<\/table>","protected":false},"featured_media":4592,"comment_status":"open","ping_status":"closed","template":"","meta":{"_gspb_post_css":""},"product_brand":[],"product_cat":[15],"product_tag":[1715,1716,1717,1534,1463,34],"class_list":{"0":"post-4591","1":"product","2":"type-product","3":"status-publish","4":"has-post-thumbnail","6":"product_cat-stainless-steel-filter-housing","7":"product_tag-biopharmaceutical-filtration","8":"product_tag-high-purity-filter-housing","9":"product_tag-industrial-water-purification","10":"product_tag-inversafilterpurification","11":"product_tag-multi-cartridge-filter-housing","12":"product_tag-stainless-steel-filter-housing","14":"first","15":"instock","16":"shipping-taxable","17":"product-type-simple"},"_links":{"self":[{"href":"https:\/\/lyfilter.com\/fr\/wp-json\/wp\/v2\/product\/4591","targetHints":{"allow":["GET"]}}],"collection":[{"href":"https:\/\/lyfilter.com\/fr\/wp-json\/wp\/v2\/product"}],"about":[{"href":"https:\/\/lyfilter.com\/fr\/wp-json\/wp\/v2\/types\/product"}],"replies":[{"embeddable":true,"href":"https:\/\/lyfilter.com\/fr\/wp-json\/wp\/v2\/comments?post=4591"}],"wp:featuredmedia":[{"embeddable":true,"href":"https:\/\/lyfilter.com\/fr\/wp-json\/wp\/v2\/media\/4592"}],"wp:attachment":[{"href":"https:\/\/lyfilter.com\/fr\/wp-json\/wp\/v2\/media?parent=4591"}],"wp:term":[{"taxonomy":"product_brand","embeddable":true,"href":"https:\/\/lyfilter.com\/fr\/wp-json\/wp\/v2\/product_brand?post=4591"},{"taxonomy":"product_cat","embeddable":true,"href":"https:\/\/lyfilter.com\/fr\/wp-json\/wp\/v2\/product_cat?post=4591"},{"taxonomy":"product_tag","embeddable":true,"href":"https:\/\/lyfilter.com\/fr\/wp-json\/wp\/v2\/product_tag?post=4591"}],"curies":[{"name":"wp","href":"https:\/\/api.w.org\/{rel}","templated":true}]}}