{"id":4588,"date":"2026-04-05T03:58:40","date_gmt":"2026-04-05T03:58:40","guid":{"rendered":"https:\/\/lyfilter.com\/"},"modified":"2026-04-05T03:58:40","modified_gmt":"2026-04-05T03:58:40","slug":"lvyuan-filter-ss316-filter-housing-factory-price-for-industry","status":"publish","type":"product","link":"https:\/\/lyfilter.com\/fr\/lvyuan-filter-ss316-filter-housing-factory-price-for-industry\/","title":{"rendered":"Lvyuan Filter SS316 Filter Housing Factory Price For Industry"},"content":{"rendered":"<p>Con\u00e7u pour les installations de traitement de l'eau exigeantes, le bo\u00eetier de filtre SS316 de Lvyuan combine une forte r\u00e9sistance \u00e0 la corrosion, une \u00e9tanch\u00e9it\u00e9 fiable et une valeur d'usine directe pour soutenir une filtration fluide dans les lignes de purification industrielles \u00e0 usage quotidien.<\/p>","protected":false},"excerpt":{"rendered":"<table>\n<thead>\n<tr>\n<th>Champ d'application<\/th>\n<th>Valeur<\/th>\n<\/tr>\n<\/thead>\n<tbody>\n<tr>\n<td>Service apr\u00e8s-vente<\/td>\n<td>Soutien en ligne<\/td>\n<\/tr>\n<tr>\n<td>Lieu de service local<\/td>\n<td>aucun<\/td>\n<\/tr>\n<tr>\n<td>Emplacement de la salle d'exposition<\/td>\n<td>aucun<\/td>\n<\/tr>\n<tr>\n<td>Vid\u00e9o de l'inspection de sortie<\/td>\n<td>Fourni<\/td>\n<\/tr>\n<tr>\n<td>Rapport d'essai des machines<\/td>\n<td>Fourni<\/td>\n<\/tr>\n<tr>\n<td>Type de marketing<\/td>\n<td>Produit ordinaire<\/td>\n<\/tr>\n<tr>\n<td>Garantie des composants de base<\/td>\n<td>Non disponible<\/td>\n<\/tr>\n<tr>\n<td>Lieu d'origine<\/td>\n<td>Guangdong, Chine<\/td>\n<\/tr>\n<tr>\n<td>Nom de la marque<\/td>\n<td>Lvyuan \/ OEM<\/td>\n<\/tr>\n<tr>\n<td>Mat\u00e9riau<\/td>\n<td>acier inoxydable<\/td>\n<\/tr>\n<tr>\n<td>Poids<\/td>\n<td>cela d\u00e9pend<\/td>\n<\/tr>\n<tr>\n<td>Taille<\/td>\n<td>cela d\u00e9pend<\/td>\n<\/tr>\n<tr>\n<td>Puissance<\/td>\n<td>0<\/td>\n<\/tr>\n<tr>\n<td>Garantie<\/td>\n<td>1 an<\/td>\n<\/tr>\n<tr>\n<td>Service apr\u00e8s-vente<\/td>\n<td>Soutien en ligne<\/td>\n<\/tr>\n<tr>\n<td>Nom du produit<\/td>\n<td>bo\u00eetier de filtre \u00e0 cartouche sanitaire<\/td>\n<\/tr>\n<tr>\n<td>logement Mat\u00e9riaux<\/td>\n<td>ss304, 316, 316L<\/td>\n<\/tr>\n<tr>\n<td>Quantit\u00e9 de filtres \u00e0 cartouche<\/td>\n<td>1 - 160PCS en option<\/td>\n<\/tr>\n<tr>\n<td>Longueur de la cartouche filtrante<\/td>\n<td>5, 10, 20, 30, 40, 60 pouces, OEM<\/td>\n<\/tr>\n<tr>\n<td>Traitement de surface<\/td>\n<td>Polissage et sablage<\/td>\n<\/tr>\n<tr>\n<td>Type d'installation du bouchon sup\u00e9rieur<\/td>\n<td>Boulons de levage\/type de bride\/type de collier<\/td>\n<\/tr>\n<tr>\n<td>Utilisation<\/td>\n<td>station de traitement des eaux\/liquides<\/td>\n<\/tr>\n<tr>\n<td>Paquet<\/td>\n<td>Coffret en bois<\/td>\n<\/tr>\n<tr>\n<td>Type de connecteur<\/td>\n<td>code 0 3 6 7 8 9<\/td>\n<\/tr>\n<tr>\n<td>Certification<\/td>\n<td>CE ISO SGS<\/td>\n<\/tr>\n<tr>\n<td>Composants essentiels<\/td>\n<td>cuve de filtre \u00e0 cartouche<\/td>\n<\/tr>\n<tr>\n<td>Capacit\u00e9 d'approvisionnement<\/td>\n<td>500 Pi\u00e8ces\/Pi\u00e8ces par mois Bo\u00eetier sanitaire \u00e0 cartouches multiples<\/td>\n<\/tr>\n<\/tbody>\n<\/table>","protected":false},"featured_media":4589,"comment_status":"open","ping_status":"closed","template":"","meta":{"_gspb_post_css":""},"product_brand":[],"product_cat":[15],"product_tag":[1661,1714,1264,1349,34,44],"class_list":{"0":"post-4588","1":"product","2":"type-product","3":"status-publish","4":"has-post-thumbnail","6":"product_cat-stainless-steel-filter-housing","7":"product_tag-factory-price-filter-housing","8":"product_tag-industrial-purification-filter","9":"product_tag-industrial-water-filter-housing","10":"product_tag-lvyuan-ss316-filter-housing","11":"product_tag-stainless-steel-filter-housing","12":"product_tag-water-filtration-system","14":"first","15":"instock","16":"shipping-taxable","17":"product-type-simple"},"_links":{"self":[{"href":"https:\/\/lyfilter.com\/fr\/wp-json\/wp\/v2\/product\/4588","targetHints":{"allow":["GET"]}}],"collection":[{"href":"https:\/\/lyfilter.com\/fr\/wp-json\/wp\/v2\/product"}],"about":[{"href":"https:\/\/lyfilter.com\/fr\/wp-json\/wp\/v2\/types\/product"}],"replies":[{"embeddable":true,"href":"https:\/\/lyfilter.com\/fr\/wp-json\/wp\/v2\/comments?post=4588"}],"wp:featuredmedia":[{"embeddable":true,"href":"https:\/\/lyfilter.com\/fr\/wp-json\/wp\/v2\/media\/4589"}],"wp:attachment":[{"href":"https:\/\/lyfilter.com\/fr\/wp-json\/wp\/v2\/media?parent=4588"}],"wp:term":[{"taxonomy":"product_brand","embeddable":true,"href":"https:\/\/lyfilter.com\/fr\/wp-json\/wp\/v2\/product_brand?post=4588"},{"taxonomy":"product_cat","embeddable":true,"href":"https:\/\/lyfilter.com\/fr\/wp-json\/wp\/v2\/product_cat?post=4588"},{"taxonomy":"product_tag","embeddable":true,"href":"https:\/\/lyfilter.com\/fr\/wp-json\/wp\/v2\/product_tag?post=4588"}],"curies":[{"name":"wp","href":"https:\/\/api.w.org\/{rel}","templated":true}]}}