{"id":4582,"date":"2026-04-05T03:53:37","date_gmt":"2026-04-05T03:53:37","guid":{"rendered":"https:\/\/lyfilter.com\/"},"modified":"2026-05-08T01:26:46","modified_gmt":"2026-05-08T01:26:46","slug":"stainless-steel-304-316l-sterile-air-filter-and-steam-filter-housing","status":"publish","type":"product","link":"https:\/\/lyfilter.com\/fr\/stainless-steel-304-316l-sterile-air-filter-and-steam-filter-housing\/","title":{"rendered":"Filtre \u00e0 air st\u00e9rile et bo\u00eetier de filtre \u00e0 vapeur en acier inoxydable 304 316L"},"content":{"rendered":"<p><strong>Filtre \u00e0 air st\u00e9rile et bo\u00eetier de filtre \u00e0 vapeur en acier inoxydable 304 316L<\/strong><\/p>\n<ul>\n<li>Taille - Veillez \u00e0 ce que le bo\u00eetier corresponde \u00e0 la taille de votre filtre. Les tailles courantes sont 12x24x1, 16x25x1, 20x25x1 pouces. Mesurez votre filtre actuel pour trouver la bonne taille.<\/li>\n<li>Mat\u00e9riau - L'acier inoxydable est durable et facile \u00e0 nettoyer. Veillez \u00e0 ce qu'il s'agisse d'un acier inoxydable de qualit\u00e9 304 ou 316 pour r\u00e9sister \u00e0 la corrosion.<\/li>\n<li>Joint d'\u00e9tanch\u00e9it\u00e9 - Veillez \u00e0 ce que le joint d'\u00e9tanch\u00e9it\u00e9 soit \u00e9tanche pour \u00e9viter les fuites d'air. Les joints en mousse ou en caoutchouc conviennent bien.<\/li>\n<li>Acc\u00e8s - Les bo\u00eetiers dot\u00e9s d'un couvercle amovible ou d'un panneau d'acc\u00e8s lat\u00e9ral facilitent le remplacement des filtres. L'acc\u00e8s par le haut uniquement peut s'av\u00e9rer plus d\u00e9licat.<\/li>\n<li>Montage - Choisissez un bo\u00eetier adapt\u00e9 \u00e0 votre installation - montage horizontal, vertical ou en gaine.<\/li>\n<li>D\u00e9bit d'air - V\u00e9rifiez le d\u00e9bit d'air et assurez-vous qu'il correspond ou d\u00e9passe le d\u00e9bit d'air de votre syst\u00e8me CVC. S'il est trop petit, il limitera le d\u00e9bit d'air.<\/li>\n<li>Pression - Pour les syst\u00e8mes CVC centraux, le bo\u00eetier doit \u00eatre con\u00e7u pour la pression statique requise par le syst\u00e8me.<\/li>\n<li>Fonctionnalit\u00e9s - Des fonctionnalit\u00e9s suppl\u00e9mentaires telles qu'un voyant pour v\u00e9rifier l'\u00e9tat du filtre ou un purgeur d'air manuel pour lib\u00e9rer l'air emprisonn\u00e9 peuvent \u00eatre utiles.<\/li>\n<\/ul>","protected":false},"excerpt":{"rendered":"<table>\n<thead>\n<tr>\n<th>Champ d'application<\/th>\n<th>Valeur<\/th>\n<th>Champ d'application<\/th>\n<th>Valeur<\/th>\n<\/tr>\n<\/thead>\n<tbody>\n<tr>\n<td>Port de d\u00e9part<\/td>\n<td>Guangzhou<\/td>\n<td>Capacit\u00e9 de production<\/td>\n<td>10000 unit\u00e9s\/mois<\/td>\n<\/tr>\n<tr>\n<td>Lieu d'origine<\/td>\n<td>Guangdong, Chine<\/td>\n<td>Paiement<\/td>\n<td>T\/T, Alibaba Trade Assurance, OA<\/td>\n<\/tr>\n<tr>\n<td>MOQ<\/td>\n<td>1 pi\u00e8ce<\/td>\n<td>Mod\u00e8le<\/td>\n<td>LY-FB<\/td>\n<\/tr>\n<tr>\n<td>D\u00e9lai de livraison<\/td>\n<td>Dans les 7 jours ouvrables<\/td>\n<td>Certification<\/td>\n<td>ISO 9001<\/td>\n<\/tr>\n<tr>\n<td>Marque<\/td>\n<td>OEM\/Lvyuan<\/td>\n<td><\/td>\n<td><\/td>\n<\/tr>\n<\/tbody>\n<\/table>","protected":false},"featured_media":4587,"comment_status":"open","ping_status":"closed","template":"","meta":{"_gspb_post_css":""},"product_brand":[],"product_cat":[15],"product_tag":[1680,1534,1356,1646,1210,1713],"class_list":{"0":"post-4582","1":"product","2":"type-product","3":"status-publish","4":"has-post-thumbnail","6":"product_cat-stainless-steel-filter-housing","7":"product_tag-compressed-air-filtration","8":"product_tag-inversafilterpurification","9":"product_tag-stainless-steel-304-filter-housing","10":"product_tag-stainless-steel-316l-filter-housing","11":"product_tag-steam-filter-housing","12":"product_tag-sterile-air-filter-housing","14":"first","15":"instock","16":"shipping-taxable","17":"product-type-simple"},"_links":{"self":[{"href":"https:\/\/lyfilter.com\/fr\/wp-json\/wp\/v2\/product\/4582","targetHints":{"allow":["GET"]}}],"collection":[{"href":"https:\/\/lyfilter.com\/fr\/wp-json\/wp\/v2\/product"}],"about":[{"href":"https:\/\/lyfilter.com\/fr\/wp-json\/wp\/v2\/types\/product"}],"replies":[{"embeddable":true,"href":"https:\/\/lyfilter.com\/fr\/wp-json\/wp\/v2\/comments?post=4582"}],"wp:featuredmedia":[{"embeddable":true,"href":"https:\/\/lyfilter.com\/fr\/wp-json\/wp\/v2\/media\/4587"}],"wp:attachment":[{"href":"https:\/\/lyfilter.com\/fr\/wp-json\/wp\/v2\/media?parent=4582"}],"wp:term":[{"taxonomy":"product_brand","embeddable":true,"href":"https:\/\/lyfilter.com\/fr\/wp-json\/wp\/v2\/product_brand?post=4582"},{"taxonomy":"product_cat","embeddable":true,"href":"https:\/\/lyfilter.com\/fr\/wp-json\/wp\/v2\/product_cat?post=4582"},{"taxonomy":"product_tag","embeddable":true,"href":"https:\/\/lyfilter.com\/fr\/wp-json\/wp\/v2\/product_tag?post=4582"}],"curies":[{"name":"wp","href":"https:\/\/api.w.org\/{rel}","templated":true}]}}