{"id":4569,"date":"2026-04-05T03:37:50","date_gmt":"2026-04-05T03:37:50","guid":{"rendered":"https:\/\/lyfilter.com\/"},"modified":"2026-04-05T03:37:50","modified_gmt":"2026-04-05T03:37:50","slug":"lvyuan-filter-melt-blown-polypropylene-filter-supply-for-water","status":"publish","type":"product","link":"https:\/\/lyfilter.com\/fr\/lvyuan-filter-melt-blown-polypropylene-filter-supply-for-water\/","title":{"rendered":"Lvyuan Filter Melt Blown Polypropylene Filter Supply For Water"},"content":{"rendered":"<p>Le filtre Lvyuan en polypropyl\u00e8ne souffl\u00e9 par fusion est con\u00e7u pour la filtration de l'eau avec un d\u00e9bit r\u00e9gulier et un contr\u00f4le des particules. Il permet de r\u00e9duire les s\u00e9diments, d'obtenir des r\u00e9sultats plus propres et de maintenir le fonctionnement des syst\u00e8mes de traitement gr\u00e2ce \u00e0 des performances pratiques au quotidien.<\/p>","protected":false},"excerpt":{"rendered":"<table>\n<thead>\n<tr>\n<th>Champ d'application<\/th>\n<th>Valeur<\/th>\n<th>Champ d'application<\/th>\n<th>Valeur<\/th>\n<\/tr>\n<\/thead>\n<tbody>\n<tr>\n<td>Lieu d'origine<\/td>\n<td>Guangdong, Chine<\/td>\n<td>Nom de la marque<\/td>\n<td>Lvyuan \/ OEM<\/td>\n<\/tr>\n<tr>\n<td>Num\u00e9ro de mod\u00e8le<\/td>\n<td>S\u00e9rie LY-PPF<\/td>\n<td>Nom du produit<\/td>\n<td>ligne de production de cartouches de filtre \u00e0 charbon actif cto<\/td>\n<\/tr>\n<tr>\n<td>Taux de micron<\/td>\n<td>Cartouche de filtres de 1, 3, 5, 10 et 20 microns<\/td>\n<td>Certification<\/td>\n<td>CE SGS<\/td>\n<\/tr>\n<tr>\n<td>application<\/td>\n<td>pi\u00e8ces pour filtres \u00e0 eau, osmose inverse<\/td>\n<td>Longueur<\/td>\n<td>5\u2033, 10\u2033, 20\u2033, 30\u2033, 40\u2033, 50\u201d pouces<\/td>\n<\/tr>\n<tr>\n<td>M\u00e9dia filtrant<\/td>\n<td>Membrane en polypropyl\u00e8ne PP<\/td>\n<td>Capuchon d'extr\u00e9mit\u00e9<\/td>\n<td>DOE,222+Fin,222+Flat,226+Fin,226+Flat<\/td>\n<\/tr>\n<tr>\n<td>Mat\u00e9riau du joint\/de l'anneau<\/td>\n<td>Silicium\/EPDM\/Viton<\/td>\n<td>Utilisation<\/td>\n<td>Filtre \u00e0 cartouche pour liquides<\/td>\n<\/tr>\n<tr>\n<td>Noyau interne<\/td>\n<td>PP ou Aucun<\/td>\n<td>Capacit\u00e9 d'approvisionnement<\/td>\n<td>5000 pi\u00e8ces par jour<\/td>\n<\/tr>\n<tr>\n<td>Produit<\/td>\n<td>cartouche de filtre \u00e0 charbon actif<\/td>\n<td><\/td>\n<td><\/td>\n<\/tr>\n<\/tbody>\n<\/table>","protected":false},"featured_media":4571,"comment_status":"open","ping_status":"closed","template":"","meta":{"_gspb_post_css":""},"product_brand":[],"product_cat":[19],"product_tag":[1534,1242,1704,1538,1705,357],"class_list":{"0":"post-4569","1":"product","2":"type-product","3":"status-publish","4":"has-post-thumbnail","6":"product_cat-melt-blown-filter-cartridge","7":"product_tag-inversafilterpurification","8":"product_tag-lvyuan-filter","9":"product_tag-melt-blown-polypropylene-filter","10":"product_tag-pp-water-filter","11":"product_tag-sediment-reduction-filter","12":"product_tag-water-filter-cartridge","14":"first","15":"instock","16":"shipping-taxable","17":"product-type-simple"},"_links":{"self":[{"href":"https:\/\/lyfilter.com\/fr\/wp-json\/wp\/v2\/product\/4569","targetHints":{"allow":["GET"]}}],"collection":[{"href":"https:\/\/lyfilter.com\/fr\/wp-json\/wp\/v2\/product"}],"about":[{"href":"https:\/\/lyfilter.com\/fr\/wp-json\/wp\/v2\/types\/product"}],"replies":[{"embeddable":true,"href":"https:\/\/lyfilter.com\/fr\/wp-json\/wp\/v2\/comments?post=4569"}],"wp:featuredmedia":[{"embeddable":true,"href":"https:\/\/lyfilter.com\/fr\/wp-json\/wp\/v2\/media\/4571"}],"wp:attachment":[{"href":"https:\/\/lyfilter.com\/fr\/wp-json\/wp\/v2\/media?parent=4569"}],"wp:term":[{"taxonomy":"product_brand","embeddable":true,"href":"https:\/\/lyfilter.com\/fr\/wp-json\/wp\/v2\/product_brand?post=4569"},{"taxonomy":"product_cat","embeddable":true,"href":"https:\/\/lyfilter.com\/fr\/wp-json\/wp\/v2\/product_cat?post=4569"},{"taxonomy":"product_tag","embeddable":true,"href":"https:\/\/lyfilter.com\/fr\/wp-json\/wp\/v2\/product_tag?post=4569"}],"curies":[{"name":"wp","href":"https:\/\/api.w.org\/{rel}","templated":true}]}}