{"id":4559,"date":"2026-04-05T03:34:48","date_gmt":"2026-04-05T03:34:48","guid":{"rendered":"https:\/\/lyfilter.com\/"},"modified":"2026-04-05T03:34:48","modified_gmt":"2026-04-05T03:34:48","slug":"10-20-30-40-inch-high-flow-ss-water-filter-housing-stainless-steel-housing-with-cartridge-filter","status":"publish","type":"product","link":"https:\/\/lyfilter.com\/fr\/10-20-30-40-inch-high-flow-ss-water-filter-housing-stainless-steel-housing-with-cartridge-filter\/","title":{"rendered":"10 20 30 40 Inch High Flow SS Water Filter Housing\/Stainless Steel Housing With Cartridge Filter"},"content":{"rendered":"<p>Ce bo\u00eetier de filtre \u00e0 eau en acier inoxydable \u00e0 haut d\u00e9bit est disponible en 10, 20, 30 et 40 pouces pour des besoins de purification flexibles. Sa construction en acier inoxydable permet une filtration par cartouche puissante, un d\u00e9bit r\u00e9gulier et des performances fiables dans l'utilisation du syst\u00e8me.<\/p>","protected":false},"excerpt":{"rendered":"<table>\n<thead>\n<tr>\n<th>Champ d'application<\/th>\n<th>Valeur<\/th>\n<th>Champ d'application<\/th>\n<th>Valeur<\/th>\n<\/tr>\n<\/thead>\n<tbody>\n<tr>\n<td>Lieu d'origine<\/td>\n<td>Guangdong, Chine<\/td>\n<td>Nom de la marque<\/td>\n<td>Lvyuan,OEM,ODM<\/td>\n<\/tr>\n<tr>\n<td>Mat\u00e9riau<\/td>\n<td>acier inoxydable<\/td>\n<td>Poids<\/td>\n<td>personnalis\u00e9<\/td>\n<\/tr>\n<tr>\n<td>Taille<\/td>\n<td>personnalis\u00e9, 10\u201d, 20\u201d, 30\u201d, 40\u201d<\/td>\n<td>Puissance<\/td>\n<td>0<\/td>\n<\/tr>\n<tr>\n<td>Garantie<\/td>\n<td>1 an<\/td>\n<td>Service apr\u00e8s-vente<\/td>\n<td>Soutien en ligne<\/td>\n<\/tr>\n<tr>\n<td>Fonctionnalit\u00e9<\/td>\n<td>installation facile<\/td>\n<td>Certification<\/td>\n<td>SGS<\/td>\n<\/tr>\n<tr>\n<td>Forme<\/td>\n<td>cylindre<\/td>\n<td>Utilisation<\/td>\n<td>filtration de l'eau<\/td>\n<\/tr>\n<tr>\n<td>Application<\/td>\n<td>l'industrie<\/td>\n<td>surface<\/td>\n<td>poli<\/td>\n<\/tr>\n<tr>\n<td>Mod\u00e8le<\/td>\n<td>LY03<\/td>\n<td>Mati\u00e8res premi\u00e8res<\/td>\n<td>acier inoxydable<\/td>\n<\/tr>\n<tr>\n<td>Pression de service<\/td>\n<td>150Psi<\/td>\n<td>Capacit\u00e9 d'approvisionnement<\/td>\n<td>5000 pi\u00e8ces par an<\/td>\n<\/tr>\n<\/tbody>\n<\/table>","protected":false},"featured_media":4561,"comment_status":"open","ping_status":"closed","template":"","meta":{"_gspb_post_css":""},"product_brand":[],"product_cat":[15],"product_tag":[1702,1701,1700,1534,34,1703],"class_list":{"0":"post-4559","1":"product","2":"type-product","3":"status-publish","4":"has-post-thumbnail","6":"product_cat-stainless-steel-filter-housing","7":"product_tag-10-20-30-40-inch-filter-housing","8":"product_tag-cartridge-filter-housing","9":"product_tag-high-flow-ss-water-filter-housing","10":"product_tag-inversafilterpurification","11":"product_tag-stainless-steel-filter-housing","12":"product_tag-water-purification-housing","14":"first","15":"instock","16":"shipping-taxable","17":"product-type-simple"},"_links":{"self":[{"href":"https:\/\/lyfilter.com\/fr\/wp-json\/wp\/v2\/product\/4559","targetHints":{"allow":["GET"]}}],"collection":[{"href":"https:\/\/lyfilter.com\/fr\/wp-json\/wp\/v2\/product"}],"about":[{"href":"https:\/\/lyfilter.com\/fr\/wp-json\/wp\/v2\/types\/product"}],"replies":[{"embeddable":true,"href":"https:\/\/lyfilter.com\/fr\/wp-json\/wp\/v2\/comments?post=4559"}],"wp:featuredmedia":[{"embeddable":true,"href":"https:\/\/lyfilter.com\/fr\/wp-json\/wp\/v2\/media\/4561"}],"wp:attachment":[{"href":"https:\/\/lyfilter.com\/fr\/wp-json\/wp\/v2\/media?parent=4559"}],"wp:term":[{"taxonomy":"product_brand","embeddable":true,"href":"https:\/\/lyfilter.com\/fr\/wp-json\/wp\/v2\/product_brand?post=4559"},{"taxonomy":"product_cat","embeddable":true,"href":"https:\/\/lyfilter.com\/fr\/wp-json\/wp\/v2\/product_cat?post=4559"},{"taxonomy":"product_tag","embeddable":true,"href":"https:\/\/lyfilter.com\/fr\/wp-json\/wp\/v2\/product_tag?post=4559"}],"curies":[{"name":"wp","href":"https:\/\/api.w.org\/{rel}","templated":true}]}}