{"id":4552,"date":"2026-04-05T03:27:37","date_gmt":"2026-04-05T03:27:37","guid":{"rendered":"https:\/\/lyfilter.com\/"},"modified":"2026-04-05T03:27:37","modified_gmt":"2026-04-05T03:27:37","slug":"lvyuan-filter-stainless-steel-filter-elements-series-for-purify","status":"publish","type":"product","link":"https:\/\/lyfilter.com\/fr\/lvyuan-filter-stainless-steel-filter-elements-series-for-purify\/","title":{"rendered":"\u00c9l\u00e9ments filtrants en acier inoxydable de la s\u00e9rie Lvyuan Filter pour la purification"},"content":{"rendered":"<p><b>Avantages pour l'entreprise<\/b><br \/>\n<b>1.<\/b>\u00a0La fabrication de\u00a0<a href=\"https:\/\/lyfilter.com\/fr\/\">Filtre Lvyuan<\/a>\u00a0comprend plusieurs \u00e9tapes importantes. Il s'agit principalement de la conception des dessins m\u00e9caniques, de la pr\u00e9paration des mat\u00e9riaux m\u00e9talliques, de la fabrication et du soudage des pi\u00e8ces, de l'assemblage et de la mise en service. La porosit\u00e9 varie en fonction de la profondeur du milieu filtrant.<br \/>\n<b>2.<\/b>\u00a0Le produit a une faible conductivit\u00e9 thermique et est un bon isolant. On peut l'utiliser pour servir dans un plat ou pour contenir de l'eau chaude sans craindre qu'elle ne soit trop chaude au toucher. Le m\u00e9dia filtrant est thermoli\u00e9 pour emp\u00eacher la lib\u00e9ration des fibres tout en assurant des d\u00e9bits constants.<br \/>\n<b>3.<\/b>\u00a0Le produit n'est pas sensible \u00e0 la corrosion. Sa surface a \u00e9t\u00e9 trait\u00e9e avec une couche de peinture m\u00e9canique qui a une fonction protectrice. Il peut contr\u00f4ler efficacement la pr\u00e9cision de la filtration<br \/>\n<b>4.<\/b>\u00a0Le produit est de construction robuste. Il a une conception m\u00e9caniquement robuste qui peut r\u00e9sister aux conditions de fonctionnement et aux environnements auxquels il est expos\u00e9. Il est disponible dans une large s\u00e9lection de calibres microniques de 1 \u00e0 100 \u03bcm.<br \/>\n<b>5.<\/b>\u00a0Le produit se caract\u00e9rise par une bonne dissipation de la chaleur. Ses \u00e9vents favorisent la circulation de l'air d'avant en arri\u00e8re et le maintiennent au frais, ce qui contribue \u00e0 son bon fonctionnement. Il est con\u00e7u avec des pores gradu\u00e9s pour aider \u00e0 pi\u00e9ger les contaminants sur l'ensemble de la section transversale pour une meilleure efficacit\u00e9.<\/p>\n<div class=\"pro_aliData\">\n<div class=\"detail-box\">\n<div class=\"scc-wrapper detail-module module-cspu\" data-module=\"cspu\"><\/div>\n<div class=\"scc-wrapper detail-module module-productPackagingAndQuickDetail\" data-spm=\"prilinga1e\">\n<div class=\"widget-detail-overview\">\n<div class=\"do-title\">Vue d'ensemble<\/div>\n<div id=\"car-parts-model\"><\/div>\n<div class=\"do-content\">\n<div class=\"do-overview\">\n<div class=\"do-entry do-entry-separate\">\n<div class=\"do-entry-title\">D\u00e9tails rapides<\/div>\n<\/div>\n<\/div>\n<\/div>\n<\/div>\n<\/div>\n<\/div>\n<\/div>","protected":false},"excerpt":{"rendered":"<table>\n<thead>\n<tr>\n<th>Champ d'application<\/th>\n<th>Valeur<\/th>\n<th>Champ d'application<\/th>\n<th>Valeur<\/th>\n<\/tr>\n<\/thead>\n<tbody>\n<tr>\n<td>Service apr\u00e8s-vente<\/td>\n<td>Soutien en ligne<\/td>\n<td>Lieu de service local<\/td>\n<td>aucun<\/td>\n<\/tr>\n<tr>\n<td>Emplacement de la salle d'exposition<\/td>\n<td>aucun<\/td>\n<td>Vid\u00e9o de l'inspection de sortie<\/td>\n<td>Fourni<\/td>\n<\/tr>\n<tr>\n<td>Rapport d'essai des machines<\/td>\n<td>Fourni<\/td>\n<td>Type de marketing<\/td>\n<td>Produit ordinaire<\/td>\n<\/tr>\n<tr>\n<td>Garantie des composants de base<\/td>\n<td>1 an<\/td>\n<td>Composants essentiels<\/td>\n<td>R\u00e9servoir sous pression<\/td>\n<\/tr>\n<tr>\n<td>Lieu d'origine<\/td>\n<td>Guangdong, Chine<\/td>\n<td>Nom de la marque<\/td>\n<td>Lvyuan\/OEM<\/td>\n<\/tr>\n<tr>\n<td>Garantie<\/td>\n<td>1 an<\/td>\n<td>Service apr\u00e8s-vente<\/td>\n<td>Soutien en ligne<\/td>\n<\/tr>\n<tr>\n<td>Nom du produit<\/td>\n<td>Cartouche filtrante pliss\u00e9e en acier inoxydable<\/td>\n<td>Taux de micron<\/td>\n<td>0,1 \u00e0 300 microns<\/td>\n<\/tr>\n<tr>\n<td>Dimension OEM<\/td>\n<td>Disponible<\/td>\n<td>Longueur<\/td>\n<td>5\u2033, 10\u2033, 20\u2033, 30\u2033, 40\u2033, 50\u201d, 60\u201d pouces<\/td>\n<\/tr>\n<tr>\n<td>Acier inoxydable Mat\u00e9riau<\/td>\n<td>304, 316, 316L<\/td>\n<td>Formulaire d'interface<\/td>\n<td>222,226,215, M36, M24, M22, M20 interface filet\u00e9e<\/td>\n<\/tr>\n<tr>\n<td>Couche<\/td>\n<td>filtre \u00e0 cartouche pliss\u00e9\/maill\u00e9<\/td>\n<td>Utilisation<\/td>\n<td>filtration des gaz et des liquides<\/td>\n<\/tr>\n<tr>\n<td>R\u00e9sistance \u00e0 la chaleur<\/td>\n<td>- 200 - 500 degr\u00e9s<\/td>\n<td>Pression de service<\/td>\n<td>0,1 \u00e0 30Mpa<\/td>\n<\/tr>\n<tr>\n<td>Capacit\u00e9 d'approvisionnement<\/td>\n<td>5000 pi\u00e8ces par jour<\/td>\n<td>Produit<\/td>\n<td>cartouche filtrante code 7<\/td>\n<\/tr>\n<\/tbody>\n<\/table>","protected":false},"featured_media":4554,"comment_status":"open","ping_status":"closed","template":"","meta":{"_gspb_post_css":""},"product_brand":[],"product_cat":[18],"product_tag":[1697,1534,1242,1696,1695,340],"class_list":{"0":"post-4552","1":"product","2":"type-product","3":"status-publish","4":"has-post-thumbnail","6":"product_cat-sintered-metal-filters","7":"product_tag-industrial-filtration-element","8":"product_tag-inversafilterpurification","9":"product_tag-lvyuan-filter","10":"product_tag-purification-filter-series","11":"product_tag-stainless-steel-filter-elements","12":"product_tag-water-treatment-filter","14":"first","15":"instock","16":"shipping-taxable","17":"product-type-simple"},"_links":{"self":[{"href":"https:\/\/lyfilter.com\/fr\/wp-json\/wp\/v2\/product\/4552","targetHints":{"allow":["GET"]}}],"collection":[{"href":"https:\/\/lyfilter.com\/fr\/wp-json\/wp\/v2\/product"}],"about":[{"href":"https:\/\/lyfilter.com\/fr\/wp-json\/wp\/v2\/types\/product"}],"replies":[{"embeddable":true,"href":"https:\/\/lyfilter.com\/fr\/wp-json\/wp\/v2\/comments?post=4552"}],"wp:featuredmedia":[{"embeddable":true,"href":"https:\/\/lyfilter.com\/fr\/wp-json\/wp\/v2\/media\/4554"}],"wp:attachment":[{"href":"https:\/\/lyfilter.com\/fr\/wp-json\/wp\/v2\/media?parent=4552"}],"wp:term":[{"taxonomy":"product_brand","embeddable":true,"href":"https:\/\/lyfilter.com\/fr\/wp-json\/wp\/v2\/product_brand?post=4552"},{"taxonomy":"product_cat","embeddable":true,"href":"https:\/\/lyfilter.com\/fr\/wp-json\/wp\/v2\/product_cat?post=4552"},{"taxonomy":"product_tag","embeddable":true,"href":"https:\/\/lyfilter.com\/fr\/wp-json\/wp\/v2\/product_tag?post=4552"}],"curies":[{"name":"wp","href":"https:\/\/api.w.org\/{rel}","templated":true}]}}