{"id":4534,"date":"2026-04-05T03:08:08","date_gmt":"2026-04-05T03:08:08","guid":{"rendered":"https:\/\/lyfilter.com\/"},"modified":"2026-04-05T03:08:08","modified_gmt":"2026-04-05T03:08:08","slug":"lvyuan-filter-creative-pp-water-filter-with-good-price-for-water-purifier","status":"publish","type":"product","link":"https:\/\/lyfilter.com\/fr\/lvyuan-filter-creative-pp-water-filter-with-good-price-for-water-purifier\/","title":{"rendered":"Lvyuan Filter Creative PP Water Filter With Good Price For Water Purifier (Filtre \u00e0 eau PP cr\u00e9atif \u00e0 bon prix pour purificateur d'eau)"},"content":{"rendered":"<p>Le filtre \u00e0 eau cr\u00e9atif en PP de Lvyuan aide les syst\u00e8mes de purification de l'eau \u00e0 fournir un d\u00e9bit propre pour un usage domestique. Il permet de r\u00e9duire les particules, d'obtenir des performances r\u00e9guli\u00e8res et de r\u00e9pondre aux besoins pratiques de filtration des m\u00e9nages gr\u00e2ce \u00e0 son prix avantageux.<\/p>","protected":false},"excerpt":{"rendered":"<table>\n<thead>\n<tr>\n<th>Champ d'application<\/th>\n<th>Valeur<\/th>\n<th>Champ d'application<\/th>\n<th>Valeur<\/th>\n<\/tr>\n<\/thead>\n<tbody>\n<tr>\n<td>Lieu d'origine<\/td>\n<td>Guangdong, Chine<\/td>\n<td>Nom de la marque<\/td>\n<td>Lvyuan \/ OEM<\/td>\n<\/tr>\n<tr>\n<td>Mat\u00e9riau<\/td>\n<td>carton<\/td>\n<td>Poids<\/td>\n<td>d\u00e9pend<\/td>\n<\/tr>\n<tr>\n<td>Taille<\/td>\n<td>d\u00e9pend<\/td>\n<td>Puissance<\/td>\n<td>0<\/td>\n<\/tr>\n<tr>\n<td>Garantie<\/td>\n<td>Indisponible<\/td>\n<td>Nom du produit<\/td>\n<td>Filtre \u00e0 eau 20 pouces<\/td>\n<\/tr>\n<tr>\n<td>Taux de micron<\/td>\n<td>Cartouche de filtres de 1, 3, 5, 10 microns<\/td>\n<td>Certification<\/td>\n<td>CE SGS<\/td>\n<\/tr>\n<tr>\n<td>application<\/td>\n<td>pi\u00e8ces pour filtres \u00e0 eau, osmose inverse<\/td>\n<td>Longueur<\/td>\n<td>5\u2033, 10\u2033, 20\u2033, 30\u2033, 40\u2033, 50\u201d pouces<\/td>\n<\/tr>\n<tr>\n<td>M\u00e9dia filtrant<\/td>\n<td>Membrane en polypropyl\u00e8ne PP<\/td>\n<td>Capuchon d'extr\u00e9mit\u00e9<\/td>\n<td>DOE,222+Fin,222+Flat,226+Fin,226+Flat<\/td>\n<\/tr>\n<tr>\n<td>Mat\u00e9riau du joint\/de l'anneau<\/td>\n<td>Silicium\/EPDM\/Viton<\/td>\n<td>Utilisation<\/td>\n<td>Filtre \u00e0 cartouche pour liquides<\/td>\n<\/tr>\n<tr>\n<td>Noyau interne<\/td>\n<td>PP ou Aucun<\/td>\n<td>Service apr\u00e8s-vente<\/td>\n<td>Soutien en ligne<\/td>\n<\/tr>\n<tr>\n<td>Capacit\u00e9 d'approvisionnement<\/td>\n<td>5000 pi\u00e8ces par jour<\/td>\n<td>Produit<\/td>\n<td>Filtre \u00e0 eau 20 pouces<\/td>\n<\/tr>\n<\/tbody>\n<\/table>","protected":false},"featured_media":4535,"comment_status":"open","ping_status":"closed","template":"","meta":{"_gspb_post_css":""},"product_brand":[],"product_cat":[23],"product_tag":[1690,1689,1534,1242,648,1165],"class_list":{"0":"post-4534","1":"product","2":"type-product","3":"status-publish","4":"has-post-thumbnail","6":"product_cat-pp-filter-cartridge","7":"product_tag-budget-water-filter","8":"product_tag-creative-pp-water-filter","9":"product_tag-inversafilterpurification","10":"product_tag-lvyuan-filter","11":"product_tag-pp-filter-cartridge","12":"product_tag-water-purifier-filter","14":"first","15":"instock","16":"shipping-taxable","17":"product-type-simple"},"_links":{"self":[{"href":"https:\/\/lyfilter.com\/fr\/wp-json\/wp\/v2\/product\/4534","targetHints":{"allow":["GET"]}}],"collection":[{"href":"https:\/\/lyfilter.com\/fr\/wp-json\/wp\/v2\/product"}],"about":[{"href":"https:\/\/lyfilter.com\/fr\/wp-json\/wp\/v2\/types\/product"}],"replies":[{"embeddable":true,"href":"https:\/\/lyfilter.com\/fr\/wp-json\/wp\/v2\/comments?post=4534"}],"wp:featuredmedia":[{"embeddable":true,"href":"https:\/\/lyfilter.com\/fr\/wp-json\/wp\/v2\/media\/4535"}],"wp:attachment":[{"href":"https:\/\/lyfilter.com\/fr\/wp-json\/wp\/v2\/media?parent=4534"}],"wp:term":[{"taxonomy":"product_brand","embeddable":true,"href":"https:\/\/lyfilter.com\/fr\/wp-json\/wp\/v2\/product_brand?post=4534"},{"taxonomy":"product_cat","embeddable":true,"href":"https:\/\/lyfilter.com\/fr\/wp-json\/wp\/v2\/product_cat?post=4534"},{"taxonomy":"product_tag","embeddable":true,"href":"https:\/\/lyfilter.com\/fr\/wp-json\/wp\/v2\/product_tag?post=4534"}],"curies":[{"name":"wp","href":"https:\/\/api.w.org\/{rel}","templated":true}]}}