{"id":4521,"date":"2026-04-05T02:56:37","date_gmt":"2026-04-05T02:56:37","guid":{"rendered":"https:\/\/lyfilter.com\/"},"modified":"2026-04-21T02:51:15","modified_gmt":"2026-04-21T02:51:15","slug":"ss-304-316-stainless-steel-filter-housing-sterile-air-filter-for-compressed-air-filtration-system","status":"publish","type":"product","link":"https:\/\/lyfilter.com\/fr\/ss-304-316-stainless-steel-filter-housing-sterile-air-filter-for-compressed-air-filtration-system\/","title":{"rendered":"Bo\u00eetier de filtre en acier inoxydable SS 304 316 Filtre \u00e0 air st\u00e9rile pour syst\u00e8me de filtration d'air comprim\u00e9"},"content":{"rendered":"<p>Ce bo\u00eetier de filtre en acier inoxydable SS 304 et 316 est con\u00e7u pour les syst\u00e8mes d'air st\u00e9rile et d'air comprim\u00e9. Il assure un flux propre, aide \u00e0 prot\u00e9ger l'\u00e9quipement et fournit une filtration fiable avec une structure solide pour une utilisation quotidienne stable.<\/p>","protected":false},"excerpt":{"rendered":"<table>\n<thead>\n<tr>\n<th>Champ d'application<\/th>\n<th>Valeur<\/th>\n<th>Champ d'application<\/th>\n<th>Valeur<\/th>\n<\/tr>\n<\/thead>\n<tbody>\n<tr>\n<td>Lieu d'origine<\/td>\n<td>Guangdong, Chine<\/td>\n<td>Nom de la marque<\/td>\n<td>Lvyuan \/ OEM<\/td>\n<\/tr>\n<tr>\n<td>Mat\u00e9riau<\/td>\n<td>acier inoxydable<\/td>\n<td>Poids<\/td>\n<td>d\u00e9pend<\/td>\n<\/tr>\n<tr>\n<td>Taille<\/td>\n<td>standard, personnalisation<\/td>\n<td>Puissance<\/td>\n<td>0<\/td>\n<\/tr>\n<tr>\n<td>Garantie<\/td>\n<td>1 an<\/td>\n<td>Service apr\u00e8s-vente<\/td>\n<td>Soutien en ligne<\/td>\n<\/tr>\n<tr>\n<td>Nom du produit<\/td>\n<td>Bo\u00eetier de filtre \u00e0 air en acier inoxydable<\/td>\n<td>mat\u00e9riau du bo\u00eetier<\/td>\n<td>sus304, 316, 316L<\/td>\n<\/tr>\n<tr>\n<td>Quantit\u00e9 de filtres \u00e0 cartouche<\/td>\n<td>1 - 160 \u00e9l\u00e9ments\/ronds<\/td>\n<td>Longueur de la cartouche filtrante<\/td>\n<td>5, 10, 20, 30, 40, 60 pouces, OEM<\/td>\n<\/tr>\n<tr>\n<td>Traitement de surface<\/td>\n<td>Polissage et sablage<\/td>\n<td>Type d'installation du bouchon sup\u00e9rieur<\/td>\n<td>Type de boulons\/brides\/colliers<\/td>\n<\/tr>\n<tr>\n<td>Utilisation<\/td>\n<td>station de traitement des eaux\/liquides<\/td>\n<td>\u00c9paisseur de la paroi<\/td>\n<td>1-5mm<\/td>\n<\/tr>\n<tr>\n<td>Type de connecteur<\/td>\n<td>code 0 3 6 7 8 9<\/td>\n<td>Certification<\/td>\n<td>CE ISO SGS<\/td>\n<\/tr>\n<tr>\n<td>Capacit\u00e9 d'approvisionnement<\/td>\n<td>2000 pi\u00e8ces par mois<\/td>\n<td>Produit<\/td>\n<td>Filtre \u00e0 air st\u00e9rile<\/td>\n<\/tr>\n<\/tbody>\n<\/table>","protected":false},"featured_media":4525,"comment_status":"open","ping_status":"closed","template":"","meta":{"_gspb_post_css":""},"product_brand":[],"product_cat":[15],"product_tag":[1680,1534,1448,1678,34,1679],"class_list":{"0":"post-4521","1":"product","2":"type-product","3":"status-publish","4":"has-post-thumbnail","6":"product_cat-stainless-steel-filter-housing","7":"product_tag-compressed-air-filtration","8":"product_tag-inversafilterpurification","9":"product_tag-ss-304-filter-housing","10":"product_tag-ss-316-filter-housing","11":"product_tag-stainless-steel-filter-housing","12":"product_tag-sterile-air-filter","14":"first","15":"instock","16":"shipping-taxable","17":"product-type-simple"},"_links":{"self":[{"href":"https:\/\/lyfilter.com\/fr\/wp-json\/wp\/v2\/product\/4521","targetHints":{"allow":["GET"]}}],"collection":[{"href":"https:\/\/lyfilter.com\/fr\/wp-json\/wp\/v2\/product"}],"about":[{"href":"https:\/\/lyfilter.com\/fr\/wp-json\/wp\/v2\/types\/product"}],"replies":[{"embeddable":true,"href":"https:\/\/lyfilter.com\/fr\/wp-json\/wp\/v2\/comments?post=4521"}],"wp:featuredmedia":[{"embeddable":true,"href":"https:\/\/lyfilter.com\/fr\/wp-json\/wp\/v2\/media\/4525"}],"wp:attachment":[{"href":"https:\/\/lyfilter.com\/fr\/wp-json\/wp\/v2\/media?parent=4521"}],"wp:term":[{"taxonomy":"product_brand","embeddable":true,"href":"https:\/\/lyfilter.com\/fr\/wp-json\/wp\/v2\/product_brand?post=4521"},{"taxonomy":"product_cat","embeddable":true,"href":"https:\/\/lyfilter.com\/fr\/wp-json\/wp\/v2\/product_cat?post=4521"},{"taxonomy":"product_tag","embeddable":true,"href":"https:\/\/lyfilter.com\/fr\/wp-json\/wp\/v2\/product_tag?post=4521"}],"curies":[{"name":"wp","href":"https:\/\/api.w.org\/{rel}","templated":true}]}}