{"id":4514,"date":"2026-04-05T02:51:59","date_gmt":"2026-04-05T02:51:59","guid":{"rendered":"https:\/\/lyfilter.com\/"},"modified":"2026-04-05T02:51:59","modified_gmt":"2026-04-05T02:51:59","slug":"10-20-30-40-inch-pleated-filter-cartridge-0-2-0-45-1-3-5-10-micron-pleated-filter-for-beverage-filtration","status":"publish","type":"product","link":"https:\/\/lyfilter.com\/fr\/10-20-30-40-inch-pleated-filter-cartridge-0-2-0-45-1-3-5-10-micron-pleated-filter-for-beverage-filtration\/","title":{"rendered":"10 20 30 40 Cartouche filtre pliss\u00e9e 0.2 0.45 1 3 5 10 Micron Filtre pliss\u00e9 pour la filtration des boissons"},"content":{"rendered":"<p>Cette cartouche filtrante pliss\u00e9e permet de filtrer les boissons dans des tailles de 10, 20, 30 et 40 pouces et des options de micron de 0,2 \u00e0 10. Elle permet de maintenir un d\u00e9bit plus propre, une production r\u00e9guli\u00e8re et une filtration fiable sur les lignes de production.<\/p>","protected":false},"excerpt":{"rendered":"<table>\n<thead>\n<tr>\n<th>Champ d'application<\/th>\n<th>Valeur<\/th>\n<th>Champ d'application<\/th>\n<th>Valeur<\/th>\n<\/tr>\n<\/thead>\n<tbody>\n<tr>\n<td>Industries concern\u00e9es<\/td>\n<td>Usine de fabrication, usine de produits alimentaires et de boissons, traitement de l'eau<\/td>\n<td>Service apr\u00e8s-vente<\/td>\n<td>Soutien en ligne<\/td>\n<\/tr>\n<tr>\n<td>Lieu de service local<\/td>\n<td>aucun<\/td>\n<td>Emplacement de la salle d'exposition<\/td>\n<td>aucun<\/td>\n<\/tr>\n<tr>\n<td>Lieu d'origine<\/td>\n<td>Guangdong, Chine<\/td>\n<td>Nom de la marque<\/td>\n<td>Lvyuan,OEM,ODM<\/td>\n<\/tr>\n<tr>\n<td>Mat\u00e9riau<\/td>\n<td>pp\/ptfe\/pes\/nylon\/pvdf<\/td>\n<td>Poids<\/td>\n<td>personnalis\u00e9<\/td>\n<\/tr>\n<tr>\n<td>Taille<\/td>\n<td>personnalis\u00e9, mince, jumbo<\/td>\n<td>Puissance<\/td>\n<td>0<\/td>\n<\/tr>\n<tr>\n<td>Garantie<\/td>\n<td>Indisponible<\/td>\n<td>Fonctionnalit\u00e9<\/td>\n<td>augmentation de la surface de filtration<\/td>\n<\/tr>\n<tr>\n<td>Certification<\/td>\n<td>SGS<\/td>\n<td>Forme<\/td>\n<td>cylindre<\/td>\n<\/tr>\n<tr>\n<td>Longueur<\/td>\n<td>10\/20\/30\/40 pouces<\/td>\n<td>Application<\/td>\n<td>l'industrie<\/td>\n<\/tr>\n<tr>\n<td>Couleur<\/td>\n<td>blanc<\/td>\n<td>Emballage<\/td>\n<td>bo\u00eete en papier<\/td>\n<\/tr>\n<tr>\n<td>Autre nom<\/td>\n<td>cartouche filtrante \u00e0 membrane<\/td>\n<td>M\u00e9dia filtrant<\/td>\n<td>pp\/ptfe\/pes\/nylon\/pvdf<\/td>\n<\/tr>\n<tr>\n<td>Capacit\u00e9 d'approvisionnement<\/td>\n<td>500 pi\u00e8ces par semaine<\/td>\n<td><\/td>\n<td><\/td>\n<\/tr>\n<\/tbody>\n<\/table>","protected":false},"featured_media":4518,"comment_status":"open","ping_status":"closed","template":"","meta":{"_gspb_post_css":""},"product_brand":[],"product_cat":[21],"product_tag":[951,1223,1677,38,1534,1236],"class_list":{"0":"post-4514","1":"product","2":"type-product","3":"status-publish","4":"has-post-thumbnail","6":"product_cat-pleated-filter-cartridge","7":"product_tag-0-2-micron-filter","8":"product_tag-10-micron-filter","9":"product_tag-beverage-filtration-filter","10":"product_tag-industrial-water-filtration","11":"product_tag-inversafilterpurification","12":"product_tag-pleated-filter-cartridge","14":"first","15":"instock","16":"shipping-taxable","17":"product-type-simple"},"_links":{"self":[{"href":"https:\/\/lyfilter.com\/fr\/wp-json\/wp\/v2\/product\/4514","targetHints":{"allow":["GET"]}}],"collection":[{"href":"https:\/\/lyfilter.com\/fr\/wp-json\/wp\/v2\/product"}],"about":[{"href":"https:\/\/lyfilter.com\/fr\/wp-json\/wp\/v2\/types\/product"}],"replies":[{"embeddable":true,"href":"https:\/\/lyfilter.com\/fr\/wp-json\/wp\/v2\/comments?post=4514"}],"wp:featuredmedia":[{"embeddable":true,"href":"https:\/\/lyfilter.com\/fr\/wp-json\/wp\/v2\/media\/4518"}],"wp:attachment":[{"href":"https:\/\/lyfilter.com\/fr\/wp-json\/wp\/v2\/media?parent=4514"}],"wp:term":[{"taxonomy":"product_brand","embeddable":true,"href":"https:\/\/lyfilter.com\/fr\/wp-json\/wp\/v2\/product_brand?post=4514"},{"taxonomy":"product_cat","embeddable":true,"href":"https:\/\/lyfilter.com\/fr\/wp-json\/wp\/v2\/product_cat?post=4514"},{"taxonomy":"product_tag","embeddable":true,"href":"https:\/\/lyfilter.com\/fr\/wp-json\/wp\/v2\/product_tag?post=4514"}],"curies":[{"name":"wp","href":"https:\/\/api.w.org\/{rel}","templated":true}]}}