{"id":4496,"date":"2026-04-05T02:40:02","date_gmt":"2026-04-05T02:40:02","guid":{"rendered":"https:\/\/lyfilter.com\/"},"modified":"2026-04-05T02:40:02","modified_gmt":"2026-04-05T02:40:02","slug":"lvyuan-filter-stainless-steel-sintered-filter-cartridge-with-custom-services-for-water-purification","status":"publish","type":"product","link":"https:\/\/lyfilter.com\/fr\/lvyuan-filter-stainless-steel-sintered-filter-cartridge-with-custom-services-for-water-purification\/","title":{"rendered":"Cartouche filtrante fritt\u00e9e en acier inoxydable de Lvyuan Filter avec services personnalis\u00e9s pour la purification de l'eau"},"content":{"rendered":"<p>La cartouche filtrante fritt\u00e9e en acier inoxydable de Lvyuan assure un d\u00e9bit d'eau propre gr\u00e2ce \u00e0 une construction solide, une filtration et des options de service personnalis\u00e9es. Elle permet de r\u00e9duire les impuret\u00e9s tout en offrant des performances durables pour les besoins domestiques et industriels.<\/p>","protected":false},"excerpt":{"rendered":"<table>\n<thead>\n<tr>\n<th>Champ d'application<\/th>\n<th>Valeur<\/th>\n<th>Champ d'application<\/th>\n<th>Valeur<\/th>\n<\/tr>\n<\/thead>\n<tbody>\n<tr>\n<td>Industries concern\u00e9es<\/td>\n<td>Usine de fabrication, usine de produits alimentaires et de boissons, traitement de l'eau<\/td>\n<td>Lieu d'origine<\/td>\n<td>Guangdong, Chine<\/td>\n<\/tr>\n<tr>\n<td>Nom de la marque<\/td>\n<td>Lvyuan,OEM,ODM<\/td>\n<td>Mat\u00e9riau<\/td>\n<td>poudre de titane, poudre de titane<\/td>\n<\/tr>\n<tr>\n<td>Poids<\/td>\n<td>personnalis\u00e9<\/td>\n<td>Taille<\/td>\n<td>personnalis\u00e9<\/td>\n<\/tr>\n<tr>\n<td>Puissance<\/td>\n<td>0<\/td>\n<td>Garantie<\/td>\n<td>Indisponible<\/td>\n<\/tr>\n<tr>\n<td>Fonctionnalit\u00e9<\/td>\n<td>bonne perm\u00e9abilit\u00e9<\/td>\n<td>Longueur<\/td>\n<td>10\/20\/30\/40 pouces<\/td>\n<\/tr>\n<tr>\n<td>Forme<\/td>\n<td>cylindre<\/td>\n<td>Utilisation<\/td>\n<td>traitement de l'eau<\/td>\n<\/tr>\n<tr>\n<td>Application<\/td>\n<td>l'industrie<\/td>\n<td>Couleur<\/td>\n<td>gris<\/td>\n<\/tr>\n<tr>\n<td>Emballage<\/td>\n<td>bo\u00eete en papier<\/td>\n<td>taux d'\u00e9limination<\/td>\n<td>0,2 \u00e0 100 microns<\/td>\n<\/tr>\n<tr>\n<td>Avantage<\/td>\n<td>facile \u00e0 nettoyer<\/td>\n<td>Service apr\u00e8s-vente<\/td>\n<td>Assistance en ligne, pas de service apr\u00e8s-vente<\/td>\n<\/tr>\n<tr>\n<td>Capacit\u00e9 d'approvisionnement<\/td>\n<td>500 pi\u00e8ces par mois<\/td>\n<td><\/td>\n<td><\/td>\n<\/tr>\n<\/tbody>\n<\/table>","protected":false},"featured_media":4497,"comment_status":"open","ping_status":"closed","template":"","meta":{"_gspb_post_css":""},"product_brand":[],"product_cat":[15],"product_tag":[1673,38,1242,1237,1167,1182],"class_list":{"0":"post-4496","1":"product","2":"type-product","3":"status-publish","4":"has-post-thumbnail","6":"product_cat-stainless-steel-filter-housing","7":"product_tag-custom-filter-services","8":"product_tag-industrial-water-filtration","9":"product_tag-lvyuan-filter","10":"product_tag-sintered-filter-cartridge","11":"product_tag-stainless-steel-filter-cartridge","12":"product_tag-water-purification-filter","14":"first","15":"instock","16":"shipping-taxable","17":"product-type-simple"},"_links":{"self":[{"href":"https:\/\/lyfilter.com\/fr\/wp-json\/wp\/v2\/product\/4496","targetHints":{"allow":["GET"]}}],"collection":[{"href":"https:\/\/lyfilter.com\/fr\/wp-json\/wp\/v2\/product"}],"about":[{"href":"https:\/\/lyfilter.com\/fr\/wp-json\/wp\/v2\/types\/product"}],"replies":[{"embeddable":true,"href":"https:\/\/lyfilter.com\/fr\/wp-json\/wp\/v2\/comments?post=4496"}],"wp:featuredmedia":[{"embeddable":true,"href":"https:\/\/lyfilter.com\/fr\/wp-json\/wp\/v2\/media\/4497"}],"wp:attachment":[{"href":"https:\/\/lyfilter.com\/fr\/wp-json\/wp\/v2\/media?parent=4496"}],"wp:term":[{"taxonomy":"product_brand","embeddable":true,"href":"https:\/\/lyfilter.com\/fr\/wp-json\/wp\/v2\/product_brand?post=4496"},{"taxonomy":"product_cat","embeddable":true,"href":"https:\/\/lyfilter.com\/fr\/wp-json\/wp\/v2\/product_cat?post=4496"},{"taxonomy":"product_tag","embeddable":true,"href":"https:\/\/lyfilter.com\/fr\/wp-json\/wp\/v2\/product_tag?post=4496"}],"curies":[{"name":"wp","href":"https:\/\/api.w.org\/{rel}","templated":true}]}}