{"id":4489,"date":"2026-04-05T02:30:57","date_gmt":"2026-04-05T02:30:57","guid":{"rendered":"https:\/\/lyfilter.com\/"},"modified":"2026-04-05T02:30:57","modified_gmt":"2026-04-05T02:30:57","slug":"lvyuan-ss-bag-filter-wholesale-for-factory","status":"publish","type":"product","link":"https:\/\/lyfilter.com\/fr\/lvyuan-ss-bag-filter-wholesale-for-factory\/","title":{"rendered":"Lvyuan SS Bag Filter Wholesale For Factory (Filtre \u00e0 poche en acier inoxydable en gros)"},"content":{"rendered":"<h3 class=\"do-entry-title\">Emballage et livraison<\/h3>\n<div class=\"do-entry-list\">\n<dl class=\"do-entry-item\">\n<dt class=\"do-entry-item-key\">Unit\u00e9s de vente :<\/dt>\n<dd class=\"do-entry-item-val\">Article unique<\/dd>\n<\/dl>\n<dl class=\"do-entry-item\">\n<dt class=\"do-entry-item-key\" title=\"Taille de l&#039;emballage unique :\">Taille de l'emballage unique :<\/dt>\n<dd class=\"do-entry-item-val\">65X65X170 cm<\/dd>\n<\/dl>\n<dl class=\"do-entry-item\">\n<dt class=\"do-entry-item-key\" title=\"Poids brut unique :\">Poids brut unique :<\/dt>\n<dd class=\"do-entry-item-val\">56.500 kg<\/dd>\n<\/dl>\n<dl class=\"do-entry-item\">\n<dt class=\"do-entry-item-key\">Type d'emballage :<\/dt>\n<dd class=\"do-entry-item-val pkg-method\">bo\u00eete en papier et coffret en bois.<\/dd>\n<\/dl>\n<dl class=\"do-entry-item\">\n<dt class=\"do-entry-item-key\" title=\"D\u00e9lai d&#039;ex\u00e9cution\">D\u00e9lai d'ex\u00e9cution\u00a0<i class=\"next-icon next-icon-help next-icon-xs js-leadtimes-tips\"><\/i>:<\/dt>\n<dd class=\"do-entry-item-val\" title=\"D\u00e9lai d&#039;ex\u00e9cution\">\n<div class=\"table-responsive\">\n<table class=\"supply-ability-table ui2-table ui2-table-normal ui2-table-zebra ui2-table-hover\">\n<tbody>\n<tr>\n<td>Quantit\u00e9 (pi\u00e8ces)<\/td>\n<td>1 - 10<\/td>\n<td>11 - 20<\/td>\n<td>21 - 50<\/td>\n<td>&gt;50<\/td>\n<\/tr>\n<tr>\n<td>Est. Temps (jours)<\/td>\n<td>15<\/td>\n<td>25<\/td>\n<td>35<\/td>\n<td>A n\u00e9gocier<\/td>\n<\/tr>\n<\/tbody>\n<\/table>\n<\/div>\n<p><b>Avantages pour l'entreprise<\/b><br \/>\n<b>1.<\/b>\u00a0Le filtre \u00e0 poches en acier inoxydable de Lvyuan est con\u00e7u selon des normes \u00e9lev\u00e9es. Il est con\u00e7u pour r\u00e9pondre, \u00eatre test\u00e9 ou \u00eatre conforme \u00e0 des normes internationales telles que la protection IP, UL et CE. Il offre une excellente filtration et une bonne stabilit\u00e9 thermique<br \/>\n<b>2.<\/b>\u00a0Ce produit ne produit pas de bourdonnements intempestifs susceptibles de causer des probl\u00e8mes d'oreille. Les op\u00e9rateurs peuvent donc b\u00e9n\u00e9ficier d'un environnement de travail silencieux. Il dispose d'une grande surface de filtrage efficace<br \/>\n<b>3.<\/b>\u00a0Le filtre \u00e0 manches ss pr\u00e9sente de meilleures propri\u00e9t\u00e9s pour les filtres \u00e0 manches en acier inoxydable, ainsi que des caract\u00e9ristiques de logement pour les filtres \u00e0 manches en acier inoxydable poss\u00e9d\u00e9s. Il est disponible dans une large gamme de longueurs pour les bo\u00eetiers standard et les bo\u00eetiers \u00e0 passage int\u00e9gral.<\/dd>\n<\/dl>\n<\/div>","protected":false},"excerpt":{"rendered":"<table>\n<thead>\n<tr>\n<th>Champ d'application<\/th>\n<th>Valeur<\/th>\n<th>Champ d'application<\/th>\n<th>Valeur<\/th>\n<\/tr>\n<\/thead>\n<tbody>\n<tr>\n<td>Industries concern\u00e9es<\/td>\n<td>Usine de fabrication, usine de produits alimentaires et de boissons, traitement de l'eau<\/td>\n<td>Lieu d'origine<\/td>\n<td>Guangdong, Chine<\/td>\n<\/tr>\n<tr>\n<td>Nom de la marque<\/td>\n<td>Lvyuan, OEM, ODM<\/td>\n<td>Mat\u00e9riau<\/td>\n<td>acier inoxydable 304<\/td>\n<\/tr>\n<tr>\n<td>Poids<\/td>\n<td>personnalis\u00e9<\/td>\n<td>Taille<\/td>\n<td>personnalis\u00e9<\/td>\n<\/tr>\n<tr>\n<td>Garantie<\/td>\n<td>1 an<\/td>\n<td>Service apr\u00e8s-vente<\/td>\n<td>Soutien en ligne<\/td>\n<\/tr>\n<tr>\n<td>Fonctionnalit\u00e9<\/td>\n<td>Bonne \u00e9tanch\u00e9it\u00e9<\/td>\n<td>taille de la poche filtrante<\/td>\n<td>180*810mm<\/td>\n<\/tr>\n<tr>\n<td>Certification<\/td>\n<td>SGS<\/td>\n<td>mat\u00e9riel<\/td>\n<td>sus304<\/td>\n<\/tr>\n<tr>\n<td>Utilisation<\/td>\n<td>filtration de l'eau<\/td>\n<td>Application<\/td>\n<td>l'industrie<\/td>\n<\/tr>\n<tr>\n<td>surface<\/td>\n<td>poli\/miroir<\/td>\n<td>Mod\u00e8le<\/td>\n<td>BFW<\/td>\n<\/tr>\n<tr>\n<td>Mati\u00e8res premi\u00e8res<\/td>\n<td>acier inoxydable<\/td>\n<td>Pression de service<\/td>\n<td>100Psi<\/td>\n<\/tr>\n<\/tbody>\n<\/table>","protected":false},"featured_media":4490,"comment_status":"open","ping_status":"closed","template":"","meta":{"_gspb_post_css":""},"product_brand":[],"product_cat":[1135],"product_tag":[1672,1534,1670,1671,1320,1136],"class_list":{"0":"post-4489","1":"product","2":"type-product","3":"status-publish","4":"has-post-thumbnail","6":"product_cat-stainless-steel-bag-filter-housing","7":"product_tag-factory-bag-filter","8":"product_tag-inversafilterpurification","9":"product_tag-lvyuan-ss-bag-filter","10":"product_tag-ss-bag-filter-wholesale","11":"product_tag-stainless-steel-bag-filter","12":"product_tag-water-filter-locks","14":"first","15":"instock","16":"shipping-taxable","17":"product-type-simple"},"_links":{"self":[{"href":"https:\/\/lyfilter.com\/fr\/wp-json\/wp\/v2\/product\/4489","targetHints":{"allow":["GET"]}}],"collection":[{"href":"https:\/\/lyfilter.com\/fr\/wp-json\/wp\/v2\/product"}],"about":[{"href":"https:\/\/lyfilter.com\/fr\/wp-json\/wp\/v2\/types\/product"}],"replies":[{"embeddable":true,"href":"https:\/\/lyfilter.com\/fr\/wp-json\/wp\/v2\/comments?post=4489"}],"wp:featuredmedia":[{"embeddable":true,"href":"https:\/\/lyfilter.com\/fr\/wp-json\/wp\/v2\/media\/4490"}],"wp:attachment":[{"href":"https:\/\/lyfilter.com\/fr\/wp-json\/wp\/v2\/media?parent=4489"}],"wp:term":[{"taxonomy":"product_brand","embeddable":true,"href":"https:\/\/lyfilter.com\/fr\/wp-json\/wp\/v2\/product_brand?post=4489"},{"taxonomy":"product_cat","embeddable":true,"href":"https:\/\/lyfilter.com\/fr\/wp-json\/wp\/v2\/product_cat?post=4489"},{"taxonomy":"product_tag","embeddable":true,"href":"https:\/\/lyfilter.com\/fr\/wp-json\/wp\/v2\/product_tag?post=4489"}],"curies":[{"name":"wp","href":"https:\/\/api.w.org\/{rel}","templated":true}]}}