{"id":4483,"date":"2026-04-04T10:34:10","date_gmt":"2026-04-04T10:34:10","guid":{"rendered":"https:\/\/lyfilter.com\/"},"modified":"2026-04-04T10:34:10","modified_gmt":"2026-04-04T10:34:10","slug":"stainless-filter-housing-iso-9001-by-lvyuan-filter","status":"publish","type":"product","link":"https:\/\/lyfilter.com\/fr\/stainless-filter-housing-iso-9001-by-lvyuan-filter\/","title":{"rendered":"Bo\u00eetier de filtre en acier inoxydable ISO 9001 par Lvyuan Filter"},"content":{"rendered":"<p><b>D\u00e9tails du produit du corps de filtre en acier inoxydable<\/b><\/p>\n<p>&nbsp;<\/p>\n<p><b>Sp\u00e9cification du produit<\/b><\/p>\n<p>Disponibilit\u00e9 : OEM<\/p>\n<p>Mat\u00e9riau : Acier inoxydable<\/p>\n<p>&nbsp;<\/p>\n<p><b>Vue d'ensemble<\/b><\/p>\n<p>Les \u00e9quipements m\u00e9caniques de Lvyuan Water Purification Equipment ont une conception raisonnable, une structure compacte et des performances stables. En outre, notre produit est facile \u00e0 utiliser et \u00e0 installer. Largement reconnu par plus de clients, il s'av\u00e8re \u00eatre efficace.\u00a0<a href=\"https:\/\/lyfilter.com\/fr\/\">Filtre Lvyuan<\/a>\u00a0doit \u00e9galement pr\u00eater attention \u00e0 la conception du bo\u00eetier du filtre en acier inoxydable. Le bon environnement de la zone de production et de l'atelier est l'une des conditions permettant d'am\u00e9liorer la qualit\u00e9 du produit. Tout en se concentrant sur la qualit\u00e9 de ses produits, Guangzhou Lvyuan Water Purification Equipment Co. a mis en place un r\u00e9seau de vente complet dans les principales villes du pays.<\/p>\n<p>&nbsp;<\/p>\n<p><b>Description du produit<\/b><\/p>\n<p>Le bo\u00eetier de filtre en acier inoxydable de l'\u00e9quipement de purification de l'eau de Lvyuan a \u00e9t\u00e9 consid\u00e9rablement am\u00e9lior\u00e9 dans les domaines suivants.<\/p>\n<p><strong>Bo\u00eetier de filtre Big Blue en acier inoxydable \u00e0 noyau unique<\/strong><\/p>","protected":false},"excerpt":{"rendered":"<table>\n<thead>\n<tr>\n<th>Champ d'application<\/th>\n<th>Valeur<\/th>\n<th>Champ d'application<\/th>\n<th>Valeur<\/th>\n<\/tr>\n<\/thead>\n<tbody>\n<tr>\n<td>Port de d\u00e9part<\/td>\n<td>Guangzhou<\/td>\n<td>Capacit\u00e9 de production<\/td>\n<td>10000 unit\u00e9s\/mois<\/td>\n<\/tr>\n<tr>\n<td>Certification<\/td>\n<td>ISO 9001<\/td>\n<td><\/td>\n<td><\/td>\n<\/tr>\n<\/tbody>\n<\/table>","protected":false},"featured_media":4487,"comment_status":"open","ping_status":"closed","template":"","meta":{"_gspb_post_css":""},"product_brand":[],"product_cat":[15],"product_tag":[1534,1303,1186,1541,1136,1443],"class_list":{"0":"post-4483","1":"product","2":"type-product","3":"status-publish","4":"has-post-thumbnail","6":"product_cat-stainless-steel-filter-housing","7":"product_tag-inversafilterpurification","8":"product_tag-iso-9001-filter-housing","9":"product_tag-lvyuan-filter-housing","10":"product_tag-stainless-filter-housing","11":"product_tag-water-filter-locks","12":"product_tag-water-filtration-housing","14":"first","15":"instock","16":"shipping-taxable","17":"product-type-simple"},"_links":{"self":[{"href":"https:\/\/lyfilter.com\/fr\/wp-json\/wp\/v2\/product\/4483","targetHints":{"allow":["GET"]}}],"collection":[{"href":"https:\/\/lyfilter.com\/fr\/wp-json\/wp\/v2\/product"}],"about":[{"href":"https:\/\/lyfilter.com\/fr\/wp-json\/wp\/v2\/types\/product"}],"replies":[{"embeddable":true,"href":"https:\/\/lyfilter.com\/fr\/wp-json\/wp\/v2\/comments?post=4483"}],"wp:featuredmedia":[{"embeddable":true,"href":"https:\/\/lyfilter.com\/fr\/wp-json\/wp\/v2\/media\/4487"}],"wp:attachment":[{"href":"https:\/\/lyfilter.com\/fr\/wp-json\/wp\/v2\/media?parent=4483"}],"wp:term":[{"taxonomy":"product_brand","embeddable":true,"href":"https:\/\/lyfilter.com\/fr\/wp-json\/wp\/v2\/product_brand?post=4483"},{"taxonomy":"product_cat","embeddable":true,"href":"https:\/\/lyfilter.com\/fr\/wp-json\/wp\/v2\/product_cat?post=4483"},{"taxonomy":"product_tag","embeddable":true,"href":"https:\/\/lyfilter.com\/fr\/wp-json\/wp\/v2\/product_tag?post=4483"}],"curies":[{"name":"wp","href":"https:\/\/api.w.org\/{rel}","templated":true}]}}