{"id":4473,"date":"2026-04-04T10:23:43","date_gmt":"2026-04-04T10:23:43","guid":{"rendered":"https:\/\/lyfilter.com\/"},"modified":"2026-04-04T10:23:43","modified_gmt":"2026-04-04T10:23:43","slug":"safe-stainless-steel-cartridge-filter-housing-factory-price-for-water-purification","status":"publish","type":"product","link":"https:\/\/lyfilter.com\/fr\/safe-stainless-steel-cartridge-filter-housing-factory-price-for-water-purification\/","title":{"rendered":"Bo\u00eetier de filtre \u00e0 cartouche en acier inoxydable s\u00fbr Prix d'usine pour la purification de l'eau"},"content":{"rendered":"<p><b>Avantages pour l'entreprise<\/b><br \/>\n<b>1.<\/b>\u00a0D\u00e9tails de qualit\u00e9 sup\u00e9rieure parfaitement mis en \u00e9vidence sur le bo\u00eetier du filtre \u00e0 cartouche en acier inoxydable . Il est disponible dans une large s\u00e9lection de taux de micron de 1 \u00e0 100 \u03bcm.<br \/>\n<b>2.<\/b>\u00a0Ce produit est \u00e9conomique et a \u00e9t\u00e9 largement utilis\u00e9 dans tous les domaines de la vie. Le m\u00e9dia filtrant est thermoli\u00e9 pour emp\u00eacher la lib\u00e9ration des fibres tout en assurant des d\u00e9bits constants.<br \/>\n<b>3.<\/b>\u00a0Le produit est de construction robuste. Fabriqu\u00e9 \u00e0 partir de m\u00e9taux robustes, il est capable de r\u00e9sister \u00e0 diff\u00e9rents types d'\u00e9l\u00e9ments tels que les chocs et les vibrations. Il ne s\u00e9cr\u00e8te pas de mati\u00e8re dissoluble en cours de fonctionnement.<br \/>\n<b>4.<\/b>\u00a0Le produit pr\u00e9sente une surface m\u00e9tallique \u00e9l\u00e9gante. Les traitements de rodage et de meulage de haute pr\u00e9cision ont permis de minimiser la rugosit\u00e9 de la surface du produit. La capacit\u00e9 de r\u00e9tention de la salet\u00e9 est accrue et la dur\u00e9e de vie est plus longue.<br \/>\n<b>5.<\/b>\u00a0Le produit est facile \u00e0 utiliser. L'\u00e9cran permet une visualisation compl\u00e8te de l'\u00e9tat actuel de la machine, y compris le temps de cycle, le temps d'inactivit\u00e9, l'efficacit\u00e9 et l'\u00e9tat de la dur\u00e9e de vie des pi\u00e8ces. Il se caract\u00e9rise par un d\u00e9bit \u00e9lev\u00e9 et une pr\u00e9cision de filtrage stable.<\/p>\n<p>&nbsp;<\/p>\n<h3 class=\"do-entry-title\">Emballage et livraison<\/h3>\n<div class=\"do-entry-list\">\n<dl class=\"do-entry-item\">\n<dt class=\"do-entry-item-key\">Unit\u00e9s de vente :<\/dt>\n<dd class=\"do-entry-item-val\">Article unique<\/dd>\n<\/dl>\n<dl class=\"do-entry-item\">\n<dt class=\"do-entry-item-key\" title=\"Taille de l&#039;emballage unique :\">Taille de l'emballage unique :<\/dt>\n<dd class=\"do-entry-item-val\">35X18X25 cm<\/dd>\n<\/dl>\n<dl class=\"do-entry-item\">\n<dt class=\"do-entry-item-key\" title=\"Poids brut unique :\">Poids brut unique :<\/dt>\n<dd class=\"do-entry-item-val\">3.000 kg<\/dd>\n<\/dl>\n<dl class=\"do-entry-item\">\n<dt class=\"do-entry-item-key\">Type d'emballage :<\/dt>\n<dd class=\"do-entry-item-val pkg-method\">Cartouche filtrante simple de 50 microns code industriel 10 pouces filtre \u00e0 liquide en acier inoxydable avec bo\u00eetier en SS 1\/4\u2033 vanne de vidange : Emballage : Bo\u00eete standard pour l'exportation\/Selon les besoins<\/dd>\n<\/dl>\n<dl class=\"do-entry-item\">\n<dt class=\"do-entry-item-key\" title=\"D\u00e9lai d&#039;ex\u00e9cution\">D\u00e9lai d'ex\u00e9cution\u00a0<i class=\"next-icon next-icon-help next-icon-xs js-leadtimes-tips\"><\/i>:<\/dt>\n<dd class=\"do-entry-item-val\" title=\"D\u00e9lai d&#039;ex\u00e9cution\">\n<div class=\"table-responsive\">\n<table class=\"supply-ability-table ui2-table ui2-table-normal ui2-table-zebra ui2-table-hover\">\n<tbody>\n<tr>\n<td>Quantit\u00e9 (pi\u00e8ces)<\/td>\n<td>1 - 10<\/td>\n<td>11 - 100<\/td>\n<td>&gt;100<\/td>\n<\/tr>\n<tr>\n<td>Est. Temps (jours)<\/td>\n<td>5<\/td>\n<td>10<\/td>\n<td>A n\u00e9gocier<\/td>\n<\/tr>\n<\/tbody>\n<\/table>\n<\/div>\n<\/dd>\n<\/dl>\n<\/div>","protected":false},"excerpt":{"rendered":"<table>\n<thead>\n<tr>\n<th>Champ d'application<\/th>\n<th>Valeur<\/th>\n<th>Champ d'application<\/th>\n<th>Valeur<\/th>\n<\/tr>\n<\/thead>\n<tbody>\n<tr>\n<td>Lieu d'origine<\/td>\n<td>Guangdong, Chine<\/td>\n<td>Nom de la marque<\/td>\n<td>LVYUAN\/OEM<\/td>\n<\/tr>\n<tr>\n<td>Garantie<\/td>\n<td>1 an<\/td>\n<td>Service apr\u00e8s-vente<\/td>\n<td>Soutien en ligne<\/td>\n<\/tr>\n<tr>\n<td>Nom de l'article<\/td>\n<td>Filtre \u00e0 cartouche simple en acier inoxydable pour liquides industriels<\/td>\n<td>Mat\u00e9riau du bo\u00eetier<\/td>\n<td>SS304\/SS316L<\/td>\n<\/tr>\n<tr>\n<td>Longueur de la cartouche filtrante<\/td>\n<td>10\u2033 20\u2033 30\u2033 40\u2033<\/td>\n<td>Quantit\u00e9 de filtres \u00e0 cartouche<\/td>\n<td>Noyau unique<\/td>\n<\/tr>\n<tr>\n<td>Traitement de surface<\/td>\n<td>Polissage et sablage<\/td>\n<td>Joint torique d'\u00e9tanch\u00e9it\u00e9<\/td>\n<td>Silastic\/NBR\/EPDM\/Viton<\/td>\n<\/tr>\n<tr>\n<td>Type d'installation du bouchon sup\u00e9rieur<\/td>\n<td>Type de pince<\/td>\n<td>Type de connecteur<\/td>\n<td>222\/226\/DOE<\/td>\n<\/tr>\n<tr>\n<td>Type d'entr\u00e9e et de sortie<\/td>\n<td>Filetage int\u00e9rieur<\/td>\n<td>M\u00e9thode d'emballage<\/td>\n<td>Bo\u00eete standard pour l'exportation<\/td>\n<\/tr>\n<\/tbody>\n<\/table>","protected":false},"featured_media":4475,"comment_status":"open","ping_status":"closed","template":"","meta":{"_gspb_post_css":""},"product_brand":[],"product_cat":[15],"product_tag":[1661,1534,1662,1660,1136,1451],"class_list":{"0":"post-4473","1":"product","2":"type-product","3":"status-publish","4":"has-post-thumbnail","6":"product_cat-stainless-steel-filter-housing","7":"product_tag-factory-price-filter-housing","8":"product_tag-inversafilterpurification","9":"product_tag-safe-water-filter-housing","10":"product_tag-stainless-steel-cartridge-filter-housing","11":"product_tag-water-filter-locks","12":"product_tag-water-purification-filter-housing","14":"first","15":"instock","16":"shipping-taxable","17":"product-type-simple"},"_links":{"self":[{"href":"https:\/\/lyfilter.com\/fr\/wp-json\/wp\/v2\/product\/4473","targetHints":{"allow":["GET"]}}],"collection":[{"href":"https:\/\/lyfilter.com\/fr\/wp-json\/wp\/v2\/product"}],"about":[{"href":"https:\/\/lyfilter.com\/fr\/wp-json\/wp\/v2\/types\/product"}],"replies":[{"embeddable":true,"href":"https:\/\/lyfilter.com\/fr\/wp-json\/wp\/v2\/comments?post=4473"}],"wp:featuredmedia":[{"embeddable":true,"href":"https:\/\/lyfilter.com\/fr\/wp-json\/wp\/v2\/media\/4475"}],"wp:attachment":[{"href":"https:\/\/lyfilter.com\/fr\/wp-json\/wp\/v2\/media?parent=4473"}],"wp:term":[{"taxonomy":"product_brand","embeddable":true,"href":"https:\/\/lyfilter.com\/fr\/wp-json\/wp\/v2\/product_brand?post=4473"},{"taxonomy":"product_cat","embeddable":true,"href":"https:\/\/lyfilter.com\/fr\/wp-json\/wp\/v2\/product_cat?post=4473"},{"taxonomy":"product_tag","embeddable":true,"href":"https:\/\/lyfilter.com\/fr\/wp-json\/wp\/v2\/product_tag?post=4473"}],"curies":[{"name":"wp","href":"https:\/\/api.w.org\/{rel}","templated":true}]}}