{"id":4448,"date":"2026-04-04T10:02:01","date_gmt":"2026-04-04T10:02:01","guid":{"rendered":"https:\/\/lyfilter.com\/"},"modified":"2026-04-04T10:02:01","modified_gmt":"2026-04-04T10:02:01","slug":"lvyuan-pleated-sediment-filter-suppliers-for-sea-water","status":"publish","type":"product","link":"https:\/\/lyfilter.com\/fr\/lvyuan-pleated-sediment-filter-suppliers-for-sea-water\/","title":{"rendered":"Fournisseurs de filtres \u00e0 s\u00e9diments pliss\u00e9s Lvyuan pour l'eau de mer"},"content":{"rendered":"<p><b>Avantages pour l'entreprise<\/b><br \/>\n<b>1.<\/b>\u00a0<a href=\"https:\/\/lyfilter.com\/fr\/pleated-filter-cartridge.html\/\">\u00e9l\u00e9ment filtrant pliss\u00e9<\/a>\u00a0est le mod\u00e8le classique fabriqu\u00e9 par Lvyuan Water Purification Equipment, tr\u00e8s populaire sur le march\u00e9 chinois. Il peut \u00e9galement filtrer les particules, les organismes microbiens, l'oxyde ferrique et d'autres impuret\u00e9s.<br \/>\n<b>2.<\/b>\u00a0Guangzhou Lvyuan Water Purification Equipment Co. Ltd. consid\u00e8re que la diversit\u00e9, tout comme la qualit\u00e9 et le service \u00e0 la client\u00e8le, est un avantage concurrentiel. Le m\u00e9dia filtrant est thermoli\u00e9 pour emp\u00eacher la lib\u00e9ration des fibres tout en assurant des d\u00e9bits constants.<br \/>\n<b>3.<\/b>\u00a0Le produit a un point de fusion fin. Il s'agit d'un mat\u00e9riau r\u00e9fractaire optimis\u00e9 qui peut emp\u00eacher toute r\u00e9action avec les mat\u00e9riaux en fusion. Il est r\u00e9sistant \u00e0 la putridit\u00e9, \u00e0 l'acide et \u00e0 l'alcali, aux solvants organiques et inorganiques.<br \/>\n<b>4.<\/b>\u00a0Ce produit offre une rigidit\u00e9 plane et une r\u00e9sistance \u00e0 la flexion. Lors de l'empilage de marchandises, il reste stable tant que la charge limite n'est pas atteinte. La conception \u00e0 gradient permet d'\u00e9viter un colmatage rapide.<br \/>\n<b>5.<\/b>\u00a0Le produit fonctionne tr\u00e8s silencieusement. Compar\u00e9 aux \u00e9oliennes et aux dispositifs hydro\u00e9lectriques qui sont incroyablement bruyants, il ne fait aucun bruit. Il ne s\u00e9cr\u00e8te pas de mati\u00e8re dissoluble pendant le fonctionnement.<\/p>\n<div class=\"pro_aliData\">\n<div class=\"detail-box\">\n<div class=\"scc-wrapper detail-module module-cspu\" data-module=\"cspu\"><\/div>\n<div class=\"scc-wrapper detail-module module-productPackagingAndQuickDetail\" data-spm=\"prilinga1e\">\n<div class=\"widget-detail-overview\">\n<div class=\"do-title\">Vue d'ensemble<\/div>\n<div id=\"car-parts-model\"><\/div>\n<div class=\"do-content\">\n<div class=\"do-overview\">\n<div class=\"do-entry do-entry-separate\">\n<div class=\"do-entry-title\">D\u00e9tails rapides<\/div>\n<\/div>\n<\/div>\n<\/div>\n<\/div>\n<\/div>\n<\/div>\n<\/div>","protected":false},"excerpt":{"rendered":"<table>\n<thead>\n<tr>\n<th>Champ d'application<\/th>\n<th>Valeur<\/th>\n<th>Champ d'application<\/th>\n<th>Valeur<\/th>\n<\/tr>\n<\/thead>\n<tbody>\n<tr>\n<td>Service apr\u00e8s-vente<\/td>\n<td>Soutien en ligne<\/td>\n<td>Lieu de service local<\/td>\n<td>aucun<\/td>\n<\/tr>\n<tr>\n<td>Emplacement de la salle d'exposition<\/td>\n<td>aucun<\/td>\n<td>Vid\u00e9o de l'inspection de sortie<\/td>\n<td>Fourni<\/td>\n<\/tr>\n<tr>\n<td>Rapport d'essai des machines<\/td>\n<td>Non disponible<\/td>\n<td>Type de marketing<\/td>\n<td>Produit ordinaire<\/td>\n<\/tr>\n<tr>\n<td>Garantie des composants de base<\/td>\n<td>Non disponible<\/td>\n<td>Lieu d'origine<\/td>\n<td>Guangdong, Chine<\/td>\n<\/tr>\n<tr>\n<td>Nom de la marque<\/td>\n<td>Lvyuan \/ OEM<\/td>\n<td>Mat\u00e9riau<\/td>\n<td>\u00c9l\u00e9ment filtrant pliss\u00e9<\/td>\n<\/tr>\n<tr>\n<td>Poids<\/td>\n<td>d\u00e9pend<\/td>\n<td>Taille<\/td>\n<td>standard, personnalisation<\/td>\n<\/tr>\n<tr>\n<td>Puissance<\/td>\n<td>0<\/td>\n<td>Garantie<\/td>\n<td>Indisponible<\/td>\n<\/tr>\n<tr>\n<td>Nom du produit<\/td>\n<td>filtre \u00e0 membrane pes<\/td>\n<td>Taux de micron<\/td>\n<td>0,1, 0,5, 1, 5, 10 ~60um<\/td>\n<\/tr>\n<tr>\n<td>Cartouche pliss\u00e9e Mat\u00e9riau<\/td>\n<td>PP\/PTFE\/PES \/Nylon 6 \/PVDF<\/td>\n<td>Longueur<\/td>\n<td>5\u2033, 10\u2033, 20\u2033, 30\u2033, 40\u2033, OEM<\/td>\n<\/tr>\n<tr>\n<td>M\u00e9dia filtrant<\/td>\n<td>Membrane poly\u00e9thyl\u00e8ne hautement asym\u00e9trique<\/td>\n<td>Capuchon d'extr\u00e9mit\u00e9<\/td>\n<td>DOE, 222+Fin, 222+Flat, 226+Fin, 226+Flat<\/td>\n<\/tr>\n<tr>\n<td>Mat\u00e9riau du joint\/de l'anneau<\/td>\n<td>Silicium\/EPDM\/NBR\/Viton\/Te-lfon<\/td>\n<td>Utilisation<\/td>\n<td>\u00e9l\u00e9ments de filtre \u00e0 liquide, pi\u00e8ces de filtre \u00e0 eau<\/td>\n<\/tr>\n<tr>\n<td>Noyau interne<\/td>\n<td>PP \/ acier inoxydable<\/td>\n<td>Certification<\/td>\n<td>SGS\/ISO9001<\/td>\n<\/tr>\n<tr>\n<td>Composants essentiels<\/td>\n<td>\u00e9l\u00e9ment filtrant \u00e0 cartouche<\/td>\n<td>Capacit\u00e9 d'approvisionnement<\/td>\n<td>50000 Piece\/Pieces par mois \u00e9l\u00e9ment filtrant pour l'eau<\/td>\n<\/tr>\n<\/tbody>\n<\/table>","protected":false},"featured_media":4449,"comment_status":"open","ping_status":"closed","template":"","meta":{"_gspb_post_css":""},"product_brand":[],"product_cat":[21],"product_tag":[1534,1643,1645,1644,1544,1136],"class_list":{"0":"post-4448","1":"product","2":"type-product","3":"status-publish","4":"has-post-thumbnail","6":"product_cat-pleated-filter-cartridge","7":"product_tag-inversafilterpurification","8":"product_tag-lvyuan-pleated-sediment-filter","9":"product_tag-marine-water-treatment-filter","10":"product_tag-pleated-water-filter-supplier","11":"product_tag-sea-water-sediment-filter","12":"product_tag-water-filter-locks","14":"first","15":"instock","16":"shipping-taxable","17":"product-type-simple"},"_links":{"self":[{"href":"https:\/\/lyfilter.com\/fr\/wp-json\/wp\/v2\/product\/4448","targetHints":{"allow":["GET"]}}],"collection":[{"href":"https:\/\/lyfilter.com\/fr\/wp-json\/wp\/v2\/product"}],"about":[{"href":"https:\/\/lyfilter.com\/fr\/wp-json\/wp\/v2\/types\/product"}],"replies":[{"embeddable":true,"href":"https:\/\/lyfilter.com\/fr\/wp-json\/wp\/v2\/comments?post=4448"}],"wp:featuredmedia":[{"embeddable":true,"href":"https:\/\/lyfilter.com\/fr\/wp-json\/wp\/v2\/media\/4449"}],"wp:attachment":[{"href":"https:\/\/lyfilter.com\/fr\/wp-json\/wp\/v2\/media?parent=4448"}],"wp:term":[{"taxonomy":"product_brand","embeddable":true,"href":"https:\/\/lyfilter.com\/fr\/wp-json\/wp\/v2\/product_brand?post=4448"},{"taxonomy":"product_cat","embeddable":true,"href":"https:\/\/lyfilter.com\/fr\/wp-json\/wp\/v2\/product_cat?post=4448"},{"taxonomy":"product_tag","embeddable":true,"href":"https:\/\/lyfilter.com\/fr\/wp-json\/wp\/v2\/product_tag?post=4448"}],"curies":[{"name":"wp","href":"https:\/\/api.w.org\/{rel}","templated":true}]}}