{"id":4429,"date":"2026-04-04T09:53:46","date_gmt":"2026-04-04T09:53:46","guid":{"rendered":"https:\/\/lyfilter.com\/"},"modified":"2026-04-04T09:53:47","modified_gmt":"2026-04-04T09:53:47","slug":"20-inch-water-filter-housing-oem-lvyuan-by-lvyuan-filter","status":"publish","type":"product","link":"https:\/\/lyfilter.com\/fr\/20-inch-water-filter-housing-oem-lvyuan-by-lvyuan-filter\/","title":{"rendered":"Bo\u00eetier de filtre \u00e0 eau 20 pouces OEM\/Lvyuan par Lvyuan Filter"},"content":{"rendered":"<p><b>Avantages pour l'entreprise<\/b><\/p>\n<p>- 20 pouces\u00a0<a href=\"https:\/\/lyfilter.com\/fr\/stainless-steel-filter-housing.html\/\">bo\u00eetier du filtre \u00e0 eau<\/a>\u00a0impressionneront les utilisateurs gr\u00e2ce \u00e0 des caract\u00e9ristiques convaincantes et \u00e0 des styles distinctifs.<\/p>\n<p>- Chaque aspect du produit est strictement test\u00e9 pour r\u00e9pondre aux normes de qualit\u00e9 internationales.<\/p>\n<p>- Guangzhou Lvyuan Water Purification Equipment Co. s'est d\u00e9velopp\u00e9e de mani\u00e8re significative et a acquis une r\u00e9putation de leadership, de qualit\u00e9 et d'int\u00e9grit\u00e9 dans son domaine respectif.<\/p>\n<p>&nbsp;<\/p>\n<p><strong>Syst\u00e8me de filtration mobile en acier inoxydable<\/strong><\/p>\n<p>Le syst\u00e8me de filtre \u00e0 manche mobile produit par Guangzhou Lvyuan comprend un filtre \u00e0 manche standard (40AM, 80AM, 40AST, 840AST), une pompe pneumatique \u00e0 membrane \u00e0 double chambre Wei Li ou Wilden PW25\/50, un bo\u00eetier de commande, un tuyau ext\u00e9rieur de prise en charge DN25, DN50 et une bride de tuyau ext\u00e9rieur de prise en charge DN25, DN50 ou un dispositif de connexion de fil ext\u00e9rieur sur la plate-forme d'installation du chariot. Il peut \u00eatre d\u00e9plac\u00e9 librement vers n'importe quelle ligne de production avec une installation fixe en une seule \u00e9tape pour la filtration.<\/p>","protected":false},"excerpt":{"rendered":"<table>\n<thead>\n<tr>\n<th>Champ d'application<\/th>\n<th>Valeur<\/th>\n<\/tr>\n<\/thead>\n<tbody>\n<tr>\n<td>Port de d\u00e9part<\/td>\n<td>Guangzhou<\/td>\n<\/tr>\n<tr>\n<td>Capacit\u00e9 de production<\/td>\n<td>10000 unit\u00e9s\/mois<\/td>\n<\/tr>\n<tr>\n<td>Paiement<\/td>\n<td>T\/T, Assurance commerciale Alibaba<\/td>\n<\/tr>\n<tr>\n<td>Marque<\/td>\n<td>OEM\/Lvyuan<\/td>\n<\/tr>\n<\/tbody>\n<\/table>","protected":false},"featured_media":4435,"comment_status":"open","ping_status":"closed","template":"","meta":{"_gspb_post_css":""},"product_brand":[],"product_cat":[15],"product_tag":[1634,1636,1534,1186,1635,1136],"class_list":{"0":"post-4429","1":"product","2":"type-product","3":"status-publish","4":"has-post-thumbnail","6":"product_cat-stainless-steel-filter-housing","7":"product_tag-20-inch-water-filter-housing","8":"product_tag-filter-housing-for-water-system","9":"product_tag-inversafilterpurification","10":"product_tag-lvyuan-filter-housing","11":"product_tag-water-filter-housing-oem","12":"product_tag-water-filter-locks","14":"first","15":"instock","16":"shipping-taxable","17":"product-type-simple"},"_links":{"self":[{"href":"https:\/\/lyfilter.com\/fr\/wp-json\/wp\/v2\/product\/4429","targetHints":{"allow":["GET"]}}],"collection":[{"href":"https:\/\/lyfilter.com\/fr\/wp-json\/wp\/v2\/product"}],"about":[{"href":"https:\/\/lyfilter.com\/fr\/wp-json\/wp\/v2\/types\/product"}],"replies":[{"embeddable":true,"href":"https:\/\/lyfilter.com\/fr\/wp-json\/wp\/v2\/comments?post=4429"}],"wp:featuredmedia":[{"embeddable":true,"href":"https:\/\/lyfilter.com\/fr\/wp-json\/wp\/v2\/media\/4435"}],"wp:attachment":[{"href":"https:\/\/lyfilter.com\/fr\/wp-json\/wp\/v2\/media?parent=4429"}],"wp:term":[{"taxonomy":"product_brand","embeddable":true,"href":"https:\/\/lyfilter.com\/fr\/wp-json\/wp\/v2\/product_brand?post=4429"},{"taxonomy":"product_cat","embeddable":true,"href":"https:\/\/lyfilter.com\/fr\/wp-json\/wp\/v2\/product_cat?post=4429"},{"taxonomy":"product_tag","embeddable":true,"href":"https:\/\/lyfilter.com\/fr\/wp-json\/wp\/v2\/product_tag?post=4429"}],"curies":[{"name":"wp","href":"https:\/\/api.w.org\/{rel}","templated":true}]}}