{"id":4427,"date":"2026-04-04T09:47:11","date_gmt":"2026-04-04T09:47:11","guid":{"rendered":"https:\/\/lyfilter.com\/"},"modified":"2026-04-04T09:47:11","modified_gmt":"2026-04-04T09:47:11","slug":"low-cost-seawater-desalination-plant-for-boat-on-sailing","status":"publish","type":"product","link":"https:\/\/lyfilter.com\/fr\/low-cost-seawater-desalination-plant-for-boat-on-sailing\/","title":{"rendered":"Station de dessalement d'eau de mer \u00e0 faible co\u00fbt pour les bateaux de plaisance"},"content":{"rendered":"<p>Capacit\u00e9 : 5000LPD \u00e0 100000LPD<br \/>\nTDS : 800ppm<br \/>\nEau potable convenant aux habitations et aux navires de mer<\/p>\n<div id=\"J-rich-text-description\">\n<p>- Introduction \u00e0 la g\u00e9n\u00e9ration<\/p>\n<p>Les \u00e9quipements de dessalement d'eau de mer de petite et moyenne capacit\u00e9 de la s\u00e9rie LY-FSHB conviennent aux \u00eeles, aux navires de mer, aux stations et aux villes c\u00f4ti\u00e8res. Ils \u00e9liminent efficacement le sel non organique, les min\u00e9raux, les virus organiques et les bact\u00e9ries, et transforment l'eau de mer en eau potable gr\u00e2ce \u00e0 la technologie avanc\u00e9e de l'osmose inverse. L'eau potable produite convient \u00e0 la consommation humaine ou \u00e0 l'irrigation.<\/p>\n<p>&nbsp;<\/p>\n<p>- Processus bref<\/p>\n<p>Eau de mer \u2192 r\u00e9servoir d'eau\u2192 pompe de surpression\u2192 filtre m\u00e9canique \u2192 filtre de s\u00e9curit\u00e9\u2192 pompe \u00e0 haute pression \u2192 modules de membrane RO pour le dessalement de l'eau de mer \u2192 r\u00e9servoir d'eau potable<\/p>\n<p>&nbsp;<\/p>\n<p>- Avantage<\/p>\n<p>&nbsp;<\/p>\n<p>Cet \u00e9quipement pour l'eau adapte la membrane d'osmose inverse de dessalement de l'eau de mer America DOW qui a un taux de d\u00e9salinisation \u00e9lev\u00e9 et des performances stables et s\u00fbres. La pompe haute pression RO, qui prot\u00e8ge la machine contre les hautes et basses pressions, est de marque et est utilis\u00e9e sp\u00e9cialement pour le dessalement de l'eau de mer. Ce dispositif peut assurer la s\u00e9curit\u00e9 de l'ensemble de la machine. L'eau potable produite par cette machine est claire et ne contient pas de produits chimiques et peut \u00eatre consomm\u00e9e directement.<\/p>\n<p>Cette machine est con\u00e7ue pour \u00eatre de petite taille, elle est donc l\u00e9g\u00e8re, facile \u00e0 installer et \u00e0 adapter. Elle est facile \u00e0 utiliser et \u00e0 entretenir.<\/p>\n<p>&nbsp;<\/p>\n<\/div>","protected":false},"excerpt":{"rendered":"<table>\n<thead>\n<tr>\n<th>Champ d'application<\/th>\n<th>Valeur<\/th>\n<\/tr>\n<\/thead>\n<tbody>\n<tr>\n<td>Industries concern\u00e9es<\/td>\n<td>Usine de produits alimentaires et de boissons, Travaux de construction, Magasins de produits alimentaires et de boissons<\/td>\n<\/tr>\n<tr>\n<td>Service apr\u00e8s-vente<\/td>\n<td>Soutien en ligne<\/td>\n<\/tr>\n<tr>\n<td>Lieu de service local<\/td>\n<td>aucun<\/td>\n<\/tr>\n<tr>\n<td>Emplacement de la salle d'exposition<\/td>\n<td>aucun<\/td>\n<\/tr>\n<tr>\n<td>Vid\u00e9o de l'inspection de sortie<\/td>\n<td>Fourni<\/td>\n<\/tr>\n<tr>\n<td>Rapport d'essai des machines<\/td>\n<td>Fourni<\/td>\n<\/tr>\n<tr>\n<td>Type de marketing<\/td>\n<td>Produit ordinaire<\/td>\n<\/tr>\n<tr>\n<td>Garantie des composants de base<\/td>\n<td>1 an<\/td>\n<\/tr>\n<tr>\n<td>Composants essentiels<\/td>\n<td>R\u00e9servoir sous pression, Moteur<\/td>\n<\/tr>\n<tr>\n<td>Lieu d'origine<\/td>\n<td>Guangdong, Chine<\/td>\n<\/tr>\n<tr>\n<td>Nom de la marque<\/td>\n<td>Lvyuan\/OEM<\/td>\n<\/tr>\n<tr>\n<td>Garantie<\/td>\n<td>1 an<\/td>\n<\/tr>\n<tr>\n<td>Service apr\u00e8s-vente<\/td>\n<td>Soutien en ligne<\/td>\n<\/tr>\n<tr>\n<td>type1<\/td>\n<td>dessalement de l'eau de mer<\/td>\n<\/tr>\n<tr>\n<td>type2<\/td>\n<td>dessalement de l'eau am\u00e8re<\/td>\n<\/tr>\n<tr>\n<td>type3<\/td>\n<td>Syst\u00e8me de purification de l'eau<\/td>\n<\/tr>\n<tr>\n<td>taux d'eau<\/td>\n<td>5000LPD-100000LPD<\/td>\n<\/tr>\n<tr>\n<td>taux de dessalement<\/td>\n<td>98%<\/td>\n<\/tr>\n<tr>\n<td>pression de service<\/td>\n<td>3,5-6,5MPa<\/td>\n<\/tr>\n<tr>\n<td>utilisation<\/td>\n<td>fabrication d'eau pure pour les voiliers<\/td>\n<\/tr>\n<tr>\n<td>processus de base<\/td>\n<td>membrane d'osmose inverse<\/td>\n<\/tr>\n<tr>\n<td>st\u00e9rilisation<\/td>\n<td>St\u00e9rilisateur UV<\/td>\n<\/tr>\n<tr>\n<td>utilisation2<\/td>\n<td>dessalement de l'eau de mer pour les bateaux<\/td>\n<\/tr>\n<tr>\n<td>Capacit\u00e9 d'approvisionnement<\/td>\n<td>5 s\u00e9ries par semaine<\/td>\n<\/tr>\n<\/tbody>\n<\/table>","protected":false},"featured_media":4428,"comment_status":"open","ping_status":"closed","template":"","meta":{"_gspb_post_css":""},"product_brand":[],"product_cat":[1628],"product_tag":[1630,1534,1629,1632,1631,1633],"class_list":{"0":"post-4427","1":"product","2":"type-product","3":"status-publish","4":"has-post-thumbnail","6":"product_cat-seawater-desalination-plant","7":"product_tag-boat-desalination-system","8":"product_tag-inversafilterpurification","9":"product_tag-low-cost-seawater-desalination-plant","10":"product_tag-marine-water-purification","11":"product_tag-sailing-water-maker","12":"product_tag-seawater-treatment-system","14":"first","15":"instock","16":"shipping-taxable","17":"product-type-simple"},"_links":{"self":[{"href":"https:\/\/lyfilter.com\/fr\/wp-json\/wp\/v2\/product\/4427","targetHints":{"allow":["GET"]}}],"collection":[{"href":"https:\/\/lyfilter.com\/fr\/wp-json\/wp\/v2\/product"}],"about":[{"href":"https:\/\/lyfilter.com\/fr\/wp-json\/wp\/v2\/types\/product"}],"replies":[{"embeddable":true,"href":"https:\/\/lyfilter.com\/fr\/wp-json\/wp\/v2\/comments?post=4427"}],"wp:featuredmedia":[{"embeddable":true,"href":"https:\/\/lyfilter.com\/fr\/wp-json\/wp\/v2\/media\/4428"}],"wp:attachment":[{"href":"https:\/\/lyfilter.com\/fr\/wp-json\/wp\/v2\/media?parent=4427"}],"wp:term":[{"taxonomy":"product_brand","embeddable":true,"href":"https:\/\/lyfilter.com\/fr\/wp-json\/wp\/v2\/product_brand?post=4427"},{"taxonomy":"product_cat","embeddable":true,"href":"https:\/\/lyfilter.com\/fr\/wp-json\/wp\/v2\/product_cat?post=4427"},{"taxonomy":"product_tag","embeddable":true,"href":"https:\/\/lyfilter.com\/fr\/wp-json\/wp\/v2\/product_tag?post=4427"}],"curies":[{"name":"wp","href":"https:\/\/api.w.org\/{rel}","templated":true}]}}