{"id":4421,"date":"2026-04-04T09:44:14","date_gmt":"2026-04-04T09:44:14","guid":{"rendered":"https:\/\/lyfilter.com\/"},"modified":"2026-04-04T09:44:14","modified_gmt":"2026-04-04T09:44:14","slug":"lvyuan-filter-professional-sintered-stainless-steel-filter-elements-supply-for-water","status":"publish","type":"product","link":"https:\/\/lyfilter.com\/fr\/lvyuan-filter-professional-sintered-stainless-steel-filter-elements-supply-for-water\/","title":{"rendered":"Lvyuan Filter Professional Sintered Stainless Steel Filter Elements Supply For Water (\u00c9l\u00e9ments filtrants fritt\u00e9s en acier inoxydable pour l'eau)"},"content":{"rendered":"<p>Con\u00e7u pour la filtration de l'eau, cet \u00e9l\u00e9ment filtrant en acier inoxydable fritt\u00e9 offre un d\u00e9bit stable, une r\u00e9sistance durable et une longue dur\u00e9e de vie. Lvyuan et InversaFilterPurification assurent un approvisionnement et une assistance fiables pour une utilisation industrielle.<\/p>","protected":false},"excerpt":{"rendered":"<table>\n<thead>\n<tr>\n<th>Champ d'application<\/th>\n<th>Valeur<\/th>\n<\/tr>\n<\/thead>\n<tbody>\n<tr>\n<td>Service apr\u00e8s-vente<\/td>\n<td>Soutien en ligne<\/td>\n<\/tr>\n<tr>\n<td>Lieu de service local<\/td>\n<td>aucun<\/td>\n<\/tr>\n<tr>\n<td>Emplacement de la salle d'exposition<\/td>\n<td>aucun<\/td>\n<\/tr>\n<tr>\n<td>Vid\u00e9o de l'inspection de sortie<\/td>\n<td>Fourni<\/td>\n<\/tr>\n<tr>\n<td>Rapport d'essai des machines<\/td>\n<td>Fourni<\/td>\n<\/tr>\n<tr>\n<td>Type de marketing<\/td>\n<td>Produit ordinaire<\/td>\n<\/tr>\n<tr>\n<td>Garantie des composants de base<\/td>\n<td>1 an<\/td>\n<\/tr>\n<tr>\n<td>Composants essentiels<\/td>\n<td>R\u00e9servoir sous pression<\/td>\n<\/tr>\n<tr>\n<td>Lieu d'origine<\/td>\n<td>Guangdong, Chine<\/td>\n<\/tr>\n<tr>\n<td>Nom de la marque<\/td>\n<td>Lvyuan\/OEM<\/td>\n<\/tr>\n<tr>\n<td>Garantie<\/td>\n<td>1 an<\/td>\n<\/tr>\n<tr>\n<td>Service apr\u00e8s-vente<\/td>\n<td>Soutien en ligne<\/td>\n<\/tr>\n<tr>\n<td>Nom du produit<\/td>\n<td>filtre \u00e0 vapeur en acier inoxydable<\/td>\n<\/tr>\n<tr>\n<td>Taux de micron<\/td>\n<td>0,1 \u00e0 400 microns<\/td>\n<\/tr>\n<tr>\n<td>Dimension OEM<\/td>\n<td>Disponible<\/td>\n<\/tr>\n<tr>\n<td>Longueur<\/td>\n<td>5\u2033, 10\u2033, 20\u2033, 30\u2033, 40\u2033, 50\u201d, 60\u201d pouces<\/td>\n<\/tr>\n<tr>\n<td>Acier inoxydable Mat\u00e9riau<\/td>\n<td>304, 316, 316L<\/td>\n<\/tr>\n<tr>\n<td>Formulaire d'interface<\/td>\n<td>222,226,215, M36, M24, M22, M20 interface filet\u00e9e<\/td>\n<\/tr>\n<tr>\n<td>Couche<\/td>\n<td>filtre \u00e0 cartouche pliss\u00e9\/maill\u00e9<\/td>\n<\/tr>\n<tr>\n<td>Utilisation<\/td>\n<td>filtration des gaz et des liquides<\/td>\n<\/tr>\n<tr>\n<td>R\u00e9sistance \u00e0 la chaleur<\/td>\n<td>- 200 - 500 degr\u00e9s<\/td>\n<\/tr>\n<tr>\n<td>Pression de service<\/td>\n<td>0,1 \u00e0 30Mpa<\/td>\n<\/tr>\n<\/tbody>\n<\/table>","protected":false},"featured_media":4425,"comment_status":"open","ping_status":"closed","template":"","meta":{"_gspb_post_css":""},"product_brand":[],"product_cat":[18],"product_tag":[334,1534,1399,1626,1136,1627],"class_list":{"0":"post-4421","1":"product","2":"type-product","3":"status-publish","4":"has-post-thumbnail","6":"product_cat-sintered-metal-filters","7":"product_tag-industrial-water-filter","8":"product_tag-inversafilterpurification","9":"product_tag-lvyuan-sintered-stainless-steel-filter","10":"product_tag-stainless-steel-filter-element","11":"product_tag-water-filter-locks","12":"product_tag-water-filtration-filter-element","14":"first","15":"instock","16":"shipping-taxable","17":"product-type-simple"},"_links":{"self":[{"href":"https:\/\/lyfilter.com\/fr\/wp-json\/wp\/v2\/product\/4421","targetHints":{"allow":["GET"]}}],"collection":[{"href":"https:\/\/lyfilter.com\/fr\/wp-json\/wp\/v2\/product"}],"about":[{"href":"https:\/\/lyfilter.com\/fr\/wp-json\/wp\/v2\/types\/product"}],"replies":[{"embeddable":true,"href":"https:\/\/lyfilter.com\/fr\/wp-json\/wp\/v2\/comments?post=4421"}],"wp:featuredmedia":[{"embeddable":true,"href":"https:\/\/lyfilter.com\/fr\/wp-json\/wp\/v2\/media\/4425"}],"wp:attachment":[{"href":"https:\/\/lyfilter.com\/fr\/wp-json\/wp\/v2\/media?parent=4421"}],"wp:term":[{"taxonomy":"product_brand","embeddable":true,"href":"https:\/\/lyfilter.com\/fr\/wp-json\/wp\/v2\/product_brand?post=4421"},{"taxonomy":"product_cat","embeddable":true,"href":"https:\/\/lyfilter.com\/fr\/wp-json\/wp\/v2\/product_cat?post=4421"},{"taxonomy":"product_tag","embeddable":true,"href":"https:\/\/lyfilter.com\/fr\/wp-json\/wp\/v2\/product_tag?post=4421"}],"curies":[{"name":"wp","href":"https:\/\/api.w.org\/{rel}","templated":true}]}}