{"id":4414,"date":"2026-04-04T09:24:35","date_gmt":"2026-04-04T09:24:35","guid":{"rendered":"https:\/\/lyfilter.com\/"},"modified":"2026-05-08T01:28:26","modified_gmt":"2026-05-08T01:28:26","slug":"water-filter-housing-blue-ro-filter-housing-10-20-for-water-system","status":"publish","type":"product","link":"https:\/\/lyfilter.com\/fr\/water-filter-housing-blue-ro-filter-housing-10-20-for-water-system\/","title":{"rendered":"Bo\u00eetier de filtre \u00e0 eau bleu\/ Bo\u00eetier de filtre RO 10\u201d 20\u201d pour syst\u00e8me d'eau"},"content":{"rendered":"<p>Ce bo\u00eetier de filtre \u00e0 eau bleu est con\u00e7u pour une filtration fiable, offrant \u00e0 votre syst\u00e8me d'eau un ajustement s\u00fbr et un d\u00e9bit r\u00e9gulier. InversaFilterPurification propose des options de 10 et 20 pouces qui s'adaptent facilement \u00e0 diff\u00e9rentes configurations.<\/p>","protected":false},"excerpt":{"rendered":"<table>\n<thead>\n<tr>\n<th>Champ d'application<\/th>\n<th>Valeur<\/th>\n<\/tr>\n<\/thead>\n<tbody>\n<tr>\n<td>Industries concern\u00e9es<\/td>\n<td>H\u00f4tels, usines de produits alimentaires et de boissons, usage domestique, traitement de l'eau<\/td>\n<\/tr>\n<tr>\n<td>Lieu d'origine<\/td>\n<td>Guangdong, Chine<\/td>\n<\/tr>\n<tr>\n<td>Nom de la marque<\/td>\n<td>Lvyuan,OEM,ODM<\/td>\n<\/tr>\n<tr>\n<td>Mat\u00e9riau<\/td>\n<td>pp<\/td>\n<\/tr>\n<tr>\n<td>Poids<\/td>\n<td>personnalis\u00e9<\/td>\n<\/tr>\n<tr>\n<td>Taille<\/td>\n<td>personnalis\u00e9<\/td>\n<\/tr>\n<tr>\n<td>Puissance<\/td>\n<td>personnalis\u00e9<\/td>\n<\/tr>\n<tr>\n<td>Garantie<\/td>\n<td>Indisponible<\/td>\n<\/tr>\n<tr>\n<td>Fonctionnalit\u00e9<\/td>\n<td>purification des liquides<\/td>\n<\/tr>\n<tr>\n<td>Longueur<\/td>\n<td>10 pouces<\/td>\n<\/tr>\n<tr>\n<td>Certification<\/td>\n<td>SGS<\/td>\n<\/tr>\n<tr>\n<td>Forme<\/td>\n<td>cylindre<\/td>\n<\/tr>\n<tr>\n<td>Utilisation<\/td>\n<td>traitement de l'eau<\/td>\n<\/tr>\n<tr>\n<td>Application<\/td>\n<td>industrie, m\u00e9nages<\/td>\n<\/tr>\n<tr>\n<td>Mati\u00e8res premi\u00e8res<\/td>\n<td>pp<\/td>\n<\/tr>\n<tr>\n<td>style<\/td>\n<td>bon march\u00e9<\/td>\n<\/tr>\n<tr>\n<td>couleur<\/td>\n<td>Bleu et transparent<\/td>\n<\/tr>\n<tr>\n<td>OD<\/td>\n<td>185mm<\/td>\n<\/tr>\n<tr>\n<td>Service apr\u00e8s-vente<\/td>\n<td>Soutien en ligne<\/td>\n<\/tr>\n<tr>\n<td>Capacit\u00e9 d'approvisionnement<\/td>\n<td>500 pi\u00e8ces par jour<\/td>\n<\/tr>\n<\/tbody>\n<\/table>","protected":false},"featured_media":4415,"comment_status":"open","ping_status":"closed","template":"","meta":{"_gspb_post_css":""},"product_brand":[],"product_cat":[1304],"product_tag":[1625,1594,1623,1534,1624,1136],"class_list":{"0":"post-4414","1":"product","2":"type-product","3":"status-publish","4":"has-post-thumbnail","6":"product_cat-10-inch-filter-housing","7":"product_tag-10-inch-water-filter-housing","8":"product_tag-20-inch-filter-housing","9":"product_tag-blue-water-filter-housing","10":"product_tag-inversafilterpurification","11":"product_tag-ro-filter-housing","12":"product_tag-water-filter-locks","14":"first","15":"instock","16":"shipping-taxable","17":"product-type-simple"},"_links":{"self":[{"href":"https:\/\/lyfilter.com\/fr\/wp-json\/wp\/v2\/product\/4414","targetHints":{"allow":["GET"]}}],"collection":[{"href":"https:\/\/lyfilter.com\/fr\/wp-json\/wp\/v2\/product"}],"about":[{"href":"https:\/\/lyfilter.com\/fr\/wp-json\/wp\/v2\/types\/product"}],"replies":[{"embeddable":true,"href":"https:\/\/lyfilter.com\/fr\/wp-json\/wp\/v2\/comments?post=4414"}],"wp:featuredmedia":[{"embeddable":true,"href":"https:\/\/lyfilter.com\/fr\/wp-json\/wp\/v2\/media\/4415"}],"wp:attachment":[{"href":"https:\/\/lyfilter.com\/fr\/wp-json\/wp\/v2\/media?parent=4414"}],"wp:term":[{"taxonomy":"product_brand","embeddable":true,"href":"https:\/\/lyfilter.com\/fr\/wp-json\/wp\/v2\/product_brand?post=4414"},{"taxonomy":"product_cat","embeddable":true,"href":"https:\/\/lyfilter.com\/fr\/wp-json\/wp\/v2\/product_cat?post=4414"},{"taxonomy":"product_tag","embeddable":true,"href":"https:\/\/lyfilter.com\/fr\/wp-json\/wp\/v2\/product_tag?post=4414"}],"curies":[{"name":"wp","href":"https:\/\/api.w.org\/{rel}","templated":true}]}}