{"id":4405,"date":"2026-04-04T09:09:51","date_gmt":"2026-04-04T09:09:51","guid":{"rendered":"https:\/\/lyfilter.com\/"},"modified":"2026-04-04T09:09:51","modified_gmt":"2026-04-04T09:09:51","slug":"sintered-porous-stainless-steel-filters-for-manufacturing-factory-direct-supply","status":"publish","type":"product","link":"https:\/\/lyfilter.com\/fr\/sintered-porous-stainless-steel-filters-for-manufacturing-factory-direct-supply\/","title":{"rendered":"Filtres en acier inoxydable poreux fritt\u00e9 pour la fabrication Fourniture directe \u00e0 l'usine"},"content":{"rendered":"<p><b>D\u00e9tails du produit des filtres en acier inoxydable poreux fritt\u00e9<\/b><\/p>\n<p>&nbsp;<\/p>\n<p><b>Vue d'ensemble<\/b><\/p>\n<p>Lvyuan Water Purification Equipment \u2018s\u00a0<a href=\"https:\/\/lyfilter.com\/fr\/products.html\/\">cartouches de filtre \u00e0 eau<\/a>,Le fabricant de filtres \u00e0 cartouche, le fabricant de bo\u00eetiers \u00e0 cartouche sont con\u00e7us de mani\u00e8re raisonnable. Ils sont stables en termes de performances et faciles \u00e0 utiliser. Leur qualit\u00e9 est fiable et leur utilisation durable.\u00a0<a href=\"https:\/\/lyfilter.com\/fr\/\">Filtre Lvyuan<\/a>\u00a0Les filtres en acier inoxydable poreux fritt\u00e9 sont con\u00e7us par des designers de haut niveau et des \u00e9quipes de R&amp;D ind\u00e9pendantes. Le produit lui-m\u00eame est l'incarnation parfaite de la qualit\u00e9 de Lvyuan Filter. Ce produit est adapt\u00e9 \u00e0 chaque domaine et poss\u00e8de de vastes perspectives de march\u00e9.<\/p>\n<p>&nbsp;<\/p>\n<p><b>Pr\u00e9sentation du produit<\/b><\/p>\n<p>Par rapport \u00e0 des produits similaires, les filtres en acier inoxydable poreux fritt\u00e9 de Lvyuan Water Purification Equipment pr\u00e9sentent les avantages suivants.<\/p>\n<div class=\"pro_aliData\">\n<div class=\"detail-box\">\n<div class=\"scc-wrapper detail-module module-cspu\" data-module=\"cspu\"><\/div>\n<div class=\"scc-wrapper detail-module module-productPackagingAndQuickDetail\" data-spm=\"prilinga1e\">\n<div class=\"widget-detail-overview\">\n<div class=\"do-title\">Vue d'ensemble<\/div>\n<div id=\"car-parts-model\"><\/div>\n<div class=\"do-content\">\n<div class=\"do-overview\">\n<div class=\"do-entry do-entry-separate\">\n<div class=\"do-entry-title\">D\u00e9tails rapides<\/div>\n<div class=\"do-entry-list\">\n<dl id=\"100005642\" class=\"do-entry-item\">\n<dt class=\"do-entry-item\"><span class=\"attr-name J-attr-name\" title=\"Condition\">\u00c9tat :<\/span><\/dt>\n<dd class=\"do-entry-item-val\">\n<div class=\"ellipsis\" title=\"Nouveau\">Nouveau<\/div>\n<\/dd>\n<\/dl>\n<dl id=\"224439040\" class=\"do-entry-item\">\n<dt class=\"do-entry-item\"><span class=\"attr-name J-attr-name\" title=\"Industries concern\u00e9es\">Industries concern\u00e9es :<\/span><\/dt>\n<dd class=\"do-entry-item-val\">\n<div class=\"ellipsis\" title=\"H\u00f4tels, magasins de v\u00eatements, magasins de mat\u00e9riaux de construction, usines de fabrication, ateliers de r\u00e9paration de machines, usines de produits alimentaires et de boissons, fermes, restaurants, usage domestique, commerce de d\u00e9tail, magasins d&#039;alimentation, imprimeries, travaux de construction, \u00e9nergie et mines, magasins de produits alimentaires et de boissons.\">H\u00f4tels, magasins de v\u00eatements, magasins de mat\u00e9riaux de construction, usines de fabrication, ateliers de r\u00e9paration de machines, usines de produits alimentaires et de boissons, fermes, restaurants, usage domestique, commerce de d\u00e9tail, magasins d'alimentation, imprimeries, travaux de construction, \u00e9nergie et mines, magasins de produits alimentaires et de boissons.<\/div>\n<\/dd>\n<\/dl>\n<\/div>\n<\/div>\n<\/div>\n<\/div>\n<\/div>\n<\/div>\n<\/div>\n<\/div>","protected":false},"excerpt":{"rendered":"<table>\n<thead>\n<tr>\n<th>Champ d'application<\/th>\n<th>Valeur<\/th>\n<\/tr>\n<\/thead>\n<tbody>\n<tr>\n<td>Service apr\u00e8s-vente<\/td>\n<td>Soutien en ligne<\/td>\n<\/tr>\n<tr>\n<td>Lieu de service local<\/td>\n<td>aucun<\/td>\n<\/tr>\n<tr>\n<td>Emplacement de la salle d'exposition<\/td>\n<td>aucun<\/td>\n<\/tr>\n<tr>\n<td>Vid\u00e9o de l'inspection de sortie<\/td>\n<td>Fourni<\/td>\n<\/tr>\n<tr>\n<td>Rapport d'essai des machines<\/td>\n<td>Fourni<\/td>\n<\/tr>\n<tr>\n<td>Type de marketing<\/td>\n<td>Produit ordinaire<\/td>\n<\/tr>\n<tr>\n<td>Garantie des composants de base<\/td>\n<td>1 an<\/td>\n<\/tr>\n<tr>\n<td>Composants essentiels<\/td>\n<td>R\u00e9servoir sous pression<\/td>\n<\/tr>\n<tr>\n<td>Lieu d'origine<\/td>\n<td>Guangdong, Chine<\/td>\n<\/tr>\n<tr>\n<td>Nom de la marque<\/td>\n<td>Lvyuan\/OEM<\/td>\n<\/tr>\n<tr>\n<td>Garantie<\/td>\n<td>1 an<\/td>\n<\/tr>\n<tr>\n<td>Service apr\u00e8s-vente<\/td>\n<td>Soutien en ligne<\/td>\n<\/tr>\n<tr>\n<td>Mots cl\u00e9s<\/td>\n<td>cartouche filtrante en fil d'acier inoxydable<\/td>\n<\/tr>\n<tr>\n<td>Diam\u00e8tre<\/td>\n<td>Demande du client<\/td>\n<\/tr>\n<tr>\n<td>Mat\u00e9riau<\/td>\n<td>acier inoxydable<\/td>\n<\/tr>\n<tr>\n<td>Forme<\/td>\n<td>cylindre<\/td>\n<\/tr>\n<tr>\n<td>Utilisation<\/td>\n<td>traitement de l'eau<\/td>\n<\/tr>\n<tr>\n<td>Application<\/td>\n<td>l'industrie<\/td>\n<\/tr>\n<tr>\n<td>Couleur<\/td>\n<td>argent liquide<\/td>\n<\/tr>\n<tr>\n<td>Emballage<\/td>\n<td>bo\u00eete en papier<\/td>\n<\/tr>\n<tr>\n<td>longueur<\/td>\n<td>10\/20\/30\/40 pouces<\/td>\n<\/tr>\n<tr>\n<td>Avantage<\/td>\n<td>r\u00e9utilisation<\/td>\n<\/tr>\n<tr>\n<td>Capacit\u00e9 d'approvisionnement<\/td>\n<td>10000 pi\u00e8ces par mois<\/td>\n<\/tr>\n<\/tbody>\n<\/table>","protected":false},"featured_media":4407,"comment_status":"open","ping_status":"closed","template":"","meta":{"_gspb_post_css":""},"product_brand":[],"product_cat":[18],"product_tag":[1617,1616,1534,1614,1615,1136],"class_list":{"0":"post-4405","1":"product","2":"type-product","3":"status-publish","4":"has-post-thumbnail","6":"product_cat-sintered-metal-filters","7":"product_tag-factory-direct-supply-filter","8":"product_tag-industrial-porous-metal-filter","9":"product_tag-inversafilterpurification","10":"product_tag-sintered-porous-stainless-steel-filter","11":"product_tag-stainless-steel-manufacturing-filter","12":"product_tag-water-filter-locks","14":"first","15":"instock","16":"shipping-taxable","17":"product-type-simple"},"_links":{"self":[{"href":"https:\/\/lyfilter.com\/fr\/wp-json\/wp\/v2\/product\/4405","targetHints":{"allow":["GET"]}}],"collection":[{"href":"https:\/\/lyfilter.com\/fr\/wp-json\/wp\/v2\/product"}],"about":[{"href":"https:\/\/lyfilter.com\/fr\/wp-json\/wp\/v2\/types\/product"}],"replies":[{"embeddable":true,"href":"https:\/\/lyfilter.com\/fr\/wp-json\/wp\/v2\/comments?post=4405"}],"wp:featuredmedia":[{"embeddable":true,"href":"https:\/\/lyfilter.com\/fr\/wp-json\/wp\/v2\/media\/4407"}],"wp:attachment":[{"href":"https:\/\/lyfilter.com\/fr\/wp-json\/wp\/v2\/media?parent=4405"}],"wp:term":[{"taxonomy":"product_brand","embeddable":true,"href":"https:\/\/lyfilter.com\/fr\/wp-json\/wp\/v2\/product_brand?post=4405"},{"taxonomy":"product_cat","embeddable":true,"href":"https:\/\/lyfilter.com\/fr\/wp-json\/wp\/v2\/product_cat?post=4405"},{"taxonomy":"product_tag","embeddable":true,"href":"https:\/\/lyfilter.com\/fr\/wp-json\/wp\/v2\/product_tag?post=4405"}],"curies":[{"name":"wp","href":"https:\/\/api.w.org\/{rel}","templated":true}]}}