{"id":4397,"date":"2026-04-04T09:06:52","date_gmt":"2026-04-04T09:06:52","guid":{"rendered":"https:\/\/lyfilter.com\/"},"modified":"2026-04-04T09:06:52","modified_gmt":"2026-04-04T09:06:52","slug":"best-price-pp-melt-blown-filter-cartridge-with-custom-services-for-water-purifier","status":"publish","type":"product","link":"https:\/\/lyfilter.com\/fr\/best-price-pp-melt-blown-filter-cartridge-with-custom-services-for-water-purifier\/","title":{"rendered":"Cartouche filtrante souffl\u00e9e en PP avec services personnalis\u00e9s pour purificateur d'eau"},"content":{"rendered":"<p><b>Avantages pour l'entreprise<\/b><br \/>\n<b>1.<\/b>\u00a0La conception de\u00a0<a href=\"https:\/\/lyfilter.com\/fr\/\">Filtre Lvyuan<\/a>\u00a0est rigoureusement men\u00e9e. Il est r\u00e9alis\u00e9 par nos concepteurs qui accordent une grande importance \u00e0 la s\u00e9curit\u00e9 des pi\u00e8ces et des composants, \u00e0 la s\u00e9curit\u00e9 de l'ensemble de la machine, \u00e0 la s\u00e9curit\u00e9 de fonctionnement et \u00e0 la s\u00e9curit\u00e9 environnementale. La capacit\u00e9 de r\u00e9tention de la salet\u00e9 est accrue et la dur\u00e9e de vie est plus longue.<br \/>\n<b>2.<\/b>\u00a0Depuis sa cr\u00e9ation, Guangzhou Lvyuan Water Purification Equipment Co. a re\u00e7u les \u00e9loges de nombreux utilisateurs. Le joint annulaire en forme d'\u00e9toile rend le\u00a0<a href=\"https:\/\/lyfilter.com\/fr\/products.html\/\">\u00e9l\u00e9ment filtrant<\/a>\u00a0facile \u00e0 d\u00e9monter et \u00e0 entretenir<br \/>\n<b>3.<\/b>\u00a0Le produit pr\u00e9sente une excellente \u00e9tanch\u00e9it\u00e9. Ses composants et pi\u00e8ces de pr\u00e9cision sont prot\u00e9g\u00e9s par un bo\u00eetier de protection afin d'\u00e9viter les chocs accidentels et les d\u00e9p\u00f4ts de poussi\u00e8re. Il est disponible dans une large gamme de longueurs pour les bo\u00eetiers standard et les bo\u00eetiers \u00e0 passage int\u00e9gral.<\/p>","protected":false},"excerpt":{"rendered":"<table>\n<thead>\n<tr>\n<th>Champ d'application<\/th>\n<th>Valeur<\/th>\n<\/tr>\n<\/thead>\n<tbody>\n<tr>\n<td>Industries concern\u00e9es<\/td>\n<td>Usine de fabrication, usine de produits alimentaires et de boissons, usage domestique, traitement de l'eau<\/td>\n<\/tr>\n<tr>\n<td>Lieu d'origine<\/td>\n<td>Guangdong, Chine<\/td>\n<\/tr>\n<tr>\n<td>Nom de la marque<\/td>\n<td>Lvyuan, OEM, ODM<\/td>\n<\/tr>\n<tr>\n<td>Mat\u00e9riau<\/td>\n<td>pp<\/td>\n<\/tr>\n<tr>\n<td>Poids<\/td>\n<td>personnalis\u00e9<\/td>\n<\/tr>\n<tr>\n<td>Taille<\/td>\n<td>personnalis\u00e9, mince, jumbo<\/td>\n<\/tr>\n<tr>\n<td>Puissance<\/td>\n<td>0<\/td>\n<\/tr>\n<tr>\n<td>Garantie<\/td>\n<td>Indisponible<\/td>\n<\/tr>\n<tr>\n<td>Fonctionnalit\u00e9<\/td>\n<td>taille et logo personnalis\u00e9s acier en acier<\/td>\n<\/tr>\n<tr>\n<td>Certification<\/td>\n<td>SGS<\/td>\n<\/tr>\n<tr>\n<td>Forme<\/td>\n<td>cylindre<\/td>\n<\/tr>\n<tr>\n<td>Utilisation<\/td>\n<td>traitement de l'eau<\/td>\n<\/tr>\n<tr>\n<td>Application<\/td>\n<td>l'industrie<\/td>\n<\/tr>\n<tr>\n<td>Couleur<\/td>\n<td>blanc<\/td>\n<\/tr>\n<tr>\n<td>Emballage<\/td>\n<td>bo\u00eete en papier<\/td>\n<\/tr>\n<tr>\n<td>Mati\u00e8res premi\u00e8res<\/td>\n<td>pp fibre<\/td>\n<\/tr>\n<tr>\n<td>Apparence<\/td>\n<td>gaufr\u00e9, brillant, etc.<\/td>\n<\/tr>\n<tr>\n<td>Service apr\u00e8s-vente<\/td>\n<td>Soutien en ligne<\/td>\n<\/tr>\n<tr>\n<td>Capacit\u00e9 d'approvisionnement<\/td>\n<td>5000 pi\u00e8ces par semaine<\/td>\n<\/tr>\n<\/tbody>\n<\/table>","protected":false},"featured_media":4404,"comment_status":"open","ping_status":"closed","template":"","meta":{"_gspb_post_css":""},"product_brand":[],"product_cat":[23],"product_tag":[665,1534,768,325,1613,1165],"class_list":{"0":"post-4397","1":"product","2":"type-product","3":"status-publish","4":"has-post-thumbnail","6":"product_cat-pp-filter-cartridge","7":"product_tag-custom-water-filter-cartridge","8":"product_tag-inversafilterpurification","9":"product_tag-pp-melt-blown-filter-cartridge","10":"product_tag-sediment-filter-cartridge","11":"product_tag-water-filtration-solution","12":"product_tag-water-purifier-filter","14":"first","15":"instock","16":"shipping-taxable","17":"product-type-simple"},"_links":{"self":[{"href":"https:\/\/lyfilter.com\/fr\/wp-json\/wp\/v2\/product\/4397","targetHints":{"allow":["GET"]}}],"collection":[{"href":"https:\/\/lyfilter.com\/fr\/wp-json\/wp\/v2\/product"}],"about":[{"href":"https:\/\/lyfilter.com\/fr\/wp-json\/wp\/v2\/types\/product"}],"replies":[{"embeddable":true,"href":"https:\/\/lyfilter.com\/fr\/wp-json\/wp\/v2\/comments?post=4397"}],"wp:featuredmedia":[{"embeddable":true,"href":"https:\/\/lyfilter.com\/fr\/wp-json\/wp\/v2\/media\/4404"}],"wp:attachment":[{"href":"https:\/\/lyfilter.com\/fr\/wp-json\/wp\/v2\/media?parent=4397"}],"wp:term":[{"taxonomy":"product_brand","embeddable":true,"href":"https:\/\/lyfilter.com\/fr\/wp-json\/wp\/v2\/product_brand?post=4397"},{"taxonomy":"product_cat","embeddable":true,"href":"https:\/\/lyfilter.com\/fr\/wp-json\/wp\/v2\/product_cat?post=4397"},{"taxonomy":"product_tag","embeddable":true,"href":"https:\/\/lyfilter.com\/fr\/wp-json\/wp\/v2\/product_tag?post=4397"}],"curies":[{"name":"wp","href":"https:\/\/api.w.org\/{rel}","templated":true}]}}