{"id":4384,"date":"2026-04-04T08:58:10","date_gmt":"2026-04-04T08:58:10","guid":{"rendered":"https:\/\/lyfilter.com\/"},"modified":"2026-04-04T08:58:10","modified_gmt":"2026-04-04T08:58:10","slug":"lvyuan-filter-pp-sediment-filter-with-good-price-for-water","status":"publish","type":"product","link":"https:\/\/lyfilter.com\/fr\/lvyuan-filter-pp-sediment-filter-with-good-price-for-water\/","title":{"rendered":"Lvyuan Filter Filtre \u00e0 s\u00e9diments PP \u00e0 bon prix pour l'eau"},"content":{"rendered":"<p><b>Avantages pour l'entreprise<\/b><br \/>\n<b>1.<\/b>\u00a0<a href=\"https:\/\/lyfilter.com\/fr\/\">Filtre Lvyuan<\/a>\u00a0est construit selon un processus de production sophistiqu\u00e9. Il doit \u00eatre forg\u00e9, press\u00e9, soud\u00e9, trait\u00e9 m\u00e9caniquement, nettoy\u00e9, rev\u00eatu, etc. Comme ils sont thermosoud\u00e9s, leurs capuchons ne sont pas susceptibles de se fissurer ou de tomber.<br \/>\n<b>2.<\/b>\u00a0Ce produit convient \u00e0 un large \u00e9ventail d'applications. Il est fabriqu\u00e9 en polypropyl\u00e8ne 100%.<br \/>\n<b>3.<\/b>\u00a0Ce produit consomme peu d'\u00e9nergie. Lorsqu'il ne fonctionne pas, il peut se mettre automatiquement en veille pour minimiser la consommation d'\u00e9nergie. Il peut fournir des analyses et des r\u00e9sultats pr\u00e9cis pour les applications sensibles de chromatographie ionique.<br \/>\n<b>4.<\/b>\u00a0Ce produit pr\u00e9sente les caract\u00e9ristiques d'un fonctionnement stable et fiable. Il maintient le niveau le plus \u00e9lev\u00e9 sans interruption. Il offre une excellente filtration et une bonne stabilit\u00e9 thermique<br \/>\n<b>5.<\/b>\u00a0La structure du produit est stable. Ses composants m\u00e9caniques sont con\u00e7us pour \u00eatre rigides et robustes afin de supporter les pi\u00e8ces mobiles. Il peut \u00e9galement filtrer les particules, les organismes microbiens, l'oxyde ferrique et d'autres impuret\u00e9s.<\/p>\n<p>&nbsp;<\/p>\n<h3 class=\"do-entry-title\">Emballage et livraison<\/h3>\n<div class=\"do-entry-list\">\n<dl class=\"do-entry-item\">\n<dt class=\"do-entry-item-key\">Unit\u00e9s de vente :<\/dt>\n<dd class=\"do-entry-item-val\">Article unique<\/dd>\n<\/dl>\n<dl class=\"do-entry-item\">\n<dt class=\"do-entry-item-key\" title=\"Taille de l&#039;emballage unique :\">Taille de l'emballage unique :<\/dt>\n<dd class=\"do-entry-item-val\">20X20X10 cm<\/dd>\n<\/dl>\n<dl class=\"do-entry-item\">\n<dt class=\"do-entry-item-key\" title=\"Poids brut unique :\">Poids brut unique :<\/dt>\n<dd class=\"do-entry-item-val\">1.000 kg<\/dd>\n<\/dl>\n<dl class=\"do-entry-item\">\n<dt class=\"do-entry-item-key\">Type d'emballage :<\/dt>\n<dd class=\"do-entry-item-val pkg-method\">Filtre \u00e0 poudre SS304 316 en acier inoxydable de 40 microns\/filtre \u00e0 bougie en m\u00e9tal fritt\u00e9 pour syst\u00e8me de filtration de gaz : Emballage simple (bo\u00eete int\u00e9rieure)<\/dd>\n<\/dl>\n<dl class=\"do-entry-item\">\n<dt class=\"do-entry-item-key\" title=\"D\u00e9lai d&#039;ex\u00e9cution\">D\u00e9lai d'ex\u00e9cution\u00a0<i class=\"next-icon next-icon-help next-icon-xs js-leadtimes-tips\"><\/i>:<\/dt>\n<dd class=\"do-entry-item-val\" title=\"D\u00e9lai d&#039;ex\u00e9cution\">\n<div class=\"table-responsive\">\n<table class=\"supply-ability-table ui2-table ui2-table-normal ui2-table-zebra ui2-table-hover\">\n<tbody>\n<tr>\n<td>Quantit\u00e9 (pi\u00e8ces)<\/td>\n<td>1 - 100<\/td>\n<td>&gt;100<\/td>\n<\/tr>\n<tr>\n<td>Est. Temps (jours)<\/td>\n<td>10<\/td>\n<td>A n\u00e9gocier<\/td>\n<\/tr>\n<\/tbody>\n<\/table>\n<\/div>\n<\/dd>\n<\/dl>\n<\/div>","protected":false},"excerpt":{"rendered":"<table>\n<thead>\n<tr>\n<th>Champ d'application<\/th>\n<th>Valeur<\/th>\n<\/tr>\n<\/thead>\n<tbody>\n<tr>\n<td>Industries concern\u00e9es<\/td>\n<td>Magasins d'alimentation et de boissons<\/td>\n<\/tr>\n<tr>\n<td>Service apr\u00e8s-vente<\/td>\n<td>Soutien en ligne<\/td>\n<\/tr>\n<tr>\n<td>Lieu de service local<\/td>\n<td>aucun<\/td>\n<\/tr>\n<tr>\n<td>Emplacement de la salle d'exposition<\/td>\n<td>aucun<\/td>\n<\/tr>\n<tr>\n<td>Vid\u00e9o de l'inspection de sortie<\/td>\n<td>Fourni<\/td>\n<\/tr>\n<tr>\n<td>Rapport d'essai des machines<\/td>\n<td>Fourni<\/td>\n<\/tr>\n<tr>\n<td>Type de marketing<\/td>\n<td>Produit ordinaire<\/td>\n<\/tr>\n<tr>\n<td>Garantie des composants de base<\/td>\n<td>1 an<\/td>\n<\/tr>\n<tr>\n<td>Composants essentiels<\/td>\n<td>R\u00e9servoir sous pression<\/td>\n<\/tr>\n<tr>\n<td>Lieu d'origine<\/td>\n<td>Chine<\/td>\n<\/tr>\n<tr>\n<td>Garantie<\/td>\n<td>1 an<\/td>\n<\/tr>\n<tr>\n<td>Service apr\u00e8s-vente<\/td>\n<td>Soutien en ligne<\/td>\n<\/tr>\n<tr>\n<td>Nom<\/td>\n<td>filtre \u00e0 bougie en m\u00e9tal fritt\u00e9<\/td>\n<\/tr>\n<tr>\n<td>Mat\u00e9riau<\/td>\n<td>SS304\/316L<\/td>\n<\/tr>\n<tr>\n<td>Longueur<\/td>\n<td>10\/20\/30\/40\/60 pouces<\/td>\n<\/tr>\n<tr>\n<td>Micron<\/td>\n<td>1 - 300um<\/td>\n<\/tr>\n<tr>\n<td>Couches<\/td>\n<td>5 couches<\/td>\n<\/tr>\n<tr>\n<td>Formulaire d'interface<\/td>\n<td>222,226,215, M36, M24, M22, M20 interface filet\u00e9e<\/td>\n<\/tr>\n<tr>\n<td>R\u00e9sistance \u00e0 la chaleur<\/td>\n<td>- 200 - 500 degr\u00e9s<\/td>\n<\/tr>\n<tr>\n<td>Pression de service<\/td>\n<td>0,1 - 30Mpa<\/td>\n<\/tr>\n<tr>\n<td>Taille<\/td>\n<td>Sur mesure<\/td>\n<\/tr>\n<\/tbody>\n<\/table>","protected":false},"featured_media":4386,"comment_status":"open","ping_status":"closed","template":"","meta":{"_gspb_post_css":""},"product_brand":[],"product_cat":[23],"product_tag":[1607,1534,1605,729,1606,1136],"class_list":{"0":"post-4384","1":"product","2":"type-product","3":"status-publish","4":"has-post-thumbnail","6":"product_cat-pp-filter-cartridge","7":"product_tag-affordable-water-sediment-filter","8":"product_tag-inversafilterpurification","9":"product_tag-lvyuan-pp-sediment-filter","10":"product_tag-polypropylene-filter-cartridge","11":"product_tag-pp-sediment-filter-for-water","12":"product_tag-water-filter-locks","14":"first","15":"instock","16":"shipping-taxable","17":"product-type-simple"},"_links":{"self":[{"href":"https:\/\/lyfilter.com\/fr\/wp-json\/wp\/v2\/product\/4384","targetHints":{"allow":["GET"]}}],"collection":[{"href":"https:\/\/lyfilter.com\/fr\/wp-json\/wp\/v2\/product"}],"about":[{"href":"https:\/\/lyfilter.com\/fr\/wp-json\/wp\/v2\/types\/product"}],"replies":[{"embeddable":true,"href":"https:\/\/lyfilter.com\/fr\/wp-json\/wp\/v2\/comments?post=4384"}],"wp:featuredmedia":[{"embeddable":true,"href":"https:\/\/lyfilter.com\/fr\/wp-json\/wp\/v2\/media\/4386"}],"wp:attachment":[{"href":"https:\/\/lyfilter.com\/fr\/wp-json\/wp\/v2\/media?parent=4384"}],"wp:term":[{"taxonomy":"product_brand","embeddable":true,"href":"https:\/\/lyfilter.com\/fr\/wp-json\/wp\/v2\/product_brand?post=4384"},{"taxonomy":"product_cat","embeddable":true,"href":"https:\/\/lyfilter.com\/fr\/wp-json\/wp\/v2\/product_cat?post=4384"},{"taxonomy":"product_tag","embeddable":true,"href":"https:\/\/lyfilter.com\/fr\/wp-json\/wp\/v2\/product_tag?post=4384"}],"curies":[{"name":"wp","href":"https:\/\/api.w.org\/{rel}","templated":true}]}}