{"id":4374,"date":"2026-04-04T08:52:56","date_gmt":"2026-04-04T08:52:56","guid":{"rendered":"https:\/\/lyfilter.com\/"},"modified":"2026-04-04T08:52:56","modified_gmt":"2026-04-04T08:52:56","slug":"lvyuan-filter-5-micron-water-filter-supplier","status":"publish","type":"product","link":"https:\/\/lyfilter.com\/fr\/lvyuan-filter-5-micron-water-filter-supplier\/","title":{"rendered":"Lvyuan Filter 5 Micron Water Filter Supplier"},"content":{"rendered":"<p>Con\u00e7u pour une filtration fiable, ce filtre \u00e0 eau Lvyuan 5 microns permet de r\u00e9duire les s\u00e9diments fins tout en favorisant un d\u00e9bit plus propre et plus r\u00e9gulier. InversaFilterPurification offre des performances pratiques, une qualit\u00e9 fiable et un aspect professionnel pour une utilisation quotidienne.<\/p>","protected":false},"excerpt":{"rendered":"<table>\n<thead>\n<tr>\n<th>Champ d'application<\/th>\n<th>Valeur<\/th>\n<\/tr>\n<\/thead>\n<tbody>\n<tr>\n<td>Lieu d'origine<\/td>\n<td>Chine<\/td>\n<\/tr>\n<tr>\n<td>Nom de la marque<\/td>\n<td>Lvyuan\/OEM<\/td>\n<\/tr>\n<tr>\n<td>Num\u00e9ro de mod\u00e8le<\/td>\n<td>LY-PLF-01<\/td>\n<\/tr>\n<tr>\n<td>Puissance (W)<\/td>\n<td>0<\/td>\n<\/tr>\n<tr>\n<td>Tension (V)<\/td>\n<td>0<\/td>\n<\/tr>\n<tr>\n<td>Service apr\u00e8s-vente<\/td>\n<td>aucun<\/td>\n<\/tr>\n<tr>\n<td>Garantie<\/td>\n<td>aucun<\/td>\n<\/tr>\n<tr>\n<td>Type<\/td>\n<td>Osmose inverse<\/td>\n<\/tr>\n<tr>\n<td>Certification<\/td>\n<td>GS<\/td>\n<\/tr>\n<tr>\n<td>Utilisation<\/td>\n<td>Pr\u00e9filtration domestique<\/td>\n<\/tr>\n<tr>\n<td>Application<\/td>\n<td>Voiture, VR, Ext\u00e9rieur, H\u00f4tel, Garage, Commercial, M\u00e9nage<\/td>\n<\/tr>\n<tr>\n<td>Source d'\u00e9nergie<\/td>\n<td>Manuel<\/td>\n<\/tr>\n<tr>\n<td>Nom<\/td>\n<td>\u00e9l\u00e9ment filtrant de type cartouche<\/td>\n<\/tr>\n<tr>\n<td>Mat\u00e9riau de la membrane filtrante<\/td>\n<td>PP\/PVDF\/PTFE\/PES\/Nylon<\/td>\n<\/tr>\n<tr>\n<td>Longueur<\/td>\n<td>5 \/ 10 \/ 20 \/ 30 \/ 40 \/ 50 \/ 60 pouces<\/td>\n<\/tr>\n<tr>\n<td>Conecteur<\/td>\n<td>Fin\/222\/226\/215\/DOE\/Thread<\/td>\n<\/tr>\n<tr>\n<td>Micron<\/td>\n<td>0.22\/0.5\/1\/3\/5\/10\/25\/50\/75\/100\/150<\/td>\n<\/tr>\n<tr>\n<td>M\u00e9thode de scellement<\/td>\n<td>Soudage par fusion \u00e0 chaud<\/td>\n<\/tr>\n<tr>\n<td>Diam\u00e8tre<\/td>\n<td>70mm\/OEM<\/td>\n<\/tr>\n<tr>\n<td>Noyau interne<\/td>\n<td>PP\/SS\/OEM<\/td>\n<\/tr>\n<tr>\n<td>MOQ<\/td>\n<td>Actuellement pas de limitation<\/td>\n<\/tr>\n<tr>\n<td>Capacit\u00e9 d'approvisionnement<\/td>\n<td>5000 pi\u00e8ces par semaine<\/td>\n<\/tr>\n<\/tbody>\n<\/table>","protected":false},"featured_media":4380,"comment_status":"open","ping_status":"closed","template":"","meta":{"_gspb_post_css":""},"product_brand":[],"product_cat":[1202],"product_tag":[1601,334,1534,1600,1136,1602],"class_list":{"0":"post-4374","1":"product","2":"type-product","3":"status-publish","4":"has-post-thumbnail","6":"product_cat-filter-cartridge","7":"product_tag-5-micron-water-filter-supplier","8":"product_tag-industrial-water-filter","9":"product_tag-inversafilterpurification","10":"product_tag-lvyuan-5-micron-water-filter","11":"product_tag-water-filter-locks","12":"product_tag-water-sediment-filter","14":"first","15":"instock","16":"shipping-taxable","17":"product-type-simple"},"_links":{"self":[{"href":"https:\/\/lyfilter.com\/fr\/wp-json\/wp\/v2\/product\/4374","targetHints":{"allow":["GET"]}}],"collection":[{"href":"https:\/\/lyfilter.com\/fr\/wp-json\/wp\/v2\/product"}],"about":[{"href":"https:\/\/lyfilter.com\/fr\/wp-json\/wp\/v2\/types\/product"}],"replies":[{"embeddable":true,"href":"https:\/\/lyfilter.com\/fr\/wp-json\/wp\/v2\/comments?post=4374"}],"wp:featuredmedia":[{"embeddable":true,"href":"https:\/\/lyfilter.com\/fr\/wp-json\/wp\/v2\/media\/4380"}],"wp:attachment":[{"href":"https:\/\/lyfilter.com\/fr\/wp-json\/wp\/v2\/media?parent=4374"}],"wp:term":[{"taxonomy":"product_brand","embeddable":true,"href":"https:\/\/lyfilter.com\/fr\/wp-json\/wp\/v2\/product_brand?post=4374"},{"taxonomy":"product_cat","embeddable":true,"href":"https:\/\/lyfilter.com\/fr\/wp-json\/wp\/v2\/product_cat?post=4374"},{"taxonomy":"product_tag","embeddable":true,"href":"https:\/\/lyfilter.com\/fr\/wp-json\/wp\/v2\/product_tag?post=4374"}],"curies":[{"name":"wp","href":"https:\/\/api.w.org\/{rel}","templated":true}]}}