{"id":4372,"date":"2026-04-04T08:49:40","date_gmt":"2026-04-04T08:49:40","guid":{"rendered":"https:\/\/lyfilter.com\/"},"modified":"2026-04-04T08:49:40","modified_gmt":"2026-04-04T08:49:40","slug":"lvyuan-affordable-titanium-filter-suppliers-for-factory","status":"publish","type":"product","link":"https:\/\/lyfilter.com\/fr\/lvyuan-affordable-titanium-filter-suppliers-for-factory\/","title":{"rendered":"Lvyuan Affordable Titanium Filter Suppliers For Factory (Fournisseurs de filtres en titane abordables pour l'usine)"},"content":{"rendered":"<p><b>Avantages pour l'entreprise<\/b><br \/>\n<b>1.<\/b>\u00a0Une telle conception de l'acier inoxydable\u00a0<a href=\"https:\/\/lyfilter.com\/fr\/sintered-filter-cartridge.html\/\">cartouche filtrante fritt\u00e9e<\/a>\u00a0pourrait potentiellement r\u00e9volutionner l'industrie des filtres en titane. Comme ils sont thermosoud\u00e9s, leurs bouchons ne sont pas susceptibles de se fissurer ou de tomber.<br \/>\n<b>2.<\/b>\u00a0Avec la diffusion du bouche \u00e0 oreille, le produit a un grand potentiel pour prendre une plus grande part de march\u00e9 \u00e0 l'avenir. Il peut contr\u00f4ler efficacement la pr\u00e9cision de la filtration<br \/>\n<b>3.<\/b>\u00a0Le d\u00e9veloppement vigoureux du filtre en titane est d\u00fb aux caract\u00e9ristiques de la cartouche filtrante fritt\u00e9e en acier inoxydable. Il retient les plus grosses particules dans les couches ext\u00e9rieures et les plus petites dans les couches profondes.<br \/>\n<b>4.<\/b>\u00a0Par rapport \u00e0 la cartouche filtrante fritt\u00e9e en acier inoxydable, le filtre en titane pr\u00e9sente les caract\u00e9ristiques des filtres m\u00e9talliques poreux. Il pr\u00e9sente une grande surface de filtration effective<\/p>\n<p>&nbsp;<\/p>\n<div class=\"scc-wrapper detail-module module-productPackagingAndQuickDetail\" data-spm=\"prilinga1e\">\n<div class=\"widget-detail-overview\">\n<div class=\"do-content\">\n<div class=\"do-overview\">\n<div class=\"do-entry do-entry-full\">\n<h3 class=\"do-entry-title\">Emballage et livraison<\/h3>\n<div class=\"do-entry-list\">\n<dl class=\"do-entry-item\">\n<dt class=\"do-entry-item-key\">Unit\u00e9s de vente :<\/dt>\n<dd class=\"do-entry-item-val\">Article unique<\/dd>\n<\/dl>\n<dl class=\"do-entry-item\">\n<dt class=\"do-entry-item-key\" title=\"Taille de l&#039;emballage unique :\">Taille de l'emballage unique :<\/dt>\n<dd class=\"do-entry-item-val\">20X20X20 cm<\/dd>\n<\/dl>\n<dl class=\"do-entry-item\">\n<dt class=\"do-entry-item-key\" title=\"Poids brut unique :\">Poids brut unique :<\/dt>\n<dd class=\"do-entry-item-val\">1.000 kg<\/dd>\n<\/dl>\n<dl class=\"do-entry-item\">\n<dt class=\"do-entry-item-key\">Type d'emballage :<\/dt>\n<dd class=\"do-entry-item-val pkg-method\">Filtre micronique \u00e0 poudre de titane de haute qualit\u00e9 10 20 40 pouces\/5 filtres microniques de titane Taille de l'emballage : Emballage simple 1pc\/Box 112*41*41cm\/CTN<\/dd>\n<\/dl>\n<dl class=\"do-entry-item\">\n<dt class=\"do-entry-item-key\" title=\"D\u00e9lai d&#039;ex\u00e9cution\">D\u00e9lai d'ex\u00e9cution\u00a0<i class=\"next-icon next-icon-help next-icon-xs js-leadtimes-tips\"><\/i>:<\/dt>\n<dd class=\"do-entry-item-val\" title=\"D\u00e9lai d&#039;ex\u00e9cution\">\n<div class=\"table-responsive\">\n<table class=\"supply-ability-table ui2-table ui2-table-normal ui2-table-zebra ui2-table-hover\">\n<tbody>\n<tr>\n<td>Quantit\u00e9 (pi\u00e8ces)<\/td>\n<td>1 - 500<\/td>\n<td>&gt;500<\/td>\n<\/tr>\n<tr>\n<td>Est. Temps (jours)<\/td>\n<td>10<\/td>\n<td>A n\u00e9gocier<\/td>\n<\/tr>\n<\/tbody>\n<\/table>\n<\/div>\n<\/dd>\n<\/dl>\n<\/div>\n<\/div>\n<\/div>\n<\/div>\n<\/div>\n<\/div>","protected":false},"excerpt":{"rendered":"<table>\n<thead>\n<tr>\n<th>Champ d'application<\/th>\n<th>Valeur<\/th>\n<\/tr>\n<\/thead>\n<tbody>\n<tr>\n<td>Industries concern\u00e9es<\/td>\n<td>Utilisation \u00e0 domicile<\/td>\n<\/tr>\n<tr>\n<td>Service apr\u00e8s-vente<\/td>\n<td>Soutien en ligne<\/td>\n<\/tr>\n<tr>\n<td>Lieu de service local<\/td>\n<td>aucun<\/td>\n<\/tr>\n<tr>\n<td>Emplacement de la salle d'exposition<\/td>\n<td>aucun<\/td>\n<\/tr>\n<tr>\n<td>Vid\u00e9o de l'inspection de sortie<\/td>\n<td>Fourni<\/td>\n<\/tr>\n<tr>\n<td>Rapport d'essai des machines<\/td>\n<td>Fourni<\/td>\n<\/tr>\n<tr>\n<td>Type de marketing<\/td>\n<td>Produit ordinaire<\/td>\n<\/tr>\n<tr>\n<td>Garantie des composants de base<\/td>\n<td>1 an<\/td>\n<\/tr>\n<tr>\n<td>Composants essentiels<\/td>\n<td>R\u00e9servoir sous pression<\/td>\n<\/tr>\n<tr>\n<td>Lieu d'origine<\/td>\n<td>Chine<\/td>\n<\/tr>\n<tr>\n<td>Garantie<\/td>\n<td>1 an<\/td>\n<\/tr>\n<tr>\n<td>Service apr\u00e8s-vente<\/td>\n<td>Soutien en ligne<\/td>\n<\/tr>\n<tr>\n<td>Nom de l'article<\/td>\n<td>filtre micronique \u00e0 poudre de titane<\/td>\n<\/tr>\n<tr>\n<td>Mat\u00e9riau<\/td>\n<td>Titane pur 99,6%<\/td>\n<\/tr>\n<tr>\n<td>Longueur<\/td>\n<td>10\u201d, 20\u201d, 30\u201d, 40\u201d<\/td>\n<\/tr>\n<tr>\n<td>Interface<\/td>\n<td>222,226,227,Flat,M20,M30,M42<\/td>\n<\/tr>\n<tr>\n<td>Diam\u00e8tre ext\u00e9rieur<\/td>\n<td>60 mm<\/td>\n<\/tr>\n<tr>\n<td>Porosit\u00e9<\/td>\n<td>28~50%<\/td>\n<\/tr>\n<tr>\n<td>Tol\u00e9rance de temp\u00e9rature<\/td>\n<td>\u2264300\u2103(humide)<\/td>\n<\/tr>\n<tr>\n<td>Utilisation<\/td>\n<td>filtrer l'eau min\u00e9rale, le vin, etc.<\/td>\n<\/tr>\n<tr>\n<td>Mode de lavage<\/td>\n<td>Rin\u00e7age de puits et contre-rin\u00e7age<\/td>\n<\/tr>\n<\/tbody>\n<\/table>","protected":false},"featured_media":4373,"comment_status":"open","ping_status":"closed","template":"","meta":{"_gspb_post_css":""},"product_brand":[],"product_cat":[1141],"product_tag":[1597,1598,1599,1534,1596,1136],"class_list":{"0":"post-4372","1":"product","2":"type-product","3":"status-publish","4":"has-post-thumbnail","6":"product_cat-titanium-filter-cartridge","7":"product_tag-affordable-titanium-filter","8":"product_tag-factory-titanium-filter-supplier","9":"product_tag-industrial-titanium-filter","10":"product_tag-inversafilterpurification","11":"product_tag-lvyuan-titanium-filter","12":"product_tag-water-filter-locks","14":"first","15":"instock","16":"shipping-taxable","17":"product-type-simple"},"_links":{"self":[{"href":"https:\/\/lyfilter.com\/fr\/wp-json\/wp\/v2\/product\/4372","targetHints":{"allow":["GET"]}}],"collection":[{"href":"https:\/\/lyfilter.com\/fr\/wp-json\/wp\/v2\/product"}],"about":[{"href":"https:\/\/lyfilter.com\/fr\/wp-json\/wp\/v2\/types\/product"}],"replies":[{"embeddable":true,"href":"https:\/\/lyfilter.com\/fr\/wp-json\/wp\/v2\/comments?post=4372"}],"wp:featuredmedia":[{"embeddable":true,"href":"https:\/\/lyfilter.com\/fr\/wp-json\/wp\/v2\/media\/4373"}],"wp:attachment":[{"href":"https:\/\/lyfilter.com\/fr\/wp-json\/wp\/v2\/media?parent=4372"}],"wp:term":[{"taxonomy":"product_brand","embeddable":true,"href":"https:\/\/lyfilter.com\/fr\/wp-json\/wp\/v2\/product_brand?post=4372"},{"taxonomy":"product_cat","embeddable":true,"href":"https:\/\/lyfilter.com\/fr\/wp-json\/wp\/v2\/product_cat?post=4372"},{"taxonomy":"product_tag","embeddable":true,"href":"https:\/\/lyfilter.com\/fr\/wp-json\/wp\/v2\/product_tag?post=4372"}],"curies":[{"name":"wp","href":"https:\/\/api.w.org\/{rel}","templated":true}]}}