{"id":4364,"date":"2026-04-04T08:43:05","date_gmt":"2026-04-04T08:43:05","guid":{"rendered":"https:\/\/lyfilter.com\/"},"modified":"2026-04-04T08:43:05","modified_gmt":"2026-04-04T08:43:05","slug":"pvdf-membrane-pleated-filter-industrial-water-filter-cartridge-for-mineral-water-filtration","status":"publish","type":"product","link":"https:\/\/lyfilter.com\/fr\/pvdf-membrane-pleated-filter-industrial-water-filter-cartridge-for-mineral-water-filtration\/","title":{"rendered":"Filtre pliss\u00e9 \u00e0 membrane PVDF\/Cartouche filtrante industrielle pour la filtration de l'eau min\u00e9rale"},"content":{"rendered":"<p>Con\u00e7ue pour la filtration de l'eau min\u00e9rale, cette cartouche filtrante pliss\u00e9e \u00e0 membrane PVDF assure un d\u00e9bit propre, une r\u00e9tention fiable des particules et des performances quotidiennes stables. InversaFilterPurification offre une qualit\u00e9 pratique, durable et professionnelle.<\/p>","protected":false},"excerpt":{"rendered":"<table>\n<thead>\n<tr>\n<th>Champ d'application<\/th>\n<th>Valeur<\/th>\n<\/tr>\n<\/thead>\n<tbody>\n<tr>\n<td>Industries concern\u00e9es<\/td>\n<td>Usine de produits alimentaires et de boissons, traitement de l'eau<\/td>\n<\/tr>\n<tr>\n<td>Lieu d'origine<\/td>\n<td>Guangdong, Chine<\/td>\n<\/tr>\n<tr>\n<td>Nom de la marque<\/td>\n<td>Lvyuan,OEM,ODM<\/td>\n<\/tr>\n<tr>\n<td>Mat\u00e9riau<\/td>\n<td>PVDF<\/td>\n<\/tr>\n<tr>\n<td>Poids<\/td>\n<td>personnalis\u00e9<\/td>\n<\/tr>\n<tr>\n<td>Taille<\/td>\n<td>personnalis\u00e9<\/td>\n<\/tr>\n<tr>\n<td>Puissance<\/td>\n<td>0<\/td>\n<\/tr>\n<tr>\n<td>Garantie<\/td>\n<td>Indisponible<\/td>\n<\/tr>\n<tr>\n<td>Fonctionnalit\u00e9<\/td>\n<td>augmentation de la surface de filtration<\/td>\n<\/tr>\n<tr>\n<td>longueur<\/td>\n<td>10\/20\/30\/40 pouces<\/td>\n<\/tr>\n<tr>\n<td>Certification<\/td>\n<td>SGS\/ISO<\/td>\n<\/tr>\n<tr>\n<td>Forme<\/td>\n<td>cylindre<\/td>\n<\/tr>\n<tr>\n<td>Utilisation<\/td>\n<td>filtration de l'eau industrielle<\/td>\n<\/tr>\n<tr>\n<td>Couleur<\/td>\n<td>blanc<\/td>\n<\/tr>\n<tr>\n<td>Emballage<\/td>\n<td>bo\u00eete en papier<\/td>\n<\/tr>\n<tr>\n<td>Autre nom<\/td>\n<td>cartouche filtrante pliss\u00e9e<\/td>\n<\/tr>\n<tr>\n<td>taux de micron<\/td>\n<td>0,1, 0,2, 0,45, 1, 3, 5 micon<\/td>\n<\/tr>\n<tr>\n<td>mat\u00e9riau du joint<\/td>\n<td>silicone, EPDM, NBR, Viton<\/td>\n<\/tr>\n<tr>\n<td>Service apr\u00e8s-vente<\/td>\n<td>Soutien en ligne<\/td>\n<\/tr>\n<tr>\n<td>Capacit\u00e9 d'approvisionnement<\/td>\n<td>5000 pi\u00e8ces par semaine<\/td>\n<\/tr>\n<\/tbody>\n<\/table>","protected":false},"featured_media":4368,"comment_status":"open","ping_status":"closed","template":"","meta":{"_gspb_post_css":""},"product_brand":[],"product_cat":[21],"product_tag":[743,1534,1591,814,1590,1136],"class_list":{"0":"post-4364","1":"product","2":"type-product","3":"status-publish","4":"has-post-thumbnail","6":"product_cat-pleated-filter-cartridge","7":"product_tag-industrial-water-filter-cartridge","8":"product_tag-inversafilterpurification","9":"product_tag-mineral-water-filtration-filter","10":"product_tag-pleated-water-filter-cartridge","11":"product_tag-pvdf-membrane-pleated-filter","12":"product_tag-water-filter-locks","14":"first","15":"instock","16":"shipping-taxable","17":"product-type-simple"},"_links":{"self":[{"href":"https:\/\/lyfilter.com\/fr\/wp-json\/wp\/v2\/product\/4364","targetHints":{"allow":["GET"]}}],"collection":[{"href":"https:\/\/lyfilter.com\/fr\/wp-json\/wp\/v2\/product"}],"about":[{"href":"https:\/\/lyfilter.com\/fr\/wp-json\/wp\/v2\/types\/product"}],"replies":[{"embeddable":true,"href":"https:\/\/lyfilter.com\/fr\/wp-json\/wp\/v2\/comments?post=4364"}],"wp:featuredmedia":[{"embeddable":true,"href":"https:\/\/lyfilter.com\/fr\/wp-json\/wp\/v2\/media\/4368"}],"wp:attachment":[{"href":"https:\/\/lyfilter.com\/fr\/wp-json\/wp\/v2\/media?parent=4364"}],"wp:term":[{"taxonomy":"product_brand","embeddable":true,"href":"https:\/\/lyfilter.com\/fr\/wp-json\/wp\/v2\/product_brand?post=4364"},{"taxonomy":"product_cat","embeddable":true,"href":"https:\/\/lyfilter.com\/fr\/wp-json\/wp\/v2\/product_cat?post=4364"},{"taxonomy":"product_tag","embeddable":true,"href":"https:\/\/lyfilter.com\/fr\/wp-json\/wp\/v2\/product_tag?post=4364"}],"curies":[{"name":"wp","href":"https:\/\/api.w.org\/{rel}","templated":true}]}}