{"id":4359,"date":"2026-04-04T08:32:27","date_gmt":"2026-04-04T08:32:27","guid":{"rendered":"https:\/\/lyfilter.com\/"},"modified":"2026-04-04T08:32:27","modified_gmt":"2026-04-04T08:32:27","slug":"lvyuan-stainless-steel-bag-filter-wholesale-for-sea-water","status":"publish","type":"product","link":"https:\/\/lyfilter.com\/fr\/lvyuan-stainless-steel-bag-filter-wholesale-for-sea-water\/","title":{"rendered":"Lvyuan Stainless Steel Bag Filter Wholesale For Sea Water (Filtre \u00e0 poche en acier inoxydable en gros pour l'eau de mer)"},"content":{"rendered":"<p><b>Avantages pour l'entreprise<\/b><br \/>\n<b>1.<\/b>\u00a0Le filtre \u00e0 poches en acier inoxydable de Lvyuan est fabriqu\u00e9 \u00e0 l'aide de mat\u00e9riaux de haute qualit\u00e9 et d'une technologie de pointe. Il offre une excellente filtration et une bonne stabilit\u00e9 thermique<br \/>\n<b>2.<\/b>\u00a0Guangzhou Lvyuan Water Purification Equipment Co, Ltd. fournit une assistance commerciale professionnelle aux partenaires locaux et aux grands comptes. Il retient les particules les plus grosses dans les couches ext\u00e9rieures et les plus petites dans les couches profondes.<br \/>\n<b>3.<\/b>\u00a0Ce produit est r\u00e9sistant \u00e0 la corrosion. Il a \u00e9t\u00e9 test\u00e9 dans un environnement de brouillard salin afin de d\u00e9terminer sa r\u00e9sistance aux effets d'une atmosph\u00e8re saline. Il ne s\u00e9cr\u00e8te pas de mati\u00e8re dissoluble en cours de fonctionnement.<br \/>\n<b>4.<\/b>\u00a0Le produit pr\u00e9sente une forte r\u00e9sistance \u00e0 la corrosion. Des mat\u00e9riaux non corrosifs ont \u00e9t\u00e9 utilis\u00e9s dans sa structure pour am\u00e9liorer sa capacit\u00e9 \u00e0 r\u00e9sister \u00e0 la rouille ou aux liquides acides. La matrice de fibres autoportante permet une conception sans noyau qui est \u00e0 la fois \u00e9conomique et solide.<br \/>\n<b>5.<\/b>\u00a0Le produit est facile \u00e0 utiliser. Il dispose d'un syst\u00e8me d'exploitation relativement simple combinant un flux de traitement puissant et fournit des instructions d'utilisation simples. Tous ses \u00e9l\u00e9ments sont fabriqu\u00e9s avec des mat\u00e9riaux conformes \u00e0 la FDA pour le contact avec les aliments et les boissons.<\/p>","protected":false},"excerpt":{"rendered":"<p>Con\u00e7u pour la filtration de l'eau de mer, ce filtre \u00e0 poche en acier inoxydable de Lvyuan permet un d\u00e9bit plus propre, une capture fiable des particules et une utilisation durable. InversaFilterPurification apporte une qualit\u00e9 pratique avec un toucher lisse et professionnel.<\/p>","protected":false},"featured_media":4361,"comment_status":"open","ping_status":"closed","template":"","meta":{"_gspb_post_css":""},"product_brand":[],"product_cat":[1135],"product_tag":[1534,1582,1585,1583,1584,1136],"class_list":{"0":"post-4359","1":"product","2":"type-product","3":"status-publish","4":"has-post-thumbnail","6":"product_cat-stainless-steel-bag-filter-housing","7":"product_tag-inversafilterpurification","8":"product_tag-lvyuan-stainless-steel-bag-filter","9":"product_tag-marine-filtration-system","10":"product_tag-sea-water-bag-filter","11":"product_tag-stainless-steel-sea-water-filter","12":"product_tag-water-filter-locks","14":"first","15":"instock","16":"shipping-taxable","17":"product-type-simple"},"_links":{"self":[{"href":"https:\/\/lyfilter.com\/fr\/wp-json\/wp\/v2\/product\/4359","targetHints":{"allow":["GET"]}}],"collection":[{"href":"https:\/\/lyfilter.com\/fr\/wp-json\/wp\/v2\/product"}],"about":[{"href":"https:\/\/lyfilter.com\/fr\/wp-json\/wp\/v2\/types\/product"}],"replies":[{"embeddable":true,"href":"https:\/\/lyfilter.com\/fr\/wp-json\/wp\/v2\/comments?post=4359"}],"wp:featuredmedia":[{"embeddable":true,"href":"https:\/\/lyfilter.com\/fr\/wp-json\/wp\/v2\/media\/4361"}],"wp:attachment":[{"href":"https:\/\/lyfilter.com\/fr\/wp-json\/wp\/v2\/media?parent=4359"}],"wp:term":[{"taxonomy":"product_brand","embeddable":true,"href":"https:\/\/lyfilter.com\/fr\/wp-json\/wp\/v2\/product_brand?post=4359"},{"taxonomy":"product_cat","embeddable":true,"href":"https:\/\/lyfilter.com\/fr\/wp-json\/wp\/v2\/product_cat?post=4359"},{"taxonomy":"product_tag","embeddable":true,"href":"https:\/\/lyfilter.com\/fr\/wp-json\/wp\/v2\/product_tag?post=4359"}],"curies":[{"name":"wp","href":"https:\/\/api.w.org\/{rel}","templated":true}]}}