{"id":4339,"date":"2026-04-04T08:10:36","date_gmt":"2026-04-04T08:10:36","guid":{"rendered":"https:\/\/lyfilter.com\/"},"modified":"2026-04-04T08:10:36","modified_gmt":"2026-04-04T08:10:36","slug":"guangzhou-manufacturer-9-75-10-18-5-water-carbon-filter-cartridge-for-water-filter-housings","status":"publish","type":"product","link":"https:\/\/lyfilter.com\/fr\/guangzhou-manufacturer-9-75-10-18-5-water-carbon-filter-cartridge-for-water-filter-housings\/","title":{"rendered":"Guangzhou Fabricant 9.75\u2033 10\u2033 18.5\u2033 Cartouche de filtre \u00e0 charbon pour eau pour les bo\u00eetiers de filtre \u00e0 eau"},"content":{"rendered":"<p>Con\u00e7ue pour une filtration quotidienne plus propre, cette cartouche de filtre \u00e0 charbon de Guangzhou s'adapte aux bo\u00eetiers de filtre \u00e0 eau de 9,75 pouces, 10 pouces et 18,5 pouces avec des performances fiables. InversaFilterPurification offre une qualit\u00e9 pratique, un d\u00e9bit r\u00e9gulier et une utilisation quotidienne fiable.<\/p>","protected":false},"excerpt":{"rendered":"<table>\n<thead>\n<tr>\n<th>Champ d'application<\/th>\n<th>Valeur<\/th>\n<\/tr>\n<\/thead>\n<tbody>\n<tr>\n<td>Lieu d'origine<\/td>\n<td>Guangdong, Chine<\/td>\n<\/tr>\n<tr>\n<td>Nom de la marque<\/td>\n<td>OEM\/LVYUAN<\/td>\n<\/tr>\n<tr>\n<td>Mat\u00e9riau<\/td>\n<td>CARBONE, charbon de coco activ\u00e9 fritt\u00e9<\/td>\n<\/tr>\n<tr>\n<td>Poids<\/td>\n<td>200<\/td>\n<\/tr>\n<tr>\n<td>Taille<\/td>\n<td>68x28x250mm<\/td>\n<\/tr>\n<tr>\n<td>Puissance<\/td>\n<td>0<\/td>\n<\/tr>\n<tr>\n<td>Garantie<\/td>\n<td>Indisponible<\/td>\n<\/tr>\n<tr>\n<td>Nom du produit<\/td>\n<td>Fabricant Guangzhou 9.75\u2033 10\u2033 18.5\u2033 cartouche de filtre \u00e0 charbon pour l'eau<\/td>\n<\/tr>\n<tr>\n<td>Service apr\u00e8s-vente<\/td>\n<td>Support en ligne, Support en ligne<\/td>\n<\/tr>\n<tr>\n<td>Certification<\/td>\n<td>SGS\/ISO<\/td>\n<\/tr>\n<tr>\n<td>Longueur<\/td>\n<td>10-1050mm<\/td>\n<\/tr>\n<tr>\n<td>OD<\/td>\n<td>14-121mm<\/td>\n<\/tr>\n<tr>\n<td>ID<\/td>\n<td>6-50mm<\/td>\n<\/tr>\n<tr>\n<td>Taux de micron<\/td>\n<td>0,5-20um<\/td>\n<\/tr>\n<tr>\n<td>Indice d'iode<\/td>\n<td>jusqu'\u00e0 1000<\/td>\n<\/tr>\n<tr>\n<td>D\u00e9bit<\/td>\n<td>\u2264300L\/h<\/td>\n<\/tr>\n<tr>\n<td>Capacit\u00e9 d'approvisionnement<\/td>\n<td>500 pi\u00e8ces par jour<\/td>\n<\/tr>\n<\/tbody>\n<\/table>","protected":false},"featured_media":4340,"comment_status":"open","ping_status":"closed","template":"","meta":{"_gspb_post_css":""},"product_brand":[],"product_cat":[22],"product_tag":[1572,1573,1571,1569,1534,1570],"class_list":{"0":"post-4339","1":"product","2":"type-product","3":"status-publish","4":"has-post-thumbnail","6":"product_cat-sintered-filter-cartridge","7":"product_tag-10-inch-carbon-filter-cartridge","8":"product_tag-18-5-inch-water-filter-cartridge","9":"product_tag-9-75-inch-carbon-filter","10":"product_tag-guangzhou-water-carbon-filter-cartridge","11":"product_tag-inversafilterpurification","12":"product_tag-water-filter-housings","14":"first","15":"instock","16":"shipping-taxable","17":"product-type-simple"},"_links":{"self":[{"href":"https:\/\/lyfilter.com\/fr\/wp-json\/wp\/v2\/product\/4339","targetHints":{"allow":["GET"]}}],"collection":[{"href":"https:\/\/lyfilter.com\/fr\/wp-json\/wp\/v2\/product"}],"about":[{"href":"https:\/\/lyfilter.com\/fr\/wp-json\/wp\/v2\/types\/product"}],"replies":[{"embeddable":true,"href":"https:\/\/lyfilter.com\/fr\/wp-json\/wp\/v2\/comments?post=4339"}],"wp:featuredmedia":[{"embeddable":true,"href":"https:\/\/lyfilter.com\/fr\/wp-json\/wp\/v2\/media\/4340"}],"wp:attachment":[{"href":"https:\/\/lyfilter.com\/fr\/wp-json\/wp\/v2\/media?parent=4339"}],"wp:term":[{"taxonomy":"product_brand","embeddable":true,"href":"https:\/\/lyfilter.com\/fr\/wp-json\/wp\/v2\/product_brand?post=4339"},{"taxonomy":"product_cat","embeddable":true,"href":"https:\/\/lyfilter.com\/fr\/wp-json\/wp\/v2\/product_cat?post=4339"},{"taxonomy":"product_tag","embeddable":true,"href":"https:\/\/lyfilter.com\/fr\/wp-json\/wp\/v2\/product_tag?post=4339"}],"curies":[{"name":"wp","href":"https:\/\/api.w.org\/{rel}","templated":true}]}}