{"id":4331,"date":"2026-04-04T08:02:54","date_gmt":"2026-04-04T08:02:54","guid":{"rendered":"https:\/\/lyfilter.com\/"},"modified":"2026-04-04T08:02:54","modified_gmt":"2026-04-04T08:02:54","slug":"lvyuan-professional-ss-cartridge-filter-housing-suppliers-for-purify","status":"publish","type":"product","link":"https:\/\/lyfilter.com\/fr\/lvyuan-professional-ss-cartridge-filter-housing-suppliers-for-purify\/","title":{"rendered":"Lvyuan Professional SS Cartridge Filter Housing Suppliers For Purify (Fournisseurs de cartouches filtrantes en acier inoxydable pour la purification)"},"content":{"rendered":"<h3 class=\"do-entry-title\">Emballage et livraison<\/h3>\n<div class=\"do-entry-list\">\n<dl class=\"do-entry-item\">\n<dt class=\"do-entry-item-key\">Unit\u00e9s de vente :<\/dt>\n<dd class=\"do-entry-item-val\">Article unique<\/dd>\n<\/dl>\n<dl class=\"do-entry-item\">\n<dt class=\"do-entry-item-key\" title=\"Taille de l&#039;emballage unique :\">Taille de l'emballage unique :<\/dt>\n<dd class=\"do-entry-item-val\">50X25X25 cm<\/dd>\n<\/dl>\n<dl class=\"do-entry-item\">\n<dt class=\"do-entry-item-key\" title=\"Poids brut unique :\">Poids brut unique :<\/dt>\n<dd class=\"do-entry-item-val\">6.000 kg<\/dd>\n<\/dl>\n<dl class=\"do-entry-item\">\n<dt class=\"do-entry-item-key\">Type d'emballage :<\/dt>\n<dd class=\"do-entry-item-val pkg-method\">Filtre \u00e0 eau en acier inoxydable 304 316L de 10 pouces avec \u00e9l\u00e9ment de cartouche de filtre \u00e0 eau en PP : Emballage : Bo\u00eete standard pour l'exportation\/Selon les besoins<\/dd>\n<\/dl>\n<dl class=\"do-entry-item\">\n<dt class=\"do-entry-item-key\" title=\"D\u00e9lai d&#039;ex\u00e9cution\">D\u00e9lai d'ex\u00e9cution\u00a0<i class=\"next-icon next-icon-help next-icon-xs js-leadtimes-tips\"><\/i>:<\/dt>\n<dd class=\"do-entry-item-val\" title=\"D\u00e9lai d&#039;ex\u00e9cution\">\n<div class=\"table-responsive\">\n<table class=\"supply-ability-table ui2-table ui2-table-normal ui2-table-zebra ui2-table-hover\">\n<tbody>\n<tr>\n<td>Quantit\u00e9 (unit\u00e9s)<\/td>\n<td>1 - 10<\/td>\n<td>11 - 100<\/td>\n<td>&gt;100<\/td>\n<\/tr>\n<tr>\n<td>Est. Temps (jours)<\/td>\n<td>7<\/td>\n<td>15<\/td>\n<td>A n\u00e9gocier<\/td>\n<\/tr>\n<\/tbody>\n<\/table>\n<\/div>\n<\/dd>\n<\/dl>\n<\/div>","protected":false},"excerpt":{"rendered":"<table>\n<thead>\n<tr>\n<th>Champ d'application<\/th>\n<th>Valeur<\/th>\n<\/tr>\n<\/thead>\n<tbody>\n<tr>\n<td>Lieu d'origine<\/td>\n<td>Guangdong, Chine<\/td>\n<\/tr>\n<tr>\n<td>Nom de la marque<\/td>\n<td>Sur mesure<\/td>\n<\/tr>\n<tr>\n<td>Mat\u00e9riau<\/td>\n<td>Sur mesure<\/td>\n<\/tr>\n<tr>\n<td>Poids<\/td>\n<td>Sur mesure<\/td>\n<\/tr>\n<tr>\n<td>Taille<\/td>\n<td>Sur mesure<\/td>\n<\/tr>\n<tr>\n<td>Puissance<\/td>\n<td>Sur mesure<\/td>\n<\/tr>\n<tr>\n<td>Garantie<\/td>\n<td>Indisponible<\/td>\n<\/tr>\n<tr>\n<td>Nom de l'article<\/td>\n<td>Bo\u00eetier de filtre \u00e0 eau en acier inoxydable 304 316L 10 pouces<\/td>\n<\/tr>\n<tr>\n<td>Longueur de la cartouche filtrante<\/td>\n<td>10\u2033 20\u2033 30\u2033 40\u2033<\/td>\n<\/tr>\n<tr>\n<td>Acier inoxydable<\/td>\n<td>SUS304, SUS316L<\/td>\n<\/tr>\n<tr>\n<td>Quantit\u00e9 de filtres \u00e0 cartouche<\/td>\n<td>Noyau unique<\/td>\n<\/tr>\n<tr>\n<td>Traitement de surface<\/td>\n<td>Polissage et sablage<\/td>\n<\/tr>\n<tr>\n<td>Joint torique d'\u00e9tanch\u00e9it\u00e9<\/td>\n<td>Silastic\/NBR\/EPDM\/Viton<\/td>\n<\/tr>\n<tr>\n<td>Type d'installation du bouchon sup\u00e9rieur<\/td>\n<td>Type de pince<\/td>\n<\/tr>\n<tr>\n<td>Type de connecteur<\/td>\n<td>222\/226\/DOE<\/td>\n<\/tr>\n<tr>\n<td>Type d'entr\u00e9e et de sortie<\/td>\n<td>Filetage int\u00e9rieur<\/td>\n<\/tr>\n<tr>\n<td>M\u00e9thode d'emballage<\/td>\n<td>Bo\u00eete standard pour l'exportation<\/td>\n<\/tr>\n<tr>\n<td>Service apr\u00e8s-vente<\/td>\n<td>Soutien en ligne<\/td>\n<\/tr>\n<\/tbody>\n<\/table>","protected":false},"featured_media":4334,"comment_status":"open","ping_status":"closed","template":"","meta":{"_gspb_post_css":""},"product_brand":[],"product_cat":[15],"product_tag":[1534,1566,1567,1568,34,1136],"class_list":{"0":"post-4331","1":"product","2":"type-product","3":"status-publish","4":"has-post-thumbnail","6":"product_cat-stainless-steel-filter-housing","7":"product_tag-inversafilterpurification","8":"product_tag-lvyuan-cartridge-filter-housing","9":"product_tag-professional-water-filter-housing","10":"product_tag-purification-filter-housing","11":"product_tag-stainless-steel-filter-housing","12":"product_tag-water-filter-locks","14":"first","15":"instock","16":"shipping-taxable","17":"product-type-simple"},"_links":{"self":[{"href":"https:\/\/lyfilter.com\/fr\/wp-json\/wp\/v2\/product\/4331","targetHints":{"allow":["GET"]}}],"collection":[{"href":"https:\/\/lyfilter.com\/fr\/wp-json\/wp\/v2\/product"}],"about":[{"href":"https:\/\/lyfilter.com\/fr\/wp-json\/wp\/v2\/types\/product"}],"replies":[{"embeddable":true,"href":"https:\/\/lyfilter.com\/fr\/wp-json\/wp\/v2\/comments?post=4331"}],"wp:featuredmedia":[{"embeddable":true,"href":"https:\/\/lyfilter.com\/fr\/wp-json\/wp\/v2\/media\/4334"}],"wp:attachment":[{"href":"https:\/\/lyfilter.com\/fr\/wp-json\/wp\/v2\/media?parent=4331"}],"wp:term":[{"taxonomy":"product_brand","embeddable":true,"href":"https:\/\/lyfilter.com\/fr\/wp-json\/wp\/v2\/product_brand?post=4331"},{"taxonomy":"product_cat","embeddable":true,"href":"https:\/\/lyfilter.com\/fr\/wp-json\/wp\/v2\/product_cat?post=4331"},{"taxonomy":"product_tag","embeddable":true,"href":"https:\/\/lyfilter.com\/fr\/wp-json\/wp\/v2\/product_tag?post=4331"}],"curies":[{"name":"wp","href":"https:\/\/api.w.org\/{rel}","templated":true}]}}