{"id":4314,"date":"2026-04-04T07:50:08","date_gmt":"2026-04-04T07:50:08","guid":{"rendered":"https:\/\/lyfilter.com\/"},"modified":"2026-04-04T07:50:08","modified_gmt":"2026-04-04T07:50:08","slug":"pure-quality-reverse-osmosis-filtration-large-scale-water-purification-system-for-school-hospital-factory","status":"publish","type":"product","link":"https:\/\/lyfilter.com\/fr\/pure-quality-reverse-osmosis-filtration-large-scale-water-purification-system-for-school-hospital-factory\/","title":{"rendered":"Syst\u00e8me de purification d'eau par osmose inverse de qualit\u00e9 pure \u00e0 grande \u00e9chelle pour les \u00e9coles, les h\u00f4pitaux et les usines"},"content":{"rendered":"<p>Con\u00e7u pour les environnements \u00e0 forte demande, ce syst\u00e8me de filtration par osmose inverse fournit une eau propre et constante pour les \u00e9coles, les h\u00f4pitaux et les usines. InversaFilterPurification combine des performances pratiques, un rendement fiable et un design con\u00e7u pour une utilisation quotidienne \u00e0 grande \u00e9chelle.<\/p>","protected":false},"excerpt":{"rendered":"<table>\n<thead>\n<tr>\n<th>Champ d'application<\/th>\n<th>Valeur<\/th>\n<\/tr>\n<\/thead>\n<tbody>\n<tr>\n<td>Lieu d'origine<\/td>\n<td>Guangdong, Chine<\/td>\n<\/tr>\n<tr>\n<td>Nom de la marque<\/td>\n<td>LvYuan \/ OEM<\/td>\n<\/tr>\n<tr>\n<td>Mat\u00e9riau<\/td>\n<td>carton \/ bo\u00eete en bois<\/td>\n<\/tr>\n<tr>\n<td>Poids<\/td>\n<td>d\u00e9pend<\/td>\n<\/tr>\n<tr>\n<td>Taille<\/td>\n<td>d\u00e9pend<\/td>\n<\/tr>\n<tr>\n<td>Puissance<\/td>\n<td>96<\/td>\n<\/tr>\n<tr>\n<td>Garantie<\/td>\n<td>1 an<\/td>\n<\/tr>\n<tr>\n<td>Service apr\u00e8s-vente<\/td>\n<td>Soutien en ligne<\/td>\n<\/tr>\n<tr>\n<td>Nom du produit<\/td>\n<td>syst\u00e8me de filtration de l'eau<\/td>\n<\/tr>\n<tr>\n<td>Filtres<\/td>\n<td>PP+GAC+CTO+RO+T33<\/td>\n<\/tr>\n<tr>\n<td>St\u00e9rilisateur UV<\/td>\n<td>Option<\/td>\n<\/tr>\n<tr>\n<td>Capacit\u00e9 en eau pure<\/td>\n<td>200, 300, 400, 600, 800GPD<\/td>\n<\/tr>\n<tr>\n<td>Utilisateur simultan\u00e9<\/td>\n<td>50 \u00e0 300 personnes<\/td>\n<\/tr>\n<tr>\n<td>R\u00e9servoir d'eau<\/td>\n<td>R\u00e9servoir sous pression en acier 11G\/42L<\/td>\n<\/tr>\n<tr>\n<td>Technologie<\/td>\n<td>Purification de l'eau par osmose inverse<\/td>\n<\/tr>\n<tr>\n<td>Appareils \u00e9lectriques<\/td>\n<td>D\u00e9bitm\u00e8tre, affichage num\u00e9rique et manom\u00e8tre<\/td>\n<\/tr>\n<tr>\n<td>Rin\u00e7age<\/td>\n<td>Rin\u00e7age automatique contr\u00f4l\u00e9 par micro\u00e9lectronique<\/td>\n<\/tr>\n<tr>\n<td>Pompe d'appoint<\/td>\n<td>E-CHEN\/Grand Forest\/Dengyuan<\/td>\n<\/tr>\n<tr>\n<td>Capacit\u00e9 d'approvisionnement<\/td>\n<td>3000 Pi\u00e8ces\/Pi\u00e8ces par mois Syst\u00e8me de purification de l'eau \u00e0 grande \u00e9chelle<\/td>\n<\/tr>\n<\/tbody>\n<\/table>","protected":false},"featured_media":4318,"comment_status":"open","ping_status":"closed","template":"","meta":{"_gspb_post_css":""},"product_brand":[],"product_cat":[1558],"product_tag":[1561,1534,1559,1288,1560,1136],"class_list":{"0":"post-4314","1":"product","2":"type-product","3":"status-publish","4":"has-post-thumbnail","6":"product_cat-commercial-ro-water-purifier","7":"product_tag-industrial-ro-system","8":"product_tag-inversafilterpurification","9":"product_tag-large-scale-water-purification-system","10":"product_tag-reverse-osmosis-filtration","11":"product_tag-school-hospital-factory-water-system","12":"product_tag-water-filter-locks","14":"first","15":"instock","16":"shipping-taxable","17":"product-type-simple"},"_links":{"self":[{"href":"https:\/\/lyfilter.com\/fr\/wp-json\/wp\/v2\/product\/4314","targetHints":{"allow":["GET"]}}],"collection":[{"href":"https:\/\/lyfilter.com\/fr\/wp-json\/wp\/v2\/product"}],"about":[{"href":"https:\/\/lyfilter.com\/fr\/wp-json\/wp\/v2\/types\/product"}],"replies":[{"embeddable":true,"href":"https:\/\/lyfilter.com\/fr\/wp-json\/wp\/v2\/comments?post=4314"}],"wp:featuredmedia":[{"embeddable":true,"href":"https:\/\/lyfilter.com\/fr\/wp-json\/wp\/v2\/media\/4318"}],"wp:attachment":[{"href":"https:\/\/lyfilter.com\/fr\/wp-json\/wp\/v2\/media?parent=4314"}],"wp:term":[{"taxonomy":"product_brand","embeddable":true,"href":"https:\/\/lyfilter.com\/fr\/wp-json\/wp\/v2\/product_brand?post=4314"},{"taxonomy":"product_cat","embeddable":true,"href":"https:\/\/lyfilter.com\/fr\/wp-json\/wp\/v2\/product_cat?post=4314"},{"taxonomy":"product_tag","embeddable":true,"href":"https:\/\/lyfilter.com\/fr\/wp-json\/wp\/v2\/product_tag?post=4314"}],"curies":[{"name":"wp","href":"https:\/\/api.w.org\/{rel}","templated":true}]}}