{"id":4312,"date":"2026-04-04T07:45:28","date_gmt":"2026-04-04T07:45:28","guid":{"rendered":"https:\/\/lyfilter.com\/"},"modified":"2026-04-04T07:45:29","modified_gmt":"2026-04-04T07:45:29","slug":"high-technology-customized-5-micron-titanium-filter-cartridges-series-for-water-ozone-treatment","status":"publish","type":"product","link":"https:\/\/lyfilter.com\/fr\/high-technology-customized-5-micron-titanium-filter-cartridges-series-for-water-ozone-treatment\/","title":{"rendered":"Cartouches filtrantes en titane 5 microns de haute technologie pour le traitement de l'eau \u00e0 l'ozone"},"content":{"rendered":"<p>Con\u00e7ue pour un traitement avanc\u00e9 de l'eau \u00e0 l'ozone, cette s\u00e9rie de cartouches filtrantes en titane de 5 microns permet un d\u00e9bit propre, une forte r\u00e9sistance \u00e0 la corrosion et un contr\u00f4le fiable des particules. InversaFilterPurification offre une qualit\u00e9 pratique et une confiance durable en mati\u00e8re de filtration.<\/p>","protected":false},"excerpt":{"rendered":"<table>\n<thead>\n<tr>\n<th>Champ d'application<\/th>\n<th>Valeur<\/th>\n<\/tr>\n<\/thead>\n<tbody>\n<tr>\n<td>Lieu d'origine<\/td>\n<td>Guangdong, Chine<\/td>\n<\/tr>\n<tr>\n<td>Nom de la marque<\/td>\n<td>Lvyuan\/OEM<\/td>\n<\/tr>\n<tr>\n<td>Mat\u00e9riau<\/td>\n<td>Titane, titane pur<\/td>\n<\/tr>\n<tr>\n<td>Poids<\/td>\n<td>Sur mesure<\/td>\n<\/tr>\n<tr>\n<td>Taille<\/td>\n<td>Sur mesure<\/td>\n<\/tr>\n<tr>\n<td>Puissance<\/td>\n<td>0<\/td>\n<\/tr>\n<tr>\n<td>Garantie<\/td>\n<td>Indisponible<\/td>\n<\/tr>\n<tr>\n<td>Nom de l'article<\/td>\n<td>S\u00e9rie de cartouches filtrantes en titane personnalis\u00e9es de haute technologie<\/td>\n<\/tr>\n<tr>\n<td>Interface<\/td>\n<td>222,226,227,Flat,M20,M30,M42<\/td>\n<\/tr>\n<tr>\n<td>Diam\u00e8tre ext\u00e9rieur<\/td>\n<td>60 mm<\/td>\n<\/tr>\n<tr>\n<td>Longueur<\/td>\n<td>5 ~ 40 pouces<\/td>\n<\/tr>\n<tr>\n<td>Micron<\/td>\n<td>0,1 ~ 100 microns<\/td>\n<\/tr>\n<tr>\n<td>Porosit\u00e9<\/td>\n<td>28~50%<\/td>\n<\/tr>\n<tr>\n<td>Tol\u00e9rance de temp\u00e9rature<\/td>\n<td>\u2264300\u2103(humide)<\/td>\n<\/tr>\n<tr>\n<td>Utilisation<\/td>\n<td>filtrer l'eau min\u00e9rale, le vin, l'ozone, etc.<\/td>\n<\/tr>\n<tr>\n<td>Mode de lavage<\/td>\n<td>Rin\u00e7age de puits et contre-rin\u00e7age<\/td>\n<\/tr>\n<tr>\n<td>Service apr\u00e8s-vente<\/td>\n<td>Soutien en ligne<\/td>\n<\/tr>\n<tr>\n<td>Capacit\u00e9 d'approvisionnement<\/td>\n<td>500 pi\u00e8ces par jour<\/td>\n<\/tr>\n<\/tbody>\n<\/table>","protected":false},"featured_media":4313,"comment_status":"open","ping_status":"closed","template":"","meta":{"_gspb_post_css":""},"product_brand":[],"product_cat":[1141],"product_tag":[1554,1556,1534,1557,1136,1555],"class_list":{"0":"post-4312","1":"product","2":"type-product","3":"status-publish","4":"has-post-thumbnail","6":"product_cat-titanium-filter-cartridge","7":"product_tag-5-micron-titanium-filter-cartridges","8":"product_tag-customized-titanium-filter-cartridge","9":"product_tag-inversafilterpurification","10":"product_tag-sintered-titanium-water-filter","11":"product_tag-water-filter-locks","12":"product_tag-water-ozone-treatment-filter","14":"first","15":"instock","16":"shipping-taxable","17":"product-type-simple"},"_links":{"self":[{"href":"https:\/\/lyfilter.com\/fr\/wp-json\/wp\/v2\/product\/4312","targetHints":{"allow":["GET"]}}],"collection":[{"href":"https:\/\/lyfilter.com\/fr\/wp-json\/wp\/v2\/product"}],"about":[{"href":"https:\/\/lyfilter.com\/fr\/wp-json\/wp\/v2\/types\/product"}],"replies":[{"embeddable":true,"href":"https:\/\/lyfilter.com\/fr\/wp-json\/wp\/v2\/comments?post=4312"}],"wp:featuredmedia":[{"embeddable":true,"href":"https:\/\/lyfilter.com\/fr\/wp-json\/wp\/v2\/media\/4313"}],"wp:attachment":[{"href":"https:\/\/lyfilter.com\/fr\/wp-json\/wp\/v2\/media?parent=4312"}],"wp:term":[{"taxonomy":"product_brand","embeddable":true,"href":"https:\/\/lyfilter.com\/fr\/wp-json\/wp\/v2\/product_brand?post=4312"},{"taxonomy":"product_cat","embeddable":true,"href":"https:\/\/lyfilter.com\/fr\/wp-json\/wp\/v2\/product_cat?post=4312"},{"taxonomy":"product_tag","embeddable":true,"href":"https:\/\/lyfilter.com\/fr\/wp-json\/wp\/v2\/product_tag?post=4312"}],"curies":[{"name":"wp","href":"https:\/\/api.w.org\/{rel}","templated":true}]}}