{"id":4290,"date":"2026-04-04T07:30:39","date_gmt":"2026-04-04T07:30:39","guid":{"rendered":"https:\/\/lyfilter.com\/"},"modified":"2026-04-04T07:30:39","modified_gmt":"2026-04-04T07:30:39","slug":"pp-pleated-filter-cartridge-wholesaler-for-sea-water","status":"publish","type":"product","link":"https:\/\/lyfilter.com\/fr\/pp-pleated-filter-cartridge-wholesaler-for-sea-water\/","title":{"rendered":"Cartouche filtrante pliss\u00e9e en PP Grossiste pour l'eau de mer"},"content":{"rendered":"<p><b>Avantages pour l'entreprise<\/b><br \/>\n<b>1.<\/b>\u00a0Le filtre \u00e0 eau pliss\u00e9 20 microns de Lvyuan a \u00e9t\u00e9 s\u00e9rieusement test\u00e9. Ses propri\u00e9t\u00e9s telles que la r\u00e9sistance, la ductilit\u00e9 et la t\u00e9nacit\u00e9 sont toutes v\u00e9rifi\u00e9es par ces tests. Il peut contr\u00f4ler efficacement la pr\u00e9cision de la filtration<br \/>\n<b>2.<\/b>\u00a0Au fil des ans, nous avons d\u00e9velopp\u00e9 une comp\u00e9tence accrue dans l'\u00e9tablissement des pp\u00a0<a href=\"https:\/\/lyfilter.com\/fr\/pleated-filter-cartridge.html\/\">cartouche filtrante pliss\u00e9e<\/a>\u00a0. Il peut \u00e9galement filtrer les particules, les organismes microbiens, l'oxyde ferrique et d'autres impuret\u00e9s.<br \/>\n<b>3.<\/b>\u00a0Le produit offre une grande s\u00e9curit\u00e9 pendant le fonctionnement. En effet, il dispose d'une protection automatique contre les fuites de courant et les courts-circuits. Il est disponible dans un large choix de calibres microniques de 1 \u00e0 100 \u03bcm.<br \/>\n<b>4.<\/b>\u00a0Le produit peut s'allumer instantan\u00e9ment. Ses \u00e9l\u00e9ments lumineux \u00e0 haute intensit\u00e9 peuvent non seulement r\u00e9sister \u00e0 l'impact d'un courant instantan\u00e9, mais aussi entrer dans un \u00e9tat de fonctionnement normal pour la premi\u00e8re fois. Il se caract\u00e9rise par un d\u00e9bit \u00e9lev\u00e9 et une pr\u00e9cision de filtrage stable.<\/p>","protected":false},"excerpt":{"rendered":"<table>\n<thead>\n<tr>\n<th>Champ d'application<\/th>\n<th>Valeur<\/th>\n<\/tr>\n<\/thead>\n<tbody>\n<tr>\n<td>Industries concern\u00e9es<\/td>\n<td>Usine de fabrication, usine de produits alimentaires et de boissons, traitement de l'eau<\/td>\n<\/tr>\n<tr>\n<td>Lieu d'origine<\/td>\n<td>Guangdong, Chine<\/td>\n<\/tr>\n<tr>\n<td>Nom de la marque<\/td>\n<td>Lvyuan, OEM, ODM<\/td>\n<\/tr>\n<tr>\n<td>Mat\u00e9riau<\/td>\n<td>pp\/PES\/PVDF\/PTFE\/Nylon<\/td>\n<\/tr>\n<tr>\n<td>Poids<\/td>\n<td>personnalis\u00e9<\/td>\n<\/tr>\n<tr>\n<td>Taille<\/td>\n<td>personnalis\u00e9, mince, jumbo<\/td>\n<\/tr>\n<tr>\n<td>Puissance<\/td>\n<td>0<\/td>\n<\/tr>\n<tr>\n<td>Garantie<\/td>\n<td>Indisponible<\/td>\n<\/tr>\n<tr>\n<td>Fonctionnalit\u00e9<\/td>\n<td>augmentation de la surface de filtration<\/td>\n<\/tr>\n<tr>\n<td>Certification<\/td>\n<td>SGS<\/td>\n<\/tr>\n<tr>\n<td>Forme<\/td>\n<td>cylindre<\/td>\n<\/tr>\n<tr>\n<td>Utilisation<\/td>\n<td>traitement de l'eau<\/td>\n<\/tr>\n<tr>\n<td>Application<\/td>\n<td>l'industrie<\/td>\n<\/tr>\n<tr>\n<td>Couleur<\/td>\n<td>blanc<\/td>\n<\/tr>\n<tr>\n<td>Emballage<\/td>\n<td>bo\u00eete en papier<\/td>\n<\/tr>\n<tr>\n<td>Autre nom<\/td>\n<td>cartouche filtrante pliante<\/td>\n<\/tr>\n<tr>\n<td>taux de mircron<\/td>\n<td>0,1micron \u00e0 100 microns<\/td>\n<\/tr>\n<tr>\n<td>Service apr\u00e8s-vente<\/td>\n<td>Soutien en ligne<\/td>\n<\/tr>\n<tr>\n<td>Capacit\u00e9 d'approvisionnement<\/td>\n<td>5000 pi\u00e8ces par mois<\/td>\n<\/tr>\n<\/tbody>\n<\/table>","protected":false},"featured_media":4295,"comment_status":"open","ping_status":"closed","template":"","meta":{"_gspb_post_css":""},"product_brand":[],"product_cat":[21],"product_tag":[1534,1548,1181,1293,1549,1136],"class_list":{"0":"post-4290","1":"product","2":"type-product","3":"status-publish","4":"has-post-thumbnail","6":"product_cat-pleated-filter-cartridge","7":"product_tag-inversafilterpurification","8":"product_tag-pp-filter-wholesaler","9":"product_tag-pp-pleated-filter-cartridge","10":"product_tag-sea-water-filter-cartridge","11":"product_tag-sediment-filtration","12":"product_tag-water-filter-locks","14":"first","15":"instock","16":"shipping-taxable","17":"product-type-simple"},"_links":{"self":[{"href":"https:\/\/lyfilter.com\/fr\/wp-json\/wp\/v2\/product\/4290","targetHints":{"allow":["GET"]}}],"collection":[{"href":"https:\/\/lyfilter.com\/fr\/wp-json\/wp\/v2\/product"}],"about":[{"href":"https:\/\/lyfilter.com\/fr\/wp-json\/wp\/v2\/types\/product"}],"replies":[{"embeddable":true,"href":"https:\/\/lyfilter.com\/fr\/wp-json\/wp\/v2\/comments?post=4290"}],"wp:featuredmedia":[{"embeddable":true,"href":"https:\/\/lyfilter.com\/fr\/wp-json\/wp\/v2\/media\/4295"}],"wp:attachment":[{"href":"https:\/\/lyfilter.com\/fr\/wp-json\/wp\/v2\/media?parent=4290"}],"wp:term":[{"taxonomy":"product_brand","embeddable":true,"href":"https:\/\/lyfilter.com\/fr\/wp-json\/wp\/v2\/product_brand?post=4290"},{"taxonomy":"product_cat","embeddable":true,"href":"https:\/\/lyfilter.com\/fr\/wp-json\/wp\/v2\/product_cat?post=4290"},{"taxonomy":"product_tag","embeddable":true,"href":"https:\/\/lyfilter.com\/fr\/wp-json\/wp\/v2\/product_tag?post=4290"}],"curies":[{"name":"wp","href":"https:\/\/api.w.org\/{rel}","templated":true}]}}