{"id":4276,"date":"2026-04-04T07:14:56","date_gmt":"2026-04-04T07:14:56","guid":{"rendered":"https:\/\/lyfilter.com\/"},"modified":"2026-04-04T07:14:56","modified_gmt":"2026-04-04T07:14:56","slug":"professional-stainless-water-filter-housing-stainless-water-filter-housing-company","status":"publish","type":"product","link":"https:\/\/lyfilter.com\/fr\/professional-stainless-water-filter-housing-stainless-water-filter-housing-company\/","title":{"rendered":"Bo\u00eetier de filtre \u00e0 eau en acier inoxydable professionnel Bo\u00eetier de filtre \u00e0 eau en acier inoxydable Entreprise"},"content":{"rendered":"<p>Construit pour une performance fiable et propre, ce bo\u00eetier de filtre \u00e0 eau en acier inoxydable donne \u00e0 votre installation une impression de s\u00e9curit\u00e9 et de professionnalisme. InversaFilterPurification offre une construction durable qui favorise un d\u00e9bit plus s\u00fbr et une tranquillit\u00e9 d'esprit \u00e0 long terme.<\/p>","protected":false},"excerpt":{"rendered":"<table>\n<thead>\n<tr>\n<th>Champ d'application<\/th>\n<th>Valeur<\/th>\n<\/tr>\n<\/thead>\n<tbody>\n<tr>\n<td>Industries concern\u00e9es<\/td>\n<td>Usine de fabrication, usine de produits alimentaires et de boissons, fermes, restaurants, magasins d'alimentation, \u00e9nergie et mines, magasins de produits alimentaires et de boissons<\/td>\n<\/tr>\n<tr>\n<td>Lieu d'origine<\/td>\n<td>Guangdong, Chine<\/td>\n<\/tr>\n<tr>\n<td>Nom de la marque<\/td>\n<td>Lvyuan\/OEM<\/td>\n<\/tr>\n<tr>\n<td>Mat\u00e9riau<\/td>\n<td>Sur mesure<\/td>\n<\/tr>\n<tr>\n<td>Poids<\/td>\n<td>Sur mesure<\/td>\n<\/tr>\n<tr>\n<td>Taille<\/td>\n<td>Sur mesure<\/td>\n<\/tr>\n<tr>\n<td>Puissance<\/td>\n<td>Sur mesure<\/td>\n<\/tr>\n<tr>\n<td>Garantie<\/td>\n<td>1 an<\/td>\n<\/tr>\n<tr>\n<td>Service apr\u00e8s-vente<\/td>\n<td>Soutien en ligne<\/td>\n<\/tr>\n<tr>\n<td>Nom du mod\u00e8le<\/td>\n<td>Bo\u00eetier de filtre en acier inoxydable Syst\u00e8me de filtre \u00e0 eau \u00e0 cartouche \u00e0 1~7 \u00e9tages<\/td>\n<\/tr>\n<tr>\n<td>Longueur<\/td>\n<td>10 pouces, 20 pouces, 30 pouces, 40 pouces<\/td>\n<\/tr>\n<tr>\n<td>Utilisation<\/td>\n<td>Filtration de l'huile, du gaz, de l'air et de l'eau liquide<\/td>\n<\/tr>\n<tr>\n<td>Mat\u00e9riau du corps principal<\/td>\n<td>Acier inoxydable 304 \/ 316L<\/td>\n<\/tr>\n<tr>\n<td>Type de bo\u00eetier de filtre<\/td>\n<td>Tubulaire<\/td>\n<\/tr>\n<tr>\n<td>Principe<\/td>\n<td>Filtration sous pression<\/td>\n<\/tr>\n<tr>\n<td>Les \u00e9tapes<\/td>\n<td>1 - 7 \u00e9tapes<\/td>\n<\/tr>\n<tr>\n<td>Emballage<\/td>\n<td>Emballage net, ou caisse en bois<\/td>\n<\/tr>\n<tr>\n<td>Filtre<\/td>\n<td>Filtre \u00e0 manche et filtre \u00e0 cartouche<\/td>\n<\/tr>\n<tr>\n<td>Chariot<\/td>\n<td>Acier inoxydable 304\/316L<\/td>\n<\/tr>\n<tr>\n<td>Capacit\u00e9 d'approvisionnement<\/td>\n<td>100 pi\u00e8ces par jour<\/td>\n<\/tr>\n<\/tbody>\n<\/table>","protected":false},"featured_media":4279,"comment_status":"open","ping_status":"closed","template":"","meta":{"_gspb_post_css":""},"product_brand":[],"product_cat":[15],"product_tag":[38,1534,1542,1541,1540,1136],"class_list":{"0":"post-4276","1":"product","2":"type-product","3":"status-publish","4":"has-post-thumbnail","6":"product_cat-stainless-steel-filter-housing","7":"product_tag-industrial-water-filtration","8":"product_tag-inversafilterpurification","9":"product_tag-secure-water-filter-system","10":"product_tag-stainless-filter-housing","11":"product_tag-stainless-water-filter-housing","12":"product_tag-water-filter-locks","14":"first","15":"instock","16":"shipping-taxable","17":"product-type-simple"},"_links":{"self":[{"href":"https:\/\/lyfilter.com\/fr\/wp-json\/wp\/v2\/product\/4276","targetHints":{"allow":["GET"]}}],"collection":[{"href":"https:\/\/lyfilter.com\/fr\/wp-json\/wp\/v2\/product"}],"about":[{"href":"https:\/\/lyfilter.com\/fr\/wp-json\/wp\/v2\/types\/product"}],"replies":[{"embeddable":true,"href":"https:\/\/lyfilter.com\/fr\/wp-json\/wp\/v2\/comments?post=4276"}],"wp:featuredmedia":[{"embeddable":true,"href":"https:\/\/lyfilter.com\/fr\/wp-json\/wp\/v2\/media\/4279"}],"wp:attachment":[{"href":"https:\/\/lyfilter.com\/fr\/wp-json\/wp\/v2\/media?parent=4276"}],"wp:term":[{"taxonomy":"product_brand","embeddable":true,"href":"https:\/\/lyfilter.com\/fr\/wp-json\/wp\/v2\/product_brand?post=4276"},{"taxonomy":"product_cat","embeddable":true,"href":"https:\/\/lyfilter.com\/fr\/wp-json\/wp\/v2\/product_cat?post=4276"},{"taxonomy":"product_tag","embeddable":true,"href":"https:\/\/lyfilter.com\/fr\/wp-json\/wp\/v2\/product_tag?post=4276"}],"curies":[{"name":"wp","href":"https:\/\/api.w.org\/{rel}","templated":true}]}}