{"id":4268,"date":"2026-04-04T07:00:39","date_gmt":"2026-04-04T07:00:39","guid":{"rendered":"https:\/\/lyfilter.com\/"},"modified":"2026-04-04T07:00:39","modified_gmt":"2026-04-04T07:00:39","slug":"lvyuan-filter-pp-water-filter-made-in-china","status":"publish","type":"product","link":"https:\/\/lyfilter.com\/fr\/lvyuan-filter-pp-water-filter-made-in-china\/","title":{"rendered":"Lvyuan Filter Filtre \u00e0 eau en PP fabriqu\u00e9 en Chine"},"content":{"rendered":"<p>Le filtre \u00e0 eau PP de Lvyuan, fabriqu\u00e9 en Chine, permet une filtration r\u00e9guli\u00e8re gr\u00e2ce \u00e0 des fermetures de filtre \u00e0 eau s\u00fbres et \u00e0 une construction durable. Il permet de maintenir un d\u00e9bit r\u00e9gulier, une sortie plus propre et des performances quotidiennes fiables pour une utilisation pratique du traitement de l'eau.<\/p>","protected":false},"excerpt":{"rendered":"<table>\n<thead>\n<tr>\n<th>Lieu d'origine<\/th>\n<th>Guangdong, Chine<\/th>\n<th>Nom de la marque<\/th>\n<th>Lvyuan \/ OEM<\/th>\n<\/tr>\n<\/thead>\n<tbody>\n<tr>\n<td>Num\u00e9ro de mod\u00e8le<\/td>\n<td>S\u00e9rie LY-PPF<\/td>\n<td>Nom du produit<\/td>\n<td>cartouche filtrante en pp souffl\u00e9e par fusion<\/td>\n<\/tr>\n<tr>\n<td>Taux de micron<\/td>\n<td>Cartouche de filtres de 1, 3, 5, 10 microns<\/td>\n<td>Dimension du produit<\/td>\n<td>sur mesure<\/td>\n<\/tr>\n<tr>\n<td>application<\/td>\n<td>pi\u00e8ces pour filtres \u00e0 eau, osmose inverse<\/td>\n<td>Longueur<\/td>\n<td>5\u2033, 10\u2033, 20\u2033, 30\u2033, 40\u2033, 50\u201d pouces<\/td>\n<\/tr>\n<tr>\n<td>M\u00e9dia filtrant<\/td>\n<td>Membrane en polypropyl\u00e8ne PP<\/td>\n<td>Capuchon d'extr\u00e9mit\u00e9<\/td>\n<td>DOE,222+Fin,222+Flat,226+Fin,226+Flat<\/td>\n<\/tr>\n<tr>\n<td>Mat\u00e9riau du joint\/de l'anneau<\/td>\n<td>Silicium\/EPDM\/Viton<\/td>\n<td>Utilisation<\/td>\n<td>Filtre \u00e0 cartouche pour liquides<\/td>\n<\/tr>\n<tr>\n<td>Noyau interne<\/td>\n<td>PP ou Aucun<\/td>\n<td>Capacit\u00e9 d'approvisionnement<\/td>\n<td>5000 Piece\/Pieces par jour Micro filtre media<\/td>\n<\/tr>\n<\/tbody>\n<\/table>","protected":false},"featured_media":4272,"comment_status":"open","ping_status":"closed","template":"","meta":{"_gspb_post_css":""},"product_brand":[],"product_cat":[23],"product_tag":[1534,1537,1539,1538,1136,866],"class_list":{"0":"post-4268","1":"product","2":"type-product","3":"status-publish","4":"has-post-thumbnail","6":"product_cat-pp-filter-cartridge","7":"product_tag-inversafilterpurification","8":"product_tag-lvyuan-pp-water-filter","9":"product_tag-made-in-china-filter","10":"product_tag-pp-water-filter","11":"product_tag-water-filter-locks","12":"product_tag-water-filtration-cartridge","14":"first","15":"instock","16":"shipping-taxable","17":"product-type-simple"},"_links":{"self":[{"href":"https:\/\/lyfilter.com\/fr\/wp-json\/wp\/v2\/product\/4268","targetHints":{"allow":["GET"]}}],"collection":[{"href":"https:\/\/lyfilter.com\/fr\/wp-json\/wp\/v2\/product"}],"about":[{"href":"https:\/\/lyfilter.com\/fr\/wp-json\/wp\/v2\/types\/product"}],"replies":[{"embeddable":true,"href":"https:\/\/lyfilter.com\/fr\/wp-json\/wp\/v2\/comments?post=4268"}],"wp:featuredmedia":[{"embeddable":true,"href":"https:\/\/lyfilter.com\/fr\/wp-json\/wp\/v2\/media\/4272"}],"wp:attachment":[{"href":"https:\/\/lyfilter.com\/fr\/wp-json\/wp\/v2\/media?parent=4268"}],"wp:term":[{"taxonomy":"product_brand","embeddable":true,"href":"https:\/\/lyfilter.com\/fr\/wp-json\/wp\/v2\/product_brand?post=4268"},{"taxonomy":"product_cat","embeddable":true,"href":"https:\/\/lyfilter.com\/fr\/wp-json\/wp\/v2\/product_cat?post=4268"},{"taxonomy":"product_tag","embeddable":true,"href":"https:\/\/lyfilter.com\/fr\/wp-json\/wp\/v2\/product_tag?post=4268"}],"curies":[{"name":"wp","href":"https:\/\/api.w.org\/{rel}","templated":true}]}}