{"id":4260,"date":"2026-04-04T06:57:14","date_gmt":"2026-04-04T06:57:14","guid":{"rendered":"https:\/\/lyfilter.com\/"},"modified":"2026-04-04T06:57:15","modified_gmt":"2026-04-04T06:57:15","slug":"pp-filter-cartridge-wholesale-lvyuan-filter","status":"publish","type":"product","link":"https:\/\/lyfilter.com\/fr\/pp-filter-cartridge-wholesale-lvyuan-filter\/","title":{"rendered":"Cartouche de filtre Pp en gros - Lvyuan Filter"},"content":{"rendered":"<p><b>D\u00e9tail rapide<\/b><\/p>\n<p>Les \u00e9quipements m\u00e9caniques de Lvyuan Water Purification Equipment ont une conception raisonnable, une structure compacte et des performances stables. En outre, notre produit est facile \u00e0 utiliser et \u00e0 installer. Guangzhou Lvyuan Water Purification Equipment Co., Ltd. accorde une grande attention \u00e0 la s\u00e9lection des meilleurs mat\u00e9riaux utilis\u00e9s dans notre collection de cartouches filtrantes en polypropyl\u00e8ne. Le produit est de haute qualit\u00e9 et ses performances sont fiables. Guangzhou Lvyuan Water Purification Equipment Co. est devenue l'une des grandes entreprises du secteur des cartouches filtrantes en polypropyl\u00e8ne.<\/p>\n<p>&nbsp;<\/p>\n<p><b>Informations sur le produit<\/b><\/p>\n<p>En mettant l'accent sur la qualit\u00e9 des produits, Lvyuan Water Purification Equipment s'efforce d'atteindre l'excellence en mati\u00e8re de qualit\u00e9 dans la production de cartouches filtrantes en polypropyl\u00e8ne.<\/p>","protected":false},"excerpt":{"rendered":"<table>\n<thead>\n<tr>\n<th>Industries concern\u00e9es<\/th>\n<th>Usine de fabrication, usine de produits alimentaires et de boissons, usage domestique, traitement de l'eau<\/th>\n<th>Lieu d'origine<\/th>\n<th>Guangdong, Chine<\/th>\n<\/tr>\n<\/thead>\n<tbody>\n<tr>\n<td>Nom de la marque<\/td>\n<td>Lvyuan, OEM, ODM<\/td>\n<td>Mat\u00e9riau<\/td>\n<td>pp<\/td>\n<\/tr>\n<tr>\n<td>Poids<\/td>\n<td>personnalis\u00e9<\/td>\n<td>Taille<\/td>\n<td>personnalis\u00e9, mince, jumbo<\/td>\n<\/tr>\n<tr>\n<td>Puissance<\/td>\n<td>0<\/td>\n<td>Garantie<\/td>\n<td>Indisponible<\/td>\n<\/tr>\n<tr>\n<td>Fonctionnalit\u00e9<\/td>\n<td>taille et logo personnalis\u00e9s acier en acier<\/td>\n<td>Certification<\/td>\n<td>SGS<\/td>\n<\/tr>\n<tr>\n<td>Forme<\/td>\n<td>cylindre<\/td>\n<td>Utilisation<\/td>\n<td>traitement de l'eau<\/td>\n<\/tr>\n<tr>\n<td>Application<\/td>\n<td>l'industrie<\/td>\n<td>Couleur<\/td>\n<td>blanc<\/td>\n<\/tr>\n<tr>\n<td>Emballage<\/td>\n<td>bo\u00eete en papier<\/td>\n<td>Mati\u00e8res premi\u00e8res<\/td>\n<td>pp fibre<\/td>\n<\/tr>\n<tr>\n<td>Apparence<\/td>\n<td>gaufr\u00e9, brillant, etc.<\/td>\n<td>Service apr\u00e8s-vente<\/td>\n<td>Soutien en ligne<\/td>\n<\/tr>\n<tr>\n<td>Capacit\u00e9 d'approvisionnement<\/td>\n<td>5000 pi\u00e8ces par semaine<\/td>\n<td><\/td>\n<td><\/td>\n<\/tr>\n<\/tbody>\n<\/table>","protected":false},"featured_media":4266,"comment_status":"open","ping_status":"closed","template":"","meta":{"_gspb_post_css":""},"product_brand":[],"product_cat":[23],"product_tag":[1534,1242,648,1136,866,1536],"class_list":{"0":"post-4260","1":"product","2":"type-product","3":"status-publish","4":"has-post-thumbnail","6":"product_cat-pp-filter-cartridge","7":"product_tag-inversafilterpurification","8":"product_tag-lvyuan-filter","9":"product_tag-pp-filter-cartridge","10":"product_tag-water-filter-locks","11":"product_tag-water-filtration-cartridge","12":"product_tag-wholesale-filter-cartridge","14":"first","15":"instock","16":"shipping-taxable","17":"product-type-simple"},"_links":{"self":[{"href":"https:\/\/lyfilter.com\/fr\/wp-json\/wp\/v2\/product\/4260","targetHints":{"allow":["GET"]}}],"collection":[{"href":"https:\/\/lyfilter.com\/fr\/wp-json\/wp\/v2\/product"}],"about":[{"href":"https:\/\/lyfilter.com\/fr\/wp-json\/wp\/v2\/types\/product"}],"replies":[{"embeddable":true,"href":"https:\/\/lyfilter.com\/fr\/wp-json\/wp\/v2\/comments?post=4260"}],"wp:featuredmedia":[{"embeddable":true,"href":"https:\/\/lyfilter.com\/fr\/wp-json\/wp\/v2\/media\/4266"}],"wp:attachment":[{"href":"https:\/\/lyfilter.com\/fr\/wp-json\/wp\/v2\/media?parent=4260"}],"wp:term":[{"taxonomy":"product_brand","embeddable":true,"href":"https:\/\/lyfilter.com\/fr\/wp-json\/wp\/v2\/product_brand?post=4260"},{"taxonomy":"product_cat","embeddable":true,"href":"https:\/\/lyfilter.com\/fr\/wp-json\/wp\/v2\/product_cat?post=4260"},{"taxonomy":"product_tag","embeddable":true,"href":"https:\/\/lyfilter.com\/fr\/wp-json\/wp\/v2\/product_tag?post=4260"}],"curies":[{"name":"wp","href":"https:\/\/api.w.org\/{rel}","templated":true}]}}