{"id":4244,"date":"2026-04-04T06:46:25","date_gmt":"2026-04-04T06:46:25","guid":{"rendered":"https:\/\/lyfilter.com\/"},"modified":"2026-04-04T06:46:25","modified_gmt":"2026-04-04T06:46:25","slug":"china-supplier-20-filter-core-40-inch-stainless-steel-cartridge-filter-housing-for-beer-filtration","status":"publish","type":"product","link":"https:\/\/lyfilter.com\/fr\/china-supplier-20-filter-core-40-inch-stainless-steel-cartridge-filter-housing-for-beer-filtration\/","title":{"rendered":"Fournisseur chinois 20 Filter Core 40 Inch Stainless Steel Cartridge Filter Housing For Beer Filtration"},"content":{"rendered":"<p>Ce bo\u00eetier de filtre \u00e0 cartouche en acier inoxydable est con\u00e7u pour la filtration de la bi\u00e8re, avec de solides fermetures de filtre \u00e0 eau et un espace pour 20 cartouches filtrantes. Sa structure durable de 40 pouces permet un d\u00e9bit stable, un traitement propre et une utilisation fiable \u00e0 long terme.<\/p>","protected":false},"excerpt":{"rendered":"<table>\n<thead>\n<tr>\n<th>Industries concern\u00e9es<\/th>\n<th>Usine de fabrication, usine de produits alimentaires et de boissons, traitement de l'eau<\/th>\n<th>Service apr\u00e8s-vente<\/th>\n<th>Soutien en ligne<\/th>\n<\/tr>\n<\/thead>\n<tbody>\n<tr>\n<td>Lieu de service local<\/td>\n<td>aucun<\/td>\n<td>Emplacement de la salle d'exposition<\/td>\n<td>aucun<\/td>\n<\/tr>\n<tr>\n<td>Vid\u00e9o de l'inspection de sortie<\/td>\n<td>Fourni<\/td>\n<td>Rapport d'essai des machines<\/td>\n<td>Non disponible<\/td>\n<\/tr>\n<tr>\n<td>Type de marketing<\/td>\n<td>Produit phare 2019<\/td>\n<td>Garantie des composants de base<\/td>\n<td>Non disponible<\/td>\n<\/tr>\n<tr>\n<td>Lieu d'origine<\/td>\n<td>Guangdong, Chine<\/td>\n<td>Nom de la marque<\/td>\n<td>Lvyuan,OEM,ODM<\/td>\n<\/tr>\n<tr>\n<td>Mat\u00e9riau<\/td>\n<td>acier inoxydable<\/td>\n<td>Poids<\/td>\n<td>personnalis\u00e9<\/td>\n<\/tr>\n<tr>\n<td>Taille<\/td>\n<td>personnalis\u00e9, 10\u201d20\u201d30\u201d40\u201d<\/td>\n<td>Puissance<\/td>\n<td>0<\/td>\n<\/tr>\n<tr>\n<td>Garantie<\/td>\n<td>1 an<\/td>\n<td>Service apr\u00e8s-vente<\/td>\n<td>Soutien en ligne<\/td>\n<\/tr>\n<tr>\n<td>Fonctionnalit\u00e9<\/td>\n<td>installation facile<\/td>\n<td>Certification<\/td>\n<td>SGS<\/td>\n<\/tr>\n<tr>\n<td>Forme<\/td>\n<td>cylindre<\/td>\n<td>Utilisation<\/td>\n<td>filtration de l'eau<\/td>\n<\/tr>\n<tr>\n<td>Application<\/td>\n<td>l'industrie<\/td>\n<td>surface<\/td>\n<td>poli<\/td>\n<\/tr>\n<tr>\n<td>Mod\u00e8le<\/td>\n<td>LY01<\/td>\n<td>Mati\u00e8res premi\u00e8res<\/td>\n<td>acier inoxydable<\/td>\n<\/tr>\n<tr>\n<td>Pression de service<\/td>\n<td>150 Psi<\/td>\n<td>Composants essentiels<\/td>\n<td>filtre<\/td>\n<\/tr>\n<tr>\n<td>Capacit\u00e9 d'approvisionnement<\/td>\n<td>5000 pi\u00e8ces par an<\/td>\n<td><\/td>\n<td><\/td>\n<\/tr>\n<\/tbody>\n<\/table>","protected":false},"featured_media":4248,"comment_status":"open","ping_status":"closed","template":"","meta":{"_gspb_post_css":""},"product_brand":[],"product_cat":[15],"product_tag":[1533,1532,1531,1534,34,1136],"class_list":{"0":"post-4244","1":"product","2":"type-product","3":"status-publish","4":"has-post-thumbnail","6":"product_cat-stainless-steel-filter-housing","7":"product_tag-20-core-filter-housing","8":"product_tag-40-inch-cartridge-filter","9":"product_tag-beer-filtration-housing","10":"product_tag-inversafilterpurification","11":"product_tag-stainless-steel-filter-housing","12":"product_tag-water-filter-locks","14":"first","15":"instock","16":"shipping-taxable","17":"product-type-simple"},"_links":{"self":[{"href":"https:\/\/lyfilter.com\/fr\/wp-json\/wp\/v2\/product\/4244","targetHints":{"allow":["GET"]}}],"collection":[{"href":"https:\/\/lyfilter.com\/fr\/wp-json\/wp\/v2\/product"}],"about":[{"href":"https:\/\/lyfilter.com\/fr\/wp-json\/wp\/v2\/types\/product"}],"replies":[{"embeddable":true,"href":"https:\/\/lyfilter.com\/fr\/wp-json\/wp\/v2\/comments?post=4244"}],"wp:featuredmedia":[{"embeddable":true,"href":"https:\/\/lyfilter.com\/fr\/wp-json\/wp\/v2\/media\/4248"}],"wp:attachment":[{"href":"https:\/\/lyfilter.com\/fr\/wp-json\/wp\/v2\/media?parent=4244"}],"wp:term":[{"taxonomy":"product_brand","embeddable":true,"href":"https:\/\/lyfilter.com\/fr\/wp-json\/wp\/v2\/product_brand?post=4244"},{"taxonomy":"product_cat","embeddable":true,"href":"https:\/\/lyfilter.com\/fr\/wp-json\/wp\/v2\/product_cat?post=4244"},{"taxonomy":"product_tag","embeddable":true,"href":"https:\/\/lyfilter.com\/fr\/wp-json\/wp\/v2\/product_tag?post=4244"}],"curies":[{"name":"wp","href":"https:\/\/api.w.org\/{rel}","templated":true}]}}