{"id":4235,"date":"2026-04-04T06:43:15","date_gmt":"2026-04-04T06:43:15","guid":{"rendered":"https:\/\/lyfilter.com\/"},"modified":"2026-04-04T06:43:15","modified_gmt":"2026-04-04T06:43:15","slug":"lvyuan-safe-pp-pleated-filter-cartridge-replace-for-water","status":"publish","type":"product","link":"https:\/\/lyfilter.com\/fr\/lvyuan-safe-pp-pleated-filter-cartridge-replace-for-water\/","title":{"rendered":"Lvyuan Safe PP Pleated Filter Cartridge Replace For Water (Cartouche de filtre pliss\u00e9e en PP rempla\u00e7able pour l'eau)"},"content":{"rendered":"<p><b>Avantages pour l'entreprise<\/b><br \/>\n<b>1.<\/b>\u00a0L'intelligentisation a \u00e9t\u00e9 adopt\u00e9e dans le d\u00e9veloppement du filtre \u00e0 eau pliss\u00e9 20 microns de Lvyuan. Il est d\u00e9velopp\u00e9 avec un certain degr\u00e9 d'automatisation et un contenu technologique \u00e9lev\u00e9. Il ne donne pas de go\u00fbt, d'odeur ou de couleur au produit filtr\u00e9.<br \/>\n<b>2.<\/b>\u00a0Ce produit a grandement aid\u00e9 mon projet de construction \u00e0 se d\u00e9marquer. J'aime ses formes et ses aspects qui attirent l'attention. - a d\u00e9clar\u00e9 l'un de nos clients. La porosit\u00e9 varie en fonction de la profondeur du milieu filtrant.<br \/>\n<b>3.<\/b>\u00a0Ce produit est tr\u00e8s appr\u00e9ci\u00e9 pour sa haute qualit\u00e9, ses excellentes performances et sa polyvalence. Avec un grand nombre de trous de fixation coniques \u00e0 l'int\u00e9rieur, il a une grande capacit\u00e9 de r\u00e9tention des salissures.<br \/>\n<b>4.<\/b>\u00a0pp\u00a0<a href=\"https:\/\/lyfilter.com\/fr\/pleated-filter-cartridge.html\/\">cartouche filtrante pliss\u00e9e<\/a>\u00a0Le filtre \u00e0 eau pliss\u00e9 20 microns de Guangzhou Lvyuan Water Purification Equipment Co, Ltd. pr\u00e9sente d'excellentes caract\u00e9ristiques. Il ne contient pas de liants, d'agents, de solvants, de mat\u00e9riaux antistatiques ou d'agents mouillants.<\/p>","protected":false},"excerpt":{"rendered":"<table>\n<thead>\n<tr>\n<th>Industries concern\u00e9es<\/th>\n<th>Usine de fabrication, usine de produits alimentaires et de boissons, traitement de l'eau<\/th>\n<th>Lieu d'origine<\/th>\n<th>Guangdong, Chine<\/th>\n<\/tr>\n<\/thead>\n<tbody>\n<tr>\n<td>Nom de la marque<\/td>\n<td>Lvyuan, OEM, ODM<\/td>\n<td>Mat\u00e9riau<\/td>\n<td>pp\/PES\/PVDF\/PTFE\/Nylon<\/td>\n<\/tr>\n<tr>\n<td>Poids<\/td>\n<td>personnalis\u00e9<\/td>\n<td>Taille<\/td>\n<td>personnalis\u00e9, mince, jumbo<\/td>\n<\/tr>\n<tr>\n<td>Puissance<\/td>\n<td>0<\/td>\n<td>Garantie<\/td>\n<td>Indisponible<\/td>\n<\/tr>\n<tr>\n<td>Fonctionnalit\u00e9<\/td>\n<td>augmentation de la surface de filtration<\/td>\n<td>Certification<\/td>\n<td>SGS<\/td>\n<\/tr>\n<tr>\n<td>Forme<\/td>\n<td>cylindre<\/td>\n<td>Utilisation<\/td>\n<td>traitement de l'eau<\/td>\n<\/tr>\n<tr>\n<td>Application<\/td>\n<td>l'industrie<\/td>\n<td>Couleur<\/td>\n<td>blanc<\/td>\n<\/tr>\n<tr>\n<td>Emballage<\/td>\n<td>bo\u00eete en papier<\/td>\n<td>Autre nom<\/td>\n<td>cartouche filtrante pliante<\/td>\n<\/tr>\n<tr>\n<td>taux de mircron<\/td>\n<td>0,1micron \u00e0 100 microns<\/td>\n<td>Service apr\u00e8s-vente<\/td>\n<td>Soutien en ligne<\/td>\n<\/tr>\n<tr>\n<td>Capacit\u00e9 d'approvisionnement<\/td>\n<td>5000 pi\u00e8ces par semaine<\/td>\n<td><\/td>\n<td><\/td>\n<\/tr>\n<\/tbody>\n<\/table>","protected":false},"featured_media":4243,"comment_status":"open","ping_status":"closed","template":"","meta":{"_gspb_post_css":""},"product_brand":[],"product_cat":[21],"product_tag":[743,1528,1530,1529,1136,1476],"class_list":{"0":"post-4235","1":"product","2":"type-product","3":"status-publish","4":"has-post-thumbnail","6":"product_cat-pleated-filter-cartridge","7":"product_tag-industrial-water-filter-cartridge","8":"product_tag-lvyuan-pp-pleated-filter-cartridge","9":"product_tag-pleated-filter-replacement","10":"product_tag-safe-pp-water-filter-cartridge","11":"product_tag-water-filter-locks","12":"product_tag-water-purification-filter-cartridge","14":"first","15":"instock","16":"shipping-taxable","17":"product-type-simple"},"_links":{"self":[{"href":"https:\/\/lyfilter.com\/fr\/wp-json\/wp\/v2\/product\/4235","targetHints":{"allow":["GET"]}}],"collection":[{"href":"https:\/\/lyfilter.com\/fr\/wp-json\/wp\/v2\/product"}],"about":[{"href":"https:\/\/lyfilter.com\/fr\/wp-json\/wp\/v2\/types\/product"}],"replies":[{"embeddable":true,"href":"https:\/\/lyfilter.com\/fr\/wp-json\/wp\/v2\/comments?post=4235"}],"wp:featuredmedia":[{"embeddable":true,"href":"https:\/\/lyfilter.com\/fr\/wp-json\/wp\/v2\/media\/4243"}],"wp:attachment":[{"href":"https:\/\/lyfilter.com\/fr\/wp-json\/wp\/v2\/media?parent=4235"}],"wp:term":[{"taxonomy":"product_brand","embeddable":true,"href":"https:\/\/lyfilter.com\/fr\/wp-json\/wp\/v2\/product_brand?post=4235"},{"taxonomy":"product_cat","embeddable":true,"href":"https:\/\/lyfilter.com\/fr\/wp-json\/wp\/v2\/product_cat?post=4235"},{"taxonomy":"product_tag","embeddable":true,"href":"https:\/\/lyfilter.com\/fr\/wp-json\/wp\/v2\/product_tag?post=4235"}],"curies":[{"name":"wp","href":"https:\/\/api.w.org\/{rel}","templated":true}]}}