{"id":4219,"date":"2026-04-04T06:31:44","date_gmt":"2026-04-04T06:31:44","guid":{"rendered":"https:\/\/lyfilter.com\/"},"modified":"2026-04-04T06:31:44","modified_gmt":"2026-04-04T06:31:44","slug":"liquid-industry-10-inch-security-cartridge-filter-housing-micro-pleated-cartridge-filter-housing-for-water-treatment-filtration","status":"publish","type":"product","link":"https:\/\/lyfilter.com\/fr\/liquid-industry-10-inch-security-cartridge-filter-housing-micro-pleated-cartridge-filter-housing-for-water-treatment-filtration\/","title":{"rendered":"Liquid Industry 10 Inch Security Cartridge Filter Housing Micro Pleated Cartridge Filter Housing For Water Treatment Filtration"},"content":{"rendered":"<h3 class=\"do-entry-title\">Emballage et livraison<\/h3>\n<div class=\"do-entry-list\">\n<dl class=\"do-entry-item\">\n<dt class=\"do-entry-item-key\">Unit\u00e9s de vente :<\/dt>\n<dd class=\"do-entry-item-val\">Article unique<\/dd>\n<\/dl>\n<dl class=\"do-entry-item\">\n<dt class=\"do-entry-item-key\" title=\"Taille de l&#039;emballage unique :\">Taille de l'emballage unique :<\/dt>\n<dd class=\"do-entry-item-val\">35X20X35 cm<\/dd>\n<\/dl>\n<dl class=\"do-entry-item\">\n<dt class=\"do-entry-item-key\" title=\"Poids brut unique :\">Poids brut unique :<\/dt>\n<dd class=\"do-entry-item-val\">5.000 kg<\/dd>\n<\/dl>\n<dl class=\"do-entry-item\">\n<dt class=\"do-entry-item-key\">Type d'emballage :<\/dt>\n<dd class=\"do-entry-item-val pkg-method\">Bo\u00eetier de filtre \u00e0 cartouche de s\u00e9curit\u00e9 10 pouces Bo\u00eetier de filtre \u00e0 cartouche micro pliss\u00e9 pour la filtration du traitement de l'eau : Emballage : Bo\u00eete standard pour l'exportation\/Selon les besoins<\/dd>\n<\/dl>\n<dl class=\"do-entry-item\">\n<dt class=\"do-entry-item-key\" title=\"D\u00e9lai d&#039;ex\u00e9cution\">D\u00e9lai d'ex\u00e9cution\u00a0<i class=\"next-icon next-icon-help next-icon-xs js-leadtimes-tips\"><\/i>:<\/dt>\n<dd class=\"do-entry-item-val\" title=\"D\u00e9lai d&#039;ex\u00e9cution\">\n<div class=\"table-responsive\">\n<table class=\"supply-ability-table ui2-table ui2-table-normal ui2-table-zebra ui2-table-hover\">\n<tbody>\n<tr>\n<td>Quantit\u00e9 (pi\u00e8ces)<\/td>\n<td>1 - 10<\/td>\n<td>11 - 100<\/td>\n<td>&gt;100<\/td>\n<\/tr>\n<tr>\n<td>Est. Temps (jours)<\/td>\n<td>5<\/td>\n<td>10<\/td>\n<td>A n\u00e9gocier<\/td>\n<\/tr>\n<\/tbody>\n<\/table>\n<\/div>\n<\/dd>\n<\/dl>\n<\/div>","protected":false},"excerpt":{"rendered":"<table>\n<thead>\n<tr>\n<th>Attribut<\/th>\n<th>Valeur<\/th>\n<th>Attribut<\/th>\n<th>Valeur<\/th>\n<\/tr>\n<\/thead>\n<tbody>\n<tr>\n<td>Industries concern\u00e9es<\/td>\n<td>Usine de fabrication d'aliments et de boissons, fermes, restaurants, usage domestique, magasins d'alimentation, \u00e9nergie et mines, magasins d'alimentation et de boissons<\/td>\n<td>Service apr\u00e8s-vente<\/td>\n<td>Soutien en ligne<\/td>\n<\/tr>\n<tr>\n<td>Lieu de service local<\/td>\n<td>aucun<\/td>\n<td>Emplacement de la salle d'exposition<\/td>\n<td>aucun<\/td>\n<\/tr>\n<tr>\n<td>Vid\u00e9o de l'inspection de sortie<\/td>\n<td>Fourni<\/td>\n<td>Rapport d'essai des machines<\/td>\n<td>Fourni<\/td>\n<\/tr>\n<tr>\n<td>Type de marketing<\/td>\n<td>Produit ordinaire<\/td>\n<td>Garantie des composants de base<\/td>\n<td>1 an<\/td>\n<\/tr>\n<tr>\n<td>Composants essentiels<\/td>\n<td>R\u00e9servoir sous pression<\/td>\n<td>Lieu d'origine<\/td>\n<td>Guangdong, Chine<\/td>\n<\/tr>\n<tr>\n<td>Nom de la marque<\/td>\n<td>LVYUAN\/OEM<\/td>\n<td>Garantie<\/td>\n<td>1 an<\/td>\n<\/tr>\n<tr>\n<td>Service apr\u00e8s-vente<\/td>\n<td>Soutien en ligne<\/td>\n<td>Nom de l'article<\/td>\n<td>Bo\u00eetier de filtre \u00e0 cartouche micro pliss\u00e9e<\/td>\n<\/tr>\n<tr>\n<td>Mat\u00e9riau du bo\u00eetier<\/td>\n<td>SS304\/SS316L<\/td>\n<td>Longueur de la cartouche filtrante<\/td>\n<td>10\u2033 20\u2033 30\u2033 40\u2033<\/td>\n<\/tr>\n<tr>\n<td>Quantit\u00e9 de filtres \u00e0 cartouche<\/td>\n<td>Noyau unique<\/td>\n<td>Traitement de surface<\/td>\n<td>Polissage et sablage<\/td>\n<\/tr>\n<tr>\n<td>Joint torique d'\u00e9tanch\u00e9it\u00e9<\/td>\n<td>Silastic\/NBR\/EPDM\/Viton<\/td>\n<td>Type d'installation du bouchon sup\u00e9rieur<\/td>\n<td>Type de pince<\/td>\n<\/tr>\n<tr>\n<td>Type de connecteur<\/td>\n<td>222\/226\/DOE<\/td>\n<td>Type d'entr\u00e9e et de sortie<\/td>\n<td>Filetage int\u00e9rieur<\/td>\n<\/tr>\n<tr>\n<td>M\u00e9thode d'emballage<\/td>\n<td>Bo\u00eete standard pour l'exportation<\/td>\n<td><\/td>\n<td><\/td>\n<\/tr>\n<\/tbody>\n<\/table>","protected":false},"featured_media":4223,"comment_status":"open","ping_status":"closed","template":"","meta":{"_gspb_post_css":""},"product_brand":[],"product_cat":[15],"product_tag":[1519,1521,1520,1522,1136,1509],"class_list":{"0":"post-4219","1":"product","2":"type-product","3":"status-publish","4":"has-post-thumbnail","6":"product_cat-stainless-steel-filter-housing","7":"product_tag-10-inch-cartridge-filter-housing","8":"product_tag-liquid-industry-filter-housing","9":"product_tag-micro-pleated-filter-housing","10":"product_tag-security-cartridge-housing","11":"product_tag-water-filter-locks","12":"product_tag-water-treatment-filter-housing","14":"first","15":"instock","16":"shipping-taxable","17":"product-type-simple"},"_links":{"self":[{"href":"https:\/\/lyfilter.com\/fr\/wp-json\/wp\/v2\/product\/4219","targetHints":{"allow":["GET"]}}],"collection":[{"href":"https:\/\/lyfilter.com\/fr\/wp-json\/wp\/v2\/product"}],"about":[{"href":"https:\/\/lyfilter.com\/fr\/wp-json\/wp\/v2\/types\/product"}],"replies":[{"embeddable":true,"href":"https:\/\/lyfilter.com\/fr\/wp-json\/wp\/v2\/comments?post=4219"}],"wp:featuredmedia":[{"embeddable":true,"href":"https:\/\/lyfilter.com\/fr\/wp-json\/wp\/v2\/media\/4223"}],"wp:attachment":[{"href":"https:\/\/lyfilter.com\/fr\/wp-json\/wp\/v2\/media?parent=4219"}],"wp:term":[{"taxonomy":"product_brand","embeddable":true,"href":"https:\/\/lyfilter.com\/fr\/wp-json\/wp\/v2\/product_brand?post=4219"},{"taxonomy":"product_cat","embeddable":true,"href":"https:\/\/lyfilter.com\/fr\/wp-json\/wp\/v2\/product_cat?post=4219"},{"taxonomy":"product_tag","embeddable":true,"href":"https:\/\/lyfilter.com\/fr\/wp-json\/wp\/v2\/product_tag?post=4219"}],"curies":[{"name":"wp","href":"https:\/\/api.w.org\/{rel}","templated":true}]}}