{"id":4216,"date":"2026-04-04T06:27:05","date_gmt":"2026-04-04T06:27:05","guid":{"rendered":"https:\/\/lyfilter.com\/"},"modified":"2026-04-04T06:27:05","modified_gmt":"2026-04-04T06:27:05","slug":"lvyuan-string-wound-filter-cartridge-exporter-for-water","status":"publish","type":"product","link":"https:\/\/lyfilter.com\/fr\/lvyuan-string-wound-filter-cartridge-exporter-for-water\/","title":{"rendered":"Lvyuan String Wound Filter Cartridge Exporter pour l'eau"},"content":{"rendered":"<p>Con\u00e7ue pour une eau plus propre et une filtration r\u00e9guli\u00e8re, cette cartouche filtrante Lvyuan \u00e0 enroulement filamentaire permet de r\u00e9duire les s\u00e9diments et les particules en suspension tout en maintenant un d\u00e9bit constant. Sa structure \u00e0 enroulement en couches assure des performances fiables et un remplacement quotidien pratique.<\/p>","protected":false},"excerpt":{"rendered":"<table>\n<thead>\n<tr>\n<th>Attribut<\/th>\n<th>Valeur<\/th>\n<th>Attribut<\/th>\n<th>Valeur<\/th>\n<\/tr>\n<\/thead>\n<tbody>\n<tr>\n<td>Service apr\u00e8s-vente<\/td>\n<td>Soutien en ligne<\/td>\n<td>Lieu de service local<\/td>\n<td>aucun<\/td>\n<\/tr>\n<tr>\n<td>Emplacement de la salle d'exposition<\/td>\n<td>aucun<\/td>\n<td>Lieu d'origine<\/td>\n<td>Guangdong, Chine<\/td>\n<\/tr>\n<tr>\n<td>Nom de la marque<\/td>\n<td>Lvyuan \/ OEM<\/td>\n<td>Mat\u00e9riau<\/td>\n<td>carton, PP \/ coton \/ fibre de verre<\/td>\n<\/tr>\n<tr>\n<td>Poids<\/td>\n<td>d\u00e9pend<\/td>\n<td>Taille<\/td>\n<td>d\u00e9pend<\/td>\n<\/tr>\n<tr>\n<td>Puissance<\/td>\n<td>0<\/td>\n<td>Garantie<\/td>\n<td>Indisponible<\/td>\n<\/tr>\n<tr>\n<td>Nom du produit<\/td>\n<td>Cartouche filtrante enroul\u00e9e de fil pp de 20 pouces<\/td>\n<td>Taux de micron<\/td>\n<td>Cartouche de filtres de 1, 3, 5, 10 microns<\/td>\n<\/tr>\n<tr>\n<td>Noyau interne<\/td>\n<td>PP ou acier inoxydable<\/td>\n<td>Longueur<\/td>\n<td>5\u2033, 10\u2033, 20\u2033, 30\u2033, 40\u2033, 50\u201d pouces<\/td>\n<\/tr>\n<tr>\n<td>Mat\u00e9riau du joint\/de l'anneau<\/td>\n<td>Silicium\/EPDM\/Viton<\/td>\n<td>Utilisation<\/td>\n<td>filtre \u00e0 liquide, pi\u00e8ces pour filtre \u00e0 eau<\/td>\n<\/tr>\n<tr>\n<td>Diam\u00e8tre int\u00e9rieur<\/td>\n<td>28, 30mm<\/td>\n<td>Diam\u00e8tre ext\u00e9rieur<\/td>\n<td>60~62mm, Jumbo 110~115mm<\/td>\n<\/tr>\n<tr>\n<td>Certification<\/td>\n<td>CE SGS ISO<\/td>\n<td>Capacit\u00e9 d'approvisionnement<\/td>\n<td>5000 pi\u00e8ces\/pi\u00e8ces par jour cartouche filtrante en coton<\/td>\n<\/tr>\n<\/tbody>\n<\/table>","protected":false},"featured_media":4218,"comment_status":"open","ping_status":"closed","template":"","meta":{"_gspb_post_css":""},"product_brand":[],"product_cat":[1095],"product_tag":[1517,1515,1518,1516,357,1136],"class_list":{"0":"post-4216","1":"product","2":"type-product","3":"status-publish","4":"has-post-thumbnail","6":"product_cat-string-wound-filter-cartridge","7":"product_tag-industrial-water-purification-filter","8":"product_tag-lvyuan-string-wound-filter-cartridge","9":"product_tag-replacement-string-wound-filter","10":"product_tag-string-wound-sediment-filter","11":"product_tag-water-filter-cartridge","12":"product_tag-water-filter-locks","14":"first","15":"instock","16":"shipping-taxable","17":"product-type-simple"},"_links":{"self":[{"href":"https:\/\/lyfilter.com\/fr\/wp-json\/wp\/v2\/product\/4216","targetHints":{"allow":["GET"]}}],"collection":[{"href":"https:\/\/lyfilter.com\/fr\/wp-json\/wp\/v2\/product"}],"about":[{"href":"https:\/\/lyfilter.com\/fr\/wp-json\/wp\/v2\/types\/product"}],"replies":[{"embeddable":true,"href":"https:\/\/lyfilter.com\/fr\/wp-json\/wp\/v2\/comments?post=4216"}],"wp:featuredmedia":[{"embeddable":true,"href":"https:\/\/lyfilter.com\/fr\/wp-json\/wp\/v2\/media\/4218"}],"wp:attachment":[{"href":"https:\/\/lyfilter.com\/fr\/wp-json\/wp\/v2\/media?parent=4216"}],"wp:term":[{"taxonomy":"product_brand","embeddable":true,"href":"https:\/\/lyfilter.com\/fr\/wp-json\/wp\/v2\/product_brand?post=4216"},{"taxonomy":"product_cat","embeddable":true,"href":"https:\/\/lyfilter.com\/fr\/wp-json\/wp\/v2\/product_cat?post=4216"},{"taxonomy":"product_tag","embeddable":true,"href":"https:\/\/lyfilter.com\/fr\/wp-json\/wp\/v2\/product_tag?post=4216"}],"curies":[{"name":"wp","href":"https:\/\/api.w.org\/{rel}","templated":true}]}}