{"id":4211,"date":"2026-04-04T06:24:57","date_gmt":"2026-04-04T06:24:57","guid":{"rendered":"https:\/\/lyfilter.com\/"},"modified":"2026-04-04T06:24:57","modified_gmt":"2026-04-04T06:24:57","slug":"cleanable-20-inch-0-2-micron-sintered-titanium-water-filter-candle-porous-titanium-filter","status":"publish","type":"product","link":"https:\/\/lyfilter.com\/fr\/cleanable-20-inch-0-2-micron-sintered-titanium-water-filter-candle-porous-titanium-filter\/","title":{"rendered":"Filtre \u00e0 eau en titane fritt\u00e9 de 20 pouces 0,2 micron nettoyable \/ Filtre en titane poreux"},"content":{"rendered":"<p>Con\u00e7ue pour une purification fine de l'eau, cette bougie filtrante de 20 pouces en titane fritt\u00e9 de 0,2 micron offre des performances durables et nettoyables gr\u00e2ce \u00e0 une structure poreuse qui favorise un d\u00e9bit stable, une \u00e9limination fiable des particules et une utilisation quotidienne pratique.<\/p>","protected":false},"excerpt":{"rendered":"<table>\n<thead>\n<tr>\n<th>Attribut<\/th>\n<th>Valeur<\/th>\n<th>Attribut<\/th>\n<th>Valeur<\/th>\n<\/tr>\n<\/thead>\n<tbody>\n<tr>\n<td>Industries concern\u00e9es<\/td>\n<td>Magasins de mat\u00e9riaux de construction, Usines de produits alimentaires et de boissons, Usage domestique, Imprimeries, \u00c9nergie et mines, Magasins de produits alimentaires et de boissons<\/td>\n<td>Lieu d'origine<\/td>\n<td>Guangdong, Chine<\/td>\n<\/tr>\n<tr>\n<td>Nom de la marque<\/td>\n<td>Lvyuan\/OEM<\/td>\n<td>Mat\u00e9riau<\/td>\n<td>Titane, titane pur<\/td>\n<\/tr>\n<tr>\n<td>Poids<\/td>\n<td>Sur mesure<\/td>\n<td>Taille<\/td>\n<td>Sur mesure<\/td>\n<\/tr>\n<tr>\n<td>Puissance<\/td>\n<td>0<\/td>\n<td>Garantie<\/td>\n<td>Indisponible<\/td>\n<\/tr>\n<tr>\n<td>Nom<\/td>\n<td>Filtre \u00e0 eau en titane fritt\u00e9 de 20 pouces nettoyable<\/td>\n<td>Interface<\/td>\n<td>222, 226, 215, plat, M20, M30, M42<\/td>\n<\/tr>\n<tr>\n<td>Diam\u00e8tre ext\u00e9rieur<\/td>\n<td>60-70mm<\/td>\n<td>Longueur<\/td>\n<td>5, 10, 20, 30, 40 pouces ou sur mesure<\/td>\n<\/tr>\n<tr>\n<td>Micron<\/td>\n<td>0,1 ~ 100 microns<\/td>\n<td>Porosit\u00e9<\/td>\n<td>28~50%<\/td>\n<\/tr>\n<tr>\n<td>Tol\u00e9rance de temp\u00e9rature<\/td>\n<td>\u2264300\u2103(humide)<\/td>\n<td>Utilisation<\/td>\n<td>filtrer l'eau min\u00e9rale, le vin, etc.<\/td>\n<\/tr>\n<tr>\n<td>Mode de lavage<\/td>\n<td>Rin\u00e7age de puits et contre-rin\u00e7age<\/td>\n<td>Service apr\u00e8s-vente<\/td>\n<td>Soutien en ligne<\/td>\n<\/tr>\n<tr>\n<td>Capacit\u00e9 d'approvisionnement<\/td>\n<td>500 pi\u00e8ces par jour<\/td>\n<td><\/td>\n<td><\/td>\n<\/tr>\n<\/tbody>\n<\/table>","protected":false},"featured_media":4212,"comment_status":"open","ping_status":"closed","template":"","meta":{"_gspb_post_css":""},"product_brand":[],"product_cat":[1141],"product_tag":[1512,1511,1514,1513,1492,1136],"class_list":{"0":"post-4211","1":"product","2":"type-product","3":"status-publish","4":"has-post-thumbnail","6":"product_cat-titanium-filter-cartridge","7":"product_tag-0-2-micron-sintered-titanium-filter","8":"product_tag-20-inch-titanium-filter-candle","9":"product_tag-cleanable-water-filter-candle","10":"product_tag-porous-titanium-water-filter","11":"product_tag-sintered-metal-water-filter","12":"product_tag-water-filter-locks","14":"first","15":"instock","16":"shipping-taxable","17":"product-type-simple"},"_links":{"self":[{"href":"https:\/\/lyfilter.com\/fr\/wp-json\/wp\/v2\/product\/4211","targetHints":{"allow":["GET"]}}],"collection":[{"href":"https:\/\/lyfilter.com\/fr\/wp-json\/wp\/v2\/product"}],"about":[{"href":"https:\/\/lyfilter.com\/fr\/wp-json\/wp\/v2\/types\/product"}],"replies":[{"embeddable":true,"href":"https:\/\/lyfilter.com\/fr\/wp-json\/wp\/v2\/comments?post=4211"}],"wp:featuredmedia":[{"embeddable":true,"href":"https:\/\/lyfilter.com\/fr\/wp-json\/wp\/v2\/media\/4212"}],"wp:attachment":[{"href":"https:\/\/lyfilter.com\/fr\/wp-json\/wp\/v2\/media?parent=4211"}],"wp:term":[{"taxonomy":"product_brand","embeddable":true,"href":"https:\/\/lyfilter.com\/fr\/wp-json\/wp\/v2\/product_brand?post=4211"},{"taxonomy":"product_cat","embeddable":true,"href":"https:\/\/lyfilter.com\/fr\/wp-json\/wp\/v2\/product_cat?post=4211"},{"taxonomy":"product_tag","embeddable":true,"href":"https:\/\/lyfilter.com\/fr\/wp-json\/wp\/v2\/product_tag?post=4211"}],"curies":[{"name":"wp","href":"https:\/\/api.w.org\/{rel}","templated":true}]}}