{"id":4199,"date":"2026-04-04T06:18:30","date_gmt":"2026-04-04T06:18:30","guid":{"rendered":"https:\/\/lyfilter.com\/"},"modified":"2026-04-04T06:18:31","modified_gmt":"2026-04-04T06:18:31","slug":"newest-sintered-filter-cartridge-wholesaler-for-water-purifier","status":"publish","type":"product","link":"https:\/\/lyfilter.com\/fr\/newest-sintered-filter-cartridge-wholesaler-for-water-purifier\/","title":{"rendered":"Nouvelle cartouche filtrante fritt\u00e9e Grossiste pour purificateur d'eau"},"content":{"rendered":"<p>Con\u00e7ue pour une purification propre et r\u00e9guli\u00e8re, cette nouvelle cartouche filtrante fritt\u00e9e capture les particules fines tout en maintenant un d\u00e9bit d'eau r\u00e9gulier. Sa structure durable permet une utilisation \u00e0 long terme dans les purificateurs d'eau qui n\u00e9cessitent une filtration fiable.<\/p>","protected":false},"excerpt":{"rendered":"<table>\n<thead>\n<tr>\n<th>Attribut<\/th>\n<th>Valeur<\/th>\n<th>Attribut<\/th>\n<th>Valeur<\/th>\n<\/tr>\n<\/thead>\n<tbody>\n<tr>\n<td>Industries concern\u00e9es<\/td>\n<td>Usine de fabrication, usine de produits alimentaires et de boissons, traitement de l'eau<\/td>\n<td>Service apr\u00e8s-vente<\/td>\n<td>Soutien en ligne<\/td>\n<\/tr>\n<tr>\n<td>Lieu de service local<\/td>\n<td>aucun<\/td>\n<td>Emplacement de la salle d'exposition<\/td>\n<td>aucun<\/td>\n<\/tr>\n<tr>\n<td>Lieu d'origine<\/td>\n<td>Guangdong, Chine<\/td>\n<td>Nom de la marque<\/td>\n<td>Lvyuan ou OEM\/ ODM<\/td>\n<\/tr>\n<tr>\n<td>Mat\u00e9riau<\/td>\n<td>carbone de noix de coco, carbone de noix de coco, carbone de charbon<\/td>\n<td>Poids<\/td>\n<td>personnalis\u00e9<\/td>\n<\/tr>\n<tr>\n<td>Taille<\/td>\n<td>personnalis\u00e9, personnalis\u00e9<\/td>\n<td>Puissance<\/td>\n<td>0<\/td>\n<\/tr>\n<tr>\n<td>Garantie<\/td>\n<td>Indisponible<\/td>\n<td>Mots cl\u00e9s<\/td>\n<td>cartouche rechargeable de filtre \u00e0 eau \u00e0 charbon actif<\/td>\n<\/tr>\n<tr>\n<td>Service apr\u00e8s-vente<\/td>\n<td>Soutien en ligne<\/td>\n<td>Fonctionnalit\u00e9<\/td>\n<td>\u00e9liminer les odeurs, les s\u00e9diments, les odeurs, etc.<\/td>\n<\/tr>\n<tr>\n<td>Application<\/td>\n<td>Pr\u00e9filtration<\/td>\n<td>Couleur<\/td>\n<td>Noir\/gris<\/td>\n<\/tr>\n<tr>\n<td>Type<\/td>\n<td>Pi\u00e8ces d\u00e9tach\u00e9es pour filtres \u00e0 eau<\/td>\n<td>Diam\u00e8tre<\/td>\n<td>personnalis\u00e9<\/td>\n<\/tr>\n<tr>\n<td>Taux de micron<\/td>\n<td>5\/10\/25 micron<\/td>\n<td>Capacit\u00e9 d'approvisionnement<\/td>\n<td>500 pi\u00e8ces par semaine<\/td>\n<\/tr>\n<\/tbody>\n<\/table>","protected":false},"featured_media":4200,"comment_status":"open","ping_status":"closed","template":"","meta":{"_gspb_post_css":""},"product_brand":[],"product_cat":[22],"product_tag":[1170,1505,1237,1136,1504,1506],"class_list":{"0":"post-4199","1":"product","2":"type-product","3":"status-publish","4":"has-post-thumbnail","6":"product_cat-sintered-filter-cartridge","7":"product_tag-industrial-filtration-cartridge","8":"product_tag-newest-sintered-filter","9":"product_tag-sintered-filter-cartridge","10":"product_tag-water-filter-locks","11":"product_tag-water-purifier-filter-cartridge","12":"product_tag-wholesale-water-purifier-filter","14":"first","15":"instock","16":"shipping-taxable","17":"product-type-simple"},"_links":{"self":[{"href":"https:\/\/lyfilter.com\/fr\/wp-json\/wp\/v2\/product\/4199","targetHints":{"allow":["GET"]}}],"collection":[{"href":"https:\/\/lyfilter.com\/fr\/wp-json\/wp\/v2\/product"}],"about":[{"href":"https:\/\/lyfilter.com\/fr\/wp-json\/wp\/v2\/types\/product"}],"replies":[{"embeddable":true,"href":"https:\/\/lyfilter.com\/fr\/wp-json\/wp\/v2\/comments?post=4199"}],"wp:featuredmedia":[{"embeddable":true,"href":"https:\/\/lyfilter.com\/fr\/wp-json\/wp\/v2\/media\/4200"}],"wp:attachment":[{"href":"https:\/\/lyfilter.com\/fr\/wp-json\/wp\/v2\/media?parent=4199"}],"wp:term":[{"taxonomy":"product_brand","embeddable":true,"href":"https:\/\/lyfilter.com\/fr\/wp-json\/wp\/v2\/product_brand?post=4199"},{"taxonomy":"product_cat","embeddable":true,"href":"https:\/\/lyfilter.com\/fr\/wp-json\/wp\/v2\/product_cat?post=4199"},{"taxonomy":"product_tag","embeddable":true,"href":"https:\/\/lyfilter.com\/fr\/wp-json\/wp\/v2\/product_tag?post=4199"}],"curies":[{"name":"wp","href":"https:\/\/api.w.org\/{rel}","templated":true}]}}