{"id":4182,"date":"2026-04-04T05:58:10","date_gmt":"2026-04-04T05:58:10","guid":{"rendered":"https:\/\/lyfilter.com\/"},"modified":"2026-04-04T05:58:10","modified_gmt":"2026-04-04T05:58:10","slug":"sintered-metal-filter-10000-units-month-by-lvyuan-filter","status":"publish","type":"product","link":"https:\/\/lyfilter.com\/fr\/sintered-metal-filter-10000-units-month-by-lvyuan-filter\/","title":{"rendered":"Filtre en m\u00e9tal fritt\u00e9 10000 unit\u00e9s\/mois de Lvyuan Filter"},"content":{"rendered":"<div class=\"er-fangkuang1\">\n<p>\u25c6\u25c6 Les filtres platiques poreux fritt\u00e9s de Lvyuan peuvent r\u00e9pondre aux exigences de diff\u00e9rents clients. Des formes moul\u00e9es sur mesure sont disponibles.<\/p>\n<p>PE et PEHD\u00a0<a href=\"https:\/\/lyfilter.com\/fr\/sintered-filter-cartridge.html\/\">Cartouche filtrante fritt\u00e9e<\/a>\uff1a<br \/>\nLes produits en poly\u00e9thyl\u00e8ne (PE) poreux fritt\u00e9 sont les plastiques les plus couramment utilis\u00e9s.\u00a0<a href=\"https:\/\/lyfilter.com\/fr\/products.html\/\">\u00e9l\u00e9ment filtrant<\/a>\u00a0dans le monde. Le PE poreux est un thermoplastique solide et l\u00e9ger qui pr\u00e9sente une forte r\u00e9sistance aux produits chimiques (acides et alcalins) et une large gamme de microns allant de 1 \u00e0 200um. Il existe des poly\u00e9thyl\u00e8nes de poids mol\u00e9culaire tr\u00e8s \u00e9lev\u00e9 (UHMWPE) et des poly\u00e9thyl\u00e8nes de haute densit\u00e9 (HDPE) disponibles sous forme de tubes, de feuilles, de tiges et de formes moul\u00e9es pour diff\u00e9rentes applications.<\/p>\n<p>Cartouche filtrante fritt\u00e9e en PTFE :<br \/>\nLes \u00e9l\u00e9ments filtrants en PTFE microporeux sont produits par frittage de granul\u00e9s de PTFE (polyt\u00e9trafluoro\u00e9thyl\u00e8ne) pur, aucune autre substance n'est utilis\u00e9e dans la construction. Ces \u00e9l\u00e9ments filtrants sont g\u00e9n\u00e9ralement propos\u00e9s lorsque seul le PTFE pur 100% peut \u00eatre utilis\u00e9. L'avantage du PTFE est une temp\u00e9rature maximale plus \u00e9lev\u00e9e, jusqu'\u00e0 200\u2103, et une r\u00e9sistance chimique un peu meilleure. Ces \u00e9l\u00e9ments filtrants doivent \u00eatre nettoy\u00e9s par ultrasons pour obtenir les meilleurs r\u00e9sultats.<\/p>\n<p>Cartouche filtrante fritt\u00e9e en PVDF :<br \/>\nLes produits fritt\u00e9s poreux en PVDF (polyfluorure de vinylid\u00e8ne) sont de bons choix lorsqu'ils sont expos\u00e9s \u00e0 des conditions thermiques, ultraviolettes, d'ozone et chimiques difficiles. Les produits poreux en PVDF sont extr\u00eamement durs et la taille moyenne des pores est de 25 microns. Ils peuvent fonctionner \u00e0 des temp\u00e9ratures comprises entre -62 et 149\u2103.<\/p>\n<p>Cartouche filtrante fritt\u00e9e en PA\/Nylon :<br \/>\nLe nylon, nom commercial des polyamides (PA), est un polym\u00e8re semi-cristallin contenant des groupes amine et carbonyle. Il en existe de nombreuses versions. Le Nylon\/PA pr\u00e9sente une grande solidit\u00e9 et une r\u00e9sistance thermique avec une temp\u00e9rature de ramollissement de 190\u2103. Temp\u00e9rature de travail de -40\u2103 \u00e0 121\u2103, les produits poreux PA\/Nylon fritt\u00e9s ont une tr\u00e8s grande r\u00e9sistance \u00e0 la traction, une bonne r\u00e9sistance \u00e0 l'abrasion et aux produits chimiques, et un faible coefficient de frottement.<\/p>\n<\/div>\n<div class=\"er-fangkuang1\">\n<p>\u00a0 Caract\u00e9ristiques du produit<\/p>\n<div class=\"description\">\n<ul>\n<li><span class=\"font-color\">\u25ea \u00a0\u00a0<\/span>Haute porosit\u00e9 (60%) pour assurer un plus grand d\u00e9bit par unit\u00e9 de surface ;<\/li>\n<li><span class=\"font-color\">\u25ea\u00a0 \u00a0<\/span>Surface ext\u00e9rieure lisse, les impuret\u00e9s n'adh\u00e8rent pas facilement, le lavage arri\u00e8re est facile et complet ;<\/li>\n<li><span class=\"font-color\">\u25ea\u00a0 \u00a0<\/span>Capacit\u00e9 anti-salissure : la petite taille du filtre fait que les impuret\u00e9s ne peuvent pas \u00eatre retenues dans le corps du filtre ;<\/li>\n<li><span class=\"font-color\">\u25ea\u00a0 \u00a0<\/span>R\u00e9sistance \u00e0 la corrosion par les acides forts et les alcalis, r\u00e9sistance aux solvants organiques ;<\/li>\n<li><span class=\"font-color\">\u25ea\u00a0 \u00a0<\/span>Excellentes propri\u00e9t\u00e9s m\u00e9caniques ;<\/li>\n<li><span class=\"font-color\">\u25ea\u00a0 \u00a0<\/span>Pas de rejet de particules.<\/li>\n<li><span class=\"font-color\">\u25ea\u00a0 \u00a0<\/span>Gamme de produits et vaste champ d'application<\/li>\n<\/ul>\n<\/div>\n<\/div>","protected":false},"excerpt":{"rendered":"<table>\n<thead>\n<tr>\n<th>Attribut<\/th>\n<th>Valeur<\/th>\n<th>Attribut<\/th>\n<th>Valeur<\/th>\n<\/tr>\n<\/thead>\n<tbody>\n<tr>\n<td>Dimensions de la cartouche Fiter<\/td>\n<td><\/td>\n<td>Taille normale (mm)<\/td>\n<td>31x12x1000, 31x20x1000, 38x20x1000, 38x18x1000, 38x20x1200, 38x20x1300, 38x20x150, 38x20x400, 38x20x250, 38x20x200, 38x20x180, 38x20x150, 50x20x1000, 50x31x1000, 50x38x1000, 65x31x1000, 65x38x1000, 64x44x1000, 78x62x750mm, etc.<\/td>\n<\/tr>\n<tr>\n<td>Autres dimensions<\/td>\n<td>Personnalis\u00e9 \u00e0 la demande du client.<\/td>\n<td>Mat\u00e9riaux de construction<\/td>\n<td><\/td>\n<\/tr>\n<tr>\n<td>Option de m\u00e9dia filtrant<\/td>\n<td>PE, PEHD, PTFE, PVDF, PA\/Nylon, etc.<\/td>\n<td>Type de connecteur<\/td>\n<td>Plat, Type d'insertion, Type de filetage, Aileron<\/td>\n<\/tr>\n<tr>\n<td>Embouts<\/td>\n<td>PP, M36, M30, M25, M22, M14, M12, ou selon la demande.<\/td>\n<td>Performance<\/td>\n<td><\/td>\n<\/tr>\n<tr>\n<td>Taux d'\u00e9limination<\/td>\n<td>0,3, 0,45, 1, 3, 5, 10, 20, 30, 40, 50 \u03bcm<\/td>\n<td>Temp\u00e9rature de fonctionnement maximale<\/td>\n<td>\u2266 82 \u2103<\/td>\n<\/tr>\n<tr>\n<td>Pression de fonctionnement maximale<\/td>\n<td>6,0bar<\/td>\n<td><\/td>\n<td><\/td>\n<\/tr>\n<\/tbody>\n<\/table>","protected":false},"featured_media":4183,"comment_status":"open","ping_status":"closed","template":"","meta":{"_gspb_post_css":""},"product_brand":[],"product_cat":[22],"product_tag":[1378,1346,1491,1492,1136,1493],"class_list":{"0":"post-4182","1":"product","2":"type-product","3":"status-publish","4":"has-post-thumbnail","6":"product_cat-sintered-filter-cartridge","7":"product_tag-factory-supply-water-filter","8":"product_tag-industrial-sintered-filter","9":"product_tag-lvyuan-sintered-metal-filter","10":"product_tag-sintered-metal-water-filter","11":"product_tag-water-filter-locks","12":"product_tag-water-purification-metal-filter","14":"first","15":"instock","16":"shipping-taxable","17":"product-type-simple"},"_links":{"self":[{"href":"https:\/\/lyfilter.com\/fr\/wp-json\/wp\/v2\/product\/4182","targetHints":{"allow":["GET"]}}],"collection":[{"href":"https:\/\/lyfilter.com\/fr\/wp-json\/wp\/v2\/product"}],"about":[{"href":"https:\/\/lyfilter.com\/fr\/wp-json\/wp\/v2\/types\/product"}],"replies":[{"embeddable":true,"href":"https:\/\/lyfilter.com\/fr\/wp-json\/wp\/v2\/comments?post=4182"}],"wp:featuredmedia":[{"embeddable":true,"href":"https:\/\/lyfilter.com\/fr\/wp-json\/wp\/v2\/media\/4183"}],"wp:attachment":[{"href":"https:\/\/lyfilter.com\/fr\/wp-json\/wp\/v2\/media?parent=4182"}],"wp:term":[{"taxonomy":"product_brand","embeddable":true,"href":"https:\/\/lyfilter.com\/fr\/wp-json\/wp\/v2\/product_brand?post=4182"},{"taxonomy":"product_cat","embeddable":true,"href":"https:\/\/lyfilter.com\/fr\/wp-json\/wp\/v2\/product_cat?post=4182"},{"taxonomy":"product_tag","embeddable":true,"href":"https:\/\/lyfilter.com\/fr\/wp-json\/wp\/v2\/product_tag?post=4182"}],"curies":[{"name":"wp","href":"https:\/\/api.w.org\/{rel}","templated":true}]}}