{"id":4167,"date":"2026-04-04T03:32:47","date_gmt":"2026-04-04T03:32:47","guid":{"rendered":"https:\/\/lyfilter.com\/"},"modified":"2026-04-04T03:32:47","modified_gmt":"2026-04-04T03:32:47","slug":"oem-odm-bag-filter-housing-stainless-with-custom-services-for-beverage-industry","status":"publish","type":"product","link":"https:\/\/lyfilter.com\/fr\/oem-odm-bag-filter-housing-stainless-with-custom-services-for-beverage-industry\/","title":{"rendered":"Bo\u00eetier de filtre \u00e0 poche en acier inoxydable OEM et ODM avec services personnalis\u00e9s pour l'industrie des boissons"},"content":{"rendered":"<h3 class=\"do-entry-title\">Emballage et livraison<\/h3>\n<p><b>Aper\u00e7u du produit<\/b><\/p>\n<p>Le bo\u00eetier de filtre \u00e0 poches inoxydable est un produit tr\u00e8s comp\u00e9titif sur le march\u00e9. Compar\u00e9 \u00e0 d'autres produits de la m\u00eame cat\u00e9gorie, il pr\u00e9sente des avantages tels qu'un film plaqu\u00e9 de haute qualit\u00e9, un cycle de travail court et une productivit\u00e9 \u00e9lev\u00e9e.\u00a0<a href=\"https:\/\/lyfilter.com\/fr\/\">Filtre Lvyuan<\/a>\u00a0Le bo\u00eetier de filtre \u00e0 poche en acier inoxydable est fabriqu\u00e9 par une \u00e9quipe d'experts qualifi\u00e9s qui travaillent avec d\u00e9termination. Compar\u00e9 \u00e0 des produits similaires, ce produit a des performances sup\u00e9rieures et une longue dur\u00e9e de vie. Le bo\u00eetier de filtre \u00e0 poche en acier inoxydable est largement utilis\u00e9 dans les industries et convient \u00e0 la d\u00e9coupe et au traitement en profondeur de tous les types de tubes m\u00e9talliques. Guangzhou Lvyuan Water Purification Equipment Co. consid\u00e8re la qualit\u00e9 comme sa vie et met en place un syst\u00e8me d'assurance qualit\u00e9 parfait.<\/p>\n<p>&nbsp;<\/p>\n<p><b>Informations sur le produit<\/b><\/p>\n<p>La qualit\u00e9 globale des bo\u00eetiers de filtres \u00e0 manches en acier inoxydable a \u00e9t\u00e9 grandement am\u00e9lior\u00e9e gr\u00e2ce \u00e0 l'optimisation des d\u00e9tails suivants.<\/p>\n<div class=\"do-entry-list\">\n<dl class=\"do-entry-item\">\n<dt class=\"do-entry-item-key\">Unit\u00e9s de vente :<\/dt>\n<dd class=\"do-entry-item-val\">Article unique<\/dd>\n<\/dl>\n<dl class=\"do-entry-item\">\n<dt class=\"do-entry-item-key\" title=\"Taille de l&#039;emballage unique :\">Taille de l'emballage unique :<\/dt>\n<dd class=\"do-entry-item-val\">100X40X40 cm<\/dd>\n<\/dl>\n<dl class=\"do-entry-item\">\n<dt class=\"do-entry-item-key\" title=\"Poids brut unique :\">Poids brut unique :<\/dt>\n<dd class=\"do-entry-item-val\">24.000 kg<\/dd>\n<\/dl>\n<dl class=\"do-entry-item\">\n<dt class=\"do-entry-item-key\" title=\"D\u00e9lai d&#039;ex\u00e9cution\">D\u00e9lai d'ex\u00e9cution\u00a0<i class=\"next-icon next-icon-help next-icon-xs js-leadtimes-tips\"><\/i>:<\/dt>\n<dd class=\"do-entry-item-val\" title=\"D\u00e9lai d&#039;ex\u00e9cution\">\n<div class=\"table-responsive\">\n<table class=\"supply-ability-table ui2-table ui2-table-normal ui2-table-zebra ui2-table-hover\">\n<tbody>\n<tr>\n<td>Quantit\u00e9 (pi\u00e8ces)<\/td>\n<td>1 - 500<\/td>\n<td>&gt;500<\/td>\n<\/tr>\n<tr>\n<td>Est. Temps (jours)<\/td>\n<td>7<\/td>\n<td>A n\u00e9gocier<\/td>\n<\/tr>\n<\/tbody>\n<\/table>\n<\/div>\n<\/dd>\n<\/dl>\n<\/div>","protected":false},"excerpt":{"rendered":"<table>\n<thead>\n<tr>\n<th>Attribut<\/th>\n<th>Valeur<\/th>\n<th>Attribut<\/th>\n<th>Valeur<\/th>\n<\/tr>\n<\/thead>\n<tbody>\n<tr>\n<td>Industries concern\u00e9es<\/td>\n<td>Usine de fabrication, usine de produits alimentaires et de boissons, traitement de l'eau<\/td>\n<td>Lieu d'origine<\/td>\n<td>Guangdong, Chine<\/td>\n<\/tr>\n<tr>\n<td>Nom de la marque<\/td>\n<td>Lvyuan, OEM, ODM<\/td>\n<td>Mat\u00e9riau<\/td>\n<td>acier inoxydable 304\/316<\/td>\n<\/tr>\n<tr>\n<td>Poids<\/td>\n<td>personnalis\u00e9<\/td>\n<td>Taille<\/td>\n<td>personnalis\u00e9<\/td>\n<\/tr>\n<tr>\n<td>Puissance<\/td>\n<td>0<\/td>\n<td>Garantie<\/td>\n<td>1 an<\/td>\n<\/tr>\n<tr>\n<td>Service apr\u00e8s-vente<\/td>\n<td>Soutien en ligne<\/td>\n<td>Fonctionnalit\u00e9<\/td>\n<td>Bonne \u00e9tanch\u00e9it\u00e9<\/td>\n<\/tr>\n<tr>\n<td>Taille de la poche filtrante<\/td>\n<td>180*450mm<\/td>\n<td>Certification<\/td>\n<td>SGS<\/td>\n<\/tr>\n<tr>\n<td>mat\u00e9riel<\/td>\n<td>sus304<\/td>\n<td>Utilisation<\/td>\n<td>filtration de l'eau<\/td>\n<\/tr>\n<tr>\n<td>Application<\/td>\n<td>l'industrie<\/td>\n<td>surface<\/td>\n<td>poli\/miroir<\/td>\n<\/tr>\n<tr>\n<td>Mod\u00e8le<\/td>\n<td>BFH<\/td>\n<td>Mati\u00e8res premi\u00e8res<\/td>\n<td>acier inoxydable<\/td>\n<\/tr>\n<tr>\n<td>Pression de service<\/td>\n<td>150Psi<\/td>\n<td><\/td>\n<td><\/td>\n<\/tr>\n<\/tbody>\n<\/table>","protected":false},"featured_media":4173,"comment_status":"open","ping_status":"closed","template":"","meta":{"_gspb_post_css":""},"product_brand":[],"product_cat":[1135],"product_tag":[1480,1482,1481,1479,1483,1136],"class_list":{"0":"post-4167","1":"product","2":"type-product","3":"status-publish","4":"has-post-thumbnail","6":"product_cat-stainless-steel-bag-filter-housing","7":"product_tag-beverage-industry-filter-housing","8":"product_tag-custom-bag-filter-housing","9":"product_tag-oem-odm-filter-housing","10":"product_tag-stainless-bag-filter-housing","11":"product_tag-stainless-beverage-filtration","12":"product_tag-water-filter-locks","14":"first","15":"instock","16":"shipping-taxable","17":"product-type-simple"},"_links":{"self":[{"href":"https:\/\/lyfilter.com\/fr\/wp-json\/wp\/v2\/product\/4167","targetHints":{"allow":["GET"]}}],"collection":[{"href":"https:\/\/lyfilter.com\/fr\/wp-json\/wp\/v2\/product"}],"about":[{"href":"https:\/\/lyfilter.com\/fr\/wp-json\/wp\/v2\/types\/product"}],"replies":[{"embeddable":true,"href":"https:\/\/lyfilter.com\/fr\/wp-json\/wp\/v2\/comments?post=4167"}],"wp:featuredmedia":[{"embeddable":true,"href":"https:\/\/lyfilter.com\/fr\/wp-json\/wp\/v2\/media\/4173"}],"wp:attachment":[{"href":"https:\/\/lyfilter.com\/fr\/wp-json\/wp\/v2\/media?parent=4167"}],"wp:term":[{"taxonomy":"product_brand","embeddable":true,"href":"https:\/\/lyfilter.com\/fr\/wp-json\/wp\/v2\/product_brand?post=4167"},{"taxonomy":"product_cat","embeddable":true,"href":"https:\/\/lyfilter.com\/fr\/wp-json\/wp\/v2\/product_cat?post=4167"},{"taxonomy":"product_tag","embeddable":true,"href":"https:\/\/lyfilter.com\/fr\/wp-json\/wp\/v2\/product_tag?post=4167"}],"curies":[{"name":"wp","href":"https:\/\/api.w.org\/{rel}","templated":true}]}}